{"id":3984,"date":"2023-01-26T15:13:17","date_gmt":"2023-01-26T12:13:17","guid":{"rendered":"https:\/\/imasklima.com.tr\/ru\/?page_id=3984"},"modified":"2023-06-02T11:35:01","modified_gmt":"2023-06-02T08:35:01","slug":"%d0%b8%d0%bd%d0%bd%d0%be%d0%b2%d0%b0%d1%86%d0%b8%d1%8f","status":"publish","type":"page","link":"https:\/\/imasklima.com.tr\/ru\/%d0%b8%d0%bd%d0%bd%d0%be%d0%b2%d0%b0%d1%86%d0%b8%d1%8f\/","title":{"rendered":"\u0418\u043d\u043d\u043e\u0432\u0430\u0446\u0438\u044f"},"content":{"rendered":"<div id='urunler' aria-label='urunler' class='avia-section av-4l9sw0-3c7c759d89743a8427c024f152241116 main_color avia-section-default avia-no-border-styling  avia-builder-el-0  avia-builder-el-no-sibling  urunler urunler avia-bg-style-scroll container_wrap fullsize'  ><div class='container av-section-cont-open' ><main  role=\"main\" itemprop=\"mainContentOfPage\"  class='template-page content  av-content-full alpha units'><div class='post-entry post-entry-type-page post-entry-3984'><div class='entry-content-wrapper clearfix'>\n\n<style type=\"text\/css\" data-created_by=\"avia_inline_auto\" id=\"style-css-av-8c5jk-e716dfd32297a90ead2be59d180ba7df\">\n.flex_column.av-8c5jk-e716dfd32297a90ead2be59d180ba7df{\nwidth:100%;\n}\n<\/style>\n<div class='flex_column av-8c5jk-e716dfd32297a90ead2be59d180ba7df av_one_full  avia-builder-el-1  avia-builder-el-no-sibling  cevre cevre first flex_column_div '     id=\"cevre\"   aria-label='cevre' ><p>\n<style type=\"text\/css\" data-created_by=\"avia_inline_auto\" id=\"style-css-av-ldd239uc-32064b4cf8e90282ac616341d04c5ac7\">\n#top .av-special-heading.av-ldd239uc-32064b4cf8e90282ac616341d04c5ac7{\npadding-bottom:10px;\n}\nbody .av-special-heading.av-ldd239uc-32064b4cf8e90282ac616341d04c5ac7 .av-special-heading-tag .heading-char{\nfont-size:25px;\n}\n.av-special-heading.av-ldd239uc-32064b4cf8e90282ac616341d04c5ac7 .av-subheading{\nfont-size:15px;\n}\n<\/style>\n<div  id=\"baslik\"  class='av-special-heading av-ldd239uc-32064b4cf8e90282ac616341d04c5ac7 av-special-heading-h3 blockquote modern-quote modern-centered  avia-builder-el-2  el_before_av_textblock  avia-builder-el-first  baslik baslik'><div class='av-subheading av-subheading_above'><p>\u0130MAS \u0130KL\u0130MLEND\u0130RME<\/p>\n<\/div><h3 class='av-special-heading-tag'  itemprop=\"headline\"  >\u0418\u043d\u043d\u043e\u0432\u0430\u0446\u0438\u044f<\/h3><div class=\"special-heading-border\"><div class=\"special-heading-inner-border\"><\/div><\/div><\/div><br \/>\n<section  class='av_textblock_section av-ldd23gf7-0e8c83d7ed63a1f2efb6a5e48a5970f5'  itemscope=\"itemscope\" itemtype=\"https:\/\/schema.org\/CreativeWork\" ><div class='avia_textblock'  itemprop=\"text\" ><p>\u0412 \u043e\u0431\u043b\u0430\u0441\u0442\u0438 \u043e\u0445\u043b\u0430\u0436\u0434\u0435\u043d\u0438\u044f, \u043a\u043e\u043d\u0434\u0438\u0446\u0438\u043e\u043d\u0438\u0440\u043e\u0432\u0430\u043d\u0438\u044f \u0438 \u0432\u0435\u043d\u0442\u0438\u043b\u044f\u0446\u0438\u0438 \u043d\u0435\u043e\u0431\u0445\u043e\u0434\u0438\u043c\u043e \u043f\u0440\u0438\u043c\u0435\u043d\u044f\u0442\u044c \u044d\u043a\u043e\u043d\u043e\u043c\u0438\u0447\u043d\u044b\u0435 \u0438 \u044d\u0444\u0444\u0435\u043a\u0442\u0438\u0432\u043d\u044b\u0435 \u043c\u0435\u0442\u043e\u0434\u044b \u0434\u043b\u044f \u0440\u0435\u0433\u0443\u043b\u0438\u0440\u043e\u0432\u0430\u043d\u0438\u044f \u043a\u043b\u0438\u043c\u0430\u0442\u0430 \u0432 \u0440\u0430\u0437\u043b\u0438\u0447\u043d\u044b\u0445 \u0441\u0440\u0435\u0434\u0430\u0445, \u043a\u043e\u0442\u043e\u0440\u044b\u0435 \u043c\u043e\u0433\u0443\u0442 \u043f\u043e\u043c\u043e\u0447\u044c \u0443\u043b\u0443\u0447\u0448\u0438\u0442\u044c \u0443\u0441\u043b\u043e\u0432\u0438\u044f \u043e\u043a\u0440\u0443\u0436\u0430\u044e\u0449\u0435\u0439 \u0441\u0440\u0435\u0434\u044b, \u0430 \u0442\u0430\u043a\u0436\u0435 \u043f\u043e\u0432\u0441\u0435\u0434\u043d\u0435\u0432\u043d\u0443\u044e \u0436\u0438\u0437\u043d\u044c \u043b\u044e\u0434\u0435\u0439, \u0438\u0441\u043f\u043e\u043b\u044c\u0437\u0443\u044e\u0449\u0438\u0445 \u044d\u0442\u0438 \u043f\u043e\u043c\u0435\u0449\u0435\u043d\u0438\u044f.<\/p>\n<p>\u041c\u044b \u0440\u0430\u0437\u0432\u0438\u0432\u0430\u0435\u043c \u044d\u043a\u043e\u043b\u043e\u0433\u0438\u0447\u0435\u0441\u043a\u0438\u0435 \u043f\u043e\u0442\u0440\u0435\u0431\u043d\u043e\u0441\u0442\u0438 \u0441 \u043f\u043e\u043c\u043e\u0449\u044c\u044e \u043d\u0430\u0448\u0435\u0439 \u0438\u043d\u043d\u043e\u0432\u0430\u0446\u0438\u043e\u043d\u043d\u043e\u0439 \u0438 \u044d\u043a\u0441\u043f\u0435\u0440\u0442\u043d\u043e\u0439 \u043a\u043e\u043c\u0430\u043d\u0434\u044b \u0441 \u043d\u0430\u0448\u0438\u043c \u043f\u043e\u0434\u0445\u043e\u0434\u043e\u043c, \u043e\u0440\u0438\u0435\u043d\u0442\u0438\u0440\u043e\u0432\u0430\u043d\u043d\u044b\u043c \u043d\u0430 \u0440\u0435\u0437\u0443\u043b\u044c\u0442\u0430\u0442, \u0432 \u0432\u044b\u043f\u043e\u043b\u043d\u0435\u043d\u0438\u0438 \u0440\u0435\u0448\u0435\u043d\u0438\u0439, \u043f\u043e\u0434\u0445\u043e\u0434\u044f\u0449\u0438\u0445 \u0434\u043b\u044f \u043e\u0440\u0433\u0430\u043d\u0438\u0437\u0430\u0446\u0438\u043e\u043d\u043d\u043e\u0439 \u0441\u0442\u0440\u0443\u043a\u0442\u0443\u0440\u044b, \u0441\u043f\u0440\u043e\u0435\u043a\u0442\u0438\u0440\u043e\u0432\u0430\u043d\u043d\u043e\u0439 \u0432 \u0437\u0434\u0430\u043d\u0438\u044f\u0445. \u041c\u044b \u043e\u0431\u0435\u0441\u043f\u0435\u0447\u0438\u0432\u0430\u0435\u043c \u0443\u043d\u0438\u043a\u0430\u043b\u044c\u043d\u044b\u0439 \u043a\u043e\u043c\u0444\u043e\u0440\u0442, \u0431\u0435\u0437\u043e\u043f\u0430\u0441\u043d\u043e\u0441\u0442\u044c \u0438 \u044d\u0444\u0444\u0435\u043a\u0442\u0438\u0432\u043d\u043e\u0441\u0442\u044c, \u043e\u0442\u0432\u0435\u0447\u0430\u044f \u043d\u0430 \u0442\u0440\u0435\u0431\u043e\u0432\u0430\u043d\u0438\u044f \u0437\u0430\u043a\u0430\u0437\u0447\u0438\u043a\u0430 \u0438 \u043e\u0436\u0438\u0434\u0430\u0435\u043c\u044b\u0435 \u043f\u043e\u0442\u0440\u0435\u0431\u043d\u043e\u0441\u0442\u0438, \u043e\u0441\u043e\u0431\u0435\u043d\u043d\u043e \u0432 \u0441\u0438\u0441\u0442\u0435\u043c\u0430\u0445 \u0434\u043b\u044f \u0438\u0441\u043f\u043e\u043b\u044c\u0437\u043e\u0432\u0430\u043d\u0438\u044f \u043d\u0430 \u043f\u0440\u043e\u043c\u044b\u0448\u043b\u0435\u043d\u043d\u044b\u0445 \u043f\u0440\u0435\u0434\u043f\u0440\u0438\u044f\u0442\u0438\u044f\u0445 \u0438 \u0432 \u043f\u0440\u043e\u0438\u0437\u0432\u043e\u0434\u0441\u0442\u0432\u0435\u043d\u043d\u044b\u0445 \u043f\u0440\u043e\u0446\u0435\u0441\u0441\u0430\u0445.<\/p>\n<p>\u041c\u044b \u0440\u0430\u0437\u0440\u0430\u0431\u0430\u0442\u044b\u0432\u0430\u0435\u043c \u0440\u0430\u0437\u043b\u0438\u0447\u043d\u044b\u0435 \u043f\u0440\u043e\u0434\u0443\u043a\u0442\u044b \u0441 \u0438\u0441\u043f\u043e\u043b\u044c\u0437\u043e\u0432\u0430\u043d\u0438\u0435\u043c \u043a\u043e\u043c\u043f\u044c\u044e\u0442\u0435\u0440\u043d\u043e\u0433\u043e 2D \u0438 3D \u043c\u043e\u0434\u0435\u043b\u0438\u0440\u043e\u0432\u0430\u043d\u0438\u044f \u0441 \u043f\u043e\u043c\u043e\u0449\u044c\u044e \u043d\u0430\u0448\u0435\u0439 \u043a\u043e\u043c\u0430\u043d\u0434\u044b, \u043e\u0431\u043b\u0430\u0434\u0430\u044e\u0449\u0435\u0439 \u0438\u043d\u043d\u043e\u0432\u0430\u0446\u0438\u043e\u043d\u043d\u043e\u0439 \u043a\u043e\u043c\u043f\u0435\u0442\u0435\u043d\u0446\u0438\u0435\u0439 \u0432 \u043f\u0440\u043e\u0435\u043a\u0442\u0438\u0440\u043e\u0432\u0430\u043d\u0438\u0438 \u043d\u043e\u0432\u044b\u0445 \u043f\u0440\u043e\u0434\u0443\u043a\u0442\u043e\u0432. \u041a\u0440\u043e\u043c\u0435 \u0442\u043e\u0433\u043e, \u043c\u044b \u044f\u0432\u043b\u044f\u0435\u043c\u0441\u044f \u043f\u0430\u0440\u0442\u043d\u0435\u0440\u043e\u043c \u0432 \u0440\u0430\u0437\u0432\u0438\u0442\u0438\u0438 \u0438 \u0438\u0437\u043c\u0435\u043d\u0435\u043d\u0438\u044f\u0445 \u0432 \u043f\u0440\u043e\u043c\u044b\u0448\u043b\u0435\u043d\u043d\u043e\u0439 \u0441\u0444\u0435\u0440\u0435 \u0431\u043b\u0430\u0433\u043e\u0434\u0430\u0440\u044f \u043f\u0440\u043e\u0435\u043a\u0442\u0443 \u041d\u0418\u041e\u041a\u0420, \u043a\u043e\u0442\u043e\u0440\u044b\u0439 \u043c\u044b \u043e\u0441\u0443\u0449\u0435\u0441\u0442\u0432\u043b\u044f\u0435\u043c \u0432 \u043e\u0431\u043b\u0430\u0441\u0442\u0438 \u0433\u0440\u0430\u0434\u0438\u0440\u0435\u043d, \u0438 \u0438\u0441\u043f\u044b\u0442\u0430\u0442\u0435\u043b\u044c\u043d\u043e\u043c\u0443 \u0446\u0435\u043d\u0442\u0440\u0443, \u043a\u043e\u0442\u043e\u0440\u044b\u0439 \u043c\u044b \u0441\u043e\u0437\u0434\u0430\u043b\u0438 \u0434\u043b\u044f \u044d\u0442\u043e\u0439 \u0446\u0435\u043b\u0438.<\/p>\n<p>\u041a\u0430\u043a \u0130MAS, \u043c\u044b \u043f\u0440\u043e\u0438\u0437\u0432\u043e\u0434\u0438\u043c \u0438\u043d\u043d\u043e\u0432\u0430\u0446\u0438\u043e\u043d\u043d\u044b\u0435, \u043d\u0435\u0434\u043e\u0440\u043e\u0433\u0438\u0435 \u0441\u0438\u0441\u0442\u0435\u043c\u044b \u043e\u0445\u043b\u0430\u0436\u0434\u0435\u043d\u0438\u044f, \u043a\u043e\u043d\u0434\u0438\u0446\u0438\u043e\u043d\u0438\u0440\u043e\u0432\u0430\u043d\u0438\u044f \u0438 \u0432\u0435\u043d\u0442\u0438\u043b\u044f\u0446\u0438\u0438, \u0430 \u0442\u0430\u043a\u0436\u0435 \u043f\u0440\u043e\u0432\u043e\u0434\u0438\u043c \u0438\u0441\u0441\u043b\u0435\u0434\u043e\u0432\u0430\u043d\u0438\u044f \u043f\u043e \u044d\u043d\u0435\u0440\u0433\u043e\u044d\u0444\u0444\u0435\u043a\u0442\u0438\u0432\u043d\u043e\u0441\u0442\u0438 \u0432 \u043f\u0440\u043e\u043c\u044b\u0448\u043b\u0435\u043d\u043d\u044b\u0445 \u043f\u0440\u043e\u0438\u0437\u0432\u043e\u0434\u0441\u0442\u0432\u0435\u043d\u043d\u044b\u0445 \u043f\u0440\u043e\u0446\u0435\u0441\u0441\u0430\u0445. \u0411\u043b\u0430\u0433\u043e\u0434\u0430\u0440\u044f \u043d\u0430\u0448\u0435\u0439 \u043e\u0440\u0433\u0430\u043d\u0438\u0437\u0430\u0446\u0438\u043e\u043d\u043d\u043e\u0439 \u0441\u0442\u0440\u0443\u043a\u0442\u0443\u0440\u0435, \u043e\u0440\u0438\u0435\u043d\u0442\u0438\u0440\u043e\u0432\u0430\u043d\u043d\u043e\u0439 \u043d\u0430 \u0440\u0435\u0448\u0435\u043d\u0438\u0435 \u043f\u0440\u043e\u0431\u043b\u0435\u043c, \u043c\u044b \u0440\u0430\u0437\u0440\u0430\u0431\u0430\u0442\u044b\u0432\u0430\u0435\u043c \u043d\u043e\u0432\u044b\u0435 \u043f\u0440\u043e\u0434\u0443\u043a\u0442\u044b \u0438 \u0443\u0441\u043b\u0443\u0433\u0438 \u0432 \u0445\u043e\u0434\u0435 \u0435\u0441\u0442\u0435\u0441\u0442\u0432\u0435\u043d\u043d\u043e\u0433\u043e \u043f\u0440\u043e\u0446\u0435\u0441\u0441\u0430, \u0430 \u0437\u0430\u0442\u0435\u043c \u043f\u043e\u0434\u0434\u0435\u0440\u0436\u0438\u0432\u0430\u0435\u043c \u043f\u0440\u043e\u0447\u043d\u044b\u0435 \u043e\u0442\u043d\u043e\u0448\u0435\u043d\u0438\u044f \u0441 \u043a\u043b\u0438\u0435\u043d\u0442\u0430\u043c\u0438 \u0432\u043f\u043b\u043e\u0442\u044c \u0434\u043e \u0432\u044b\u043f\u043e\u043b\u043d\u0435\u043d\u0438\u044f \u0442\u0440\u0435\u0431\u043e\u0432\u0430\u043d\u0438\u0439 \u043f\u043e\u0441\u043b\u0435 \u043f\u0440\u043e\u0434\u0430\u0436\u0438.<\/p>\n<\/div><\/section><\/p><\/div>\n","protected":false},"excerpt":{"rendered":"","protected":false},"author":1,"featured_media":0,"parent":0,"menu_order":0,"comment_status":"closed","ping_status":"closed","template":"","meta":{"footnotes":""},"class_list":["post-3984","page","type-page","status-publish","hentry"],"_links":{"self":[{"href":"https:\/\/imasklima.com.tr\/ru\/wp-json\/wp\/v2\/pages\/3984","targetHints":{"allow":["GET"]}}],"collection":[{"href":"https:\/\/imasklima.com.tr\/ru\/wp-json\/wp\/v2\/pages"}],"about":[{"href":"https:\/\/imasklima.com.tr\/ru\/wp-json\/wp\/v2\/types\/page"}],"author":[{"embeddable":true,"href":"https:\/\/imasklima.com.tr\/ru\/wp-json\/wp\/v2\/users\/1"}],"replies":[{"embeddable":true,"href":"https:\/\/imasklima.com.tr\/ru\/wp-json\/wp\/v2\/comments?post=3984"}],"version-history":[{"count":3,"href":"https:\/\/imasklima.com.tr\/ru\/wp-json\/wp\/v2\/pages\/3984\/revisions"}],"predecessor-version":[{"id":4299,"href":"https:\/\/imasklima.com.tr\/ru\/wp-json\/wp\/v2\/pages\/3984\/revisions\/4299"}],"wp:attachment":[{"href":"https:\/\/imasklima.com.tr\/ru\/wp-json\/wp\/v2\/media?parent=3984"}],"curies":[{"name":"wp","href":"https:\/\/api.w.org\/{rel}","templated":true}]}}