{"id":3975,"date":"2023-01-26T15:07:43","date_gmt":"2023-01-26T12:07:43","guid":{"rendered":"https:\/\/imasklima.com.tr\/ru\/?page_id=3975"},"modified":"2023-06-05T11:21:50","modified_gmt":"2023-06-05T08:21:50","slug":"%d0%bf%d1%80%d0%be%d0%b8%d0%b7%d0%b2%d0%be%d0%b4%d1%81%d1%82%d0%b2%d0%be","status":"publish","type":"page","link":"https:\/\/imasklima.com.tr\/ru\/%d0%bf%d1%80%d0%be%d0%b8%d0%b7%d0%b2%d0%be%d0%b4%d1%81%d1%82%d0%b2%d0%be\/","title":{"rendered":"\u041f\u0440\u043e\u0438\u0437\u0432\u043e\u0434\u0441\u0442\u0432\u043e"},"content":{"rendered":"<div id='urunler' aria-label='urunler' class='avia-section av-va22cn-024abd41650f8939f2d400e48abb7050 main_color avia-section-default avia-no-border-styling  avia-builder-el-0  avia-builder-el-no-sibling  urunler urunler avia-bg-style-scroll container_wrap fullsize'  ><div class='container av-section-cont-open' ><main  role=\"main\" itemprop=\"mainContentOfPage\"  class='template-page content  av-content-full alpha units'><div class='post-entry post-entry-type-page post-entry-3975'><div class='entry-content-wrapper clearfix'>\n\n<style type=\"text\/css\" data-created_by=\"avia_inline_auto\" id=\"style-css-av-shx647-390839f747583c11eaa3a6c132118253\">\n#top .av-special-heading.av-shx647-390839f747583c11eaa3a6c132118253{\npadding-bottom:10px;\n}\nbody .av-special-heading.av-shx647-390839f747583c11eaa3a6c132118253 .av-special-heading-tag .heading-char{\nfont-size:25px;\n}\n.av-special-heading.av-shx647-390839f747583c11eaa3a6c132118253 .av-subheading{\nfont-size:15px;\n}\n<\/style>\n<div  id=\"satissonrasiservis\"  class='av-special-heading av-shx647-390839f747583c11eaa3a6c132118253 av-special-heading-h3 blockquote modern-quote modern-centered  avia-builder-el-1  el_before_av_one_half  avia-builder-el-first  baslik baslik'><div class='av-subheading av-subheading_above'><p>\u0130MAS \u0130KL\u0130MLEND\u0130RME<\/p>\n<\/div><h3 class='av-special-heading-tag'  itemprop=\"headline\"  >\u041f\u0440\u043e\u0438\u0437\u0432\u043e\u0434\u0441\u0442\u0432\u043e<\/h3><div class=\"special-heading-border\"><div class=\"special-heading-inner-border\"><\/div><\/div><\/div>\n<div class='flex_column_table av-rdt73b-0bf9014740ca202819a9b4e6faa04871 sc-av_one_half av-equal-height-column-flextable'>\n<style type=\"text\/css\" data-created_by=\"avia_inline_auto\" id=\"style-css-av-rdt73b-0bf9014740ca202819a9b4e6faa04871\">\n#top .flex_column_table.av-equal-height-column-flextable.av-rdt73b-0bf9014740ca202819a9b4e6faa04871{\nmargin-top:3%;\n}\n.flex_column.av-rdt73b-0bf9014740ca202819a9b4e6faa04871{\nwidth:48.5%;\nmargin-left:0;\n}\n#top .flex_column_table.av-equal-height-column-flextable.av-rdt73b-0bf9014740ca202819a9b4e6faa04871 .av-flex-placeholder{\nwidth:3%;\n}\n<\/style>\n<div class='flex_column av-rdt73b-0bf9014740ca202819a9b4e6faa04871 av_one_half  avia-builder-el-2  el_after_av_heading  el_before_av_one_half  kutu2 kutu2 first flex_column_table_cell av-equal-height-column av-align-top avia-link-column av-column-link '    data-link-column-url=\"https:\/\/imasklima.com.tr\/ru\/%d0%b8%d0%bd%d0%bd%d0%be%d0%b2%d0%b0%d1%86%d0%b8%d1%8f\/\"   id=\"kutu2\"  ><a class=\"av-screen-reader-only\" href=https:\/\/imasklima.com.tr\/ru\/%d0%b8%d0%bd%d0%bd%d0%be%d0%b2%d0%b0%d1%86%d0%b8%d1%8f\/ >Link to: \u0418\u043d\u043d\u043e\u0432\u0430\u0446\u0438\u044f<\/a><p><article  id=\"amoraikon\"  class='iconbox iconbox_left_content av-qenrjb-d7e0d51d5c7116323e4ace041080d989  avia-builder-el-3  el_before_av_codeblock  avia-builder-el-first  amoraikon amoraikon'  itemscope=\"itemscope\" itemtype=\"https:\/\/schema.org\/CreativeWork\" ><div class=\"iconbox_icon heading-color\" aria-hidden='true' data-av_icon='\ue912' data-av_iconfont='entypo-fontello'><\/div><div class=\"iconbox_content\"><header class=\"entry-content-header\"><h3 class='iconbox_content_title '  itemprop=\"headline\" >\u0130novasyon<\/h3><\/header><div class='iconbox_content_container '  itemprop=\"text\" ><p>\u0412 \u043e\u0431\u043b\u0430\u0441\u0442\u0438 \u043e\u0445\u043b\u0430\u0436\u0434\u0435\u043d\u0438\u044f, \u043a\u043e\u043d\u0434\u0438\u0446\u0438\u043e\u043d\u0438\u0440\u043e\u0432\u0430\u043d\u0438\u044f \u0438 \u0432\u0435\u043d\u0442\u0438\u043b\u044f\u0446\u0438\u0438 \u043d\u0435\u043e\u0431\u0445\u043e\u0434\u0438\u043c\u043e \u043f\u0440\u0438\u043c\u0435\u043d\u044f\u0442\u044c \u044d\u043a\u043e\u043d\u043e\u043c\u0438\u0447\u043d\u044b\u0435 \u0438 \u044d\u0444\u0444\u0435\u043a\u0442\u0438\u0432\u043d\u044b\u0435 \u043c\u0435\u0442\u043e\u0434\u044b \u0434\u043b\u044f \u0440\u0435\u0433\u0443\u043b\u0438\u0440\u043e\u0432\u0430\u043d\u0438\u044f \u043a\u043b\u0438\u043c\u0430\u0442\u0430 \u0432 \u0440\u0430\u0437\u043b\u0438\u0447\u043d\u044b\u0445 \u0441\u0440\u0435\u0434\u0430\u0445, \u043a\u043e\u0442\u043e\u0440\u044b\u0435 \u043c\u043e\u0433\u0443\u0442 \u043f\u043e\u043c\u043e\u0447\u044c \u0443\u043b\u0443\u0447\u0448\u0438\u0442\u044c \u0443\u0441\u043b\u043e\u0432\u0438\u044f \u043e\u043a\u0440\u0443\u0436\u0430\u044e\u0449\u0435\u0439 \u0441\u0440\u0435\u0434\u044b, \u0430 \u0442\u0430\u043a\u0436\u0435 \u043f\u043e\u0432\u0441\u0435\u0434\u043d\u0435\u0432\u043d\u0443\u044e \u0436\u0438\u0437\u043d\u044c \u043b\u044e\u0434\u0435\u0439, \u0438\u0441\u043f\u043e\u043b\u044c\u0437\u0443\u044e\u0449\u0438\u0445 \u044d\u0442\u0438 \u043f\u043e\u043c\u0435\u0449\u0435\u043d\u0438\u044f.<\/p>\n<\/div><\/div><footer class=\"entry-footer\"><\/footer><\/article><br \/>\n<\/p><\/div><div class='av-flex-placeholder'><\/div>\n<style type=\"text\/css\" data-created_by=\"avia_inline_auto\" id=\"style-css-av-mw5kx3-d3300e65b6b4fcea18f61b533af9a186\">\n#top .flex_column_table.av-equal-height-column-flextable.av-mw5kx3-d3300e65b6b4fcea18f61b533af9a186{\nmargin-top:0px;\nmargin-bottom:0px;\n}\n.flex_column.av-mw5kx3-d3300e65b6b4fcea18f61b533af9a186{\nwidth:48.5%;\nmargin-left:0;\n}\n#top .flex_column_table.av-equal-height-column-flextable.av-mw5kx3-d3300e65b6b4fcea18f61b533af9a186 .av-flex-placeholder{\nwidth:3%;\n}\n<\/style>\n<div class='flex_column av-mw5kx3-d3300e65b6b4fcea18f61b533af9a186 av_one_half  avia-builder-el-5  el_after_av_one_half  el_before_av_one_half  kutu2 kutu2 flex_column_table_cell av-equal-height-column av-align-top avia-link-column av-column-link '    data-link-column-url=\"https:\/\/imasklima.com.tr\/ru\/%d1%83%d1%81%d1%82%d0%be%d0%b9%d1%87%d0%b8%d0%b2%d0%be%d1%81%d1%82%d1%8c\/\"   id=\"kutu2\"  ><a class=\"av-screen-reader-only\" href=https:\/\/imasklima.com.tr\/ru\/%d1%83%d1%81%d1%82%d0%be%d0%b9%d1%87%d0%b8%d0%b2%d0%be%d1%81%d1%82%d1%8c\/ >Link to: \u0423\u0441\u0442\u043e\u0439\u0447\u0438\u0432\u043e\u0441\u0442\u044c<\/a><p><article  id=\"amoraikon\"  class='iconbox iconbox_left_content av-l8c5rr-3e0759de11d1ca24d6ce42476b740688  avia-builder-el-6  el_before_av_codeblock  avia-builder-el-first  amoraikon amoraikon'  itemscope=\"itemscope\" itemtype=\"https:\/\/schema.org\/CreativeWork\" ><div class=\"iconbox_icon heading-color\" aria-hidden='true' data-av_icon='\ue912' data-av_iconfont='entypo-fontello'><\/div><div class=\"iconbox_content\"><header class=\"entry-content-header\"><h3 class='iconbox_content_title '  itemprop=\"headline\" >\u0423\u0441\u0442\u043e\u0439\u0447\u0438\u0432\u043e\u0441\u0442\u044c<\/h3><\/header><div class='iconbox_content_container '  itemprop=\"text\" ><p>\u0414\u043b\u044f \u043d\u0430\u0441 \u0443\u0441\u0442\u043e\u0439\u0447\u0438\u0432\u043e\u0441\u0442\u044c \u043e\u0437\u043d\u0430\u0447\u0430\u0435\u0442 \u043f\u0440\u0438\u043d\u043e\u0441\u0438\u0442\u044c \u043f\u043e\u043b\u044c\u0437\u0443 \u043f\u043b\u0430\u043d\u0435\u0442\u0435 \u0438 \u043e\u0434\u043d\u043e\u0432\u0440\u0435\u043c\u0435\u043d\u043d\u043e \u0441\u043b\u0443\u0436\u0438\u0442\u044c \u043d\u0430\u0448\u0438\u043c \u0441\u043e\u0442\u0440\u0443\u0434\u043d\u0438\u043a\u0430\u043c, \u0441\u043e\u043e\u0431\u0449\u0435\u0441\u0442\u0432\u0430\u043c, \u043a\u043b\u0438\u0435\u043d\u0442\u0430\u043c \u0438 \u0430\u043a\u0446\u0438\u043e\u043d\u0435\u0440\u0430\u043c.<\/p>\n<\/div><\/div><footer class=\"entry-footer\"><\/footer><\/article><br \/>\n<\/p><\/div><\/div><!--close column table wrapper. Autoclose: 1 --><div class='flex_column_table av-gx48nb-7b828db015a81b1af7f866a2de5b241b sc-av_one_half av-equal-height-column-flextable'>\n<style type=\"text\/css\" data-created_by=\"avia_inline_auto\" id=\"style-css-av-gx48nb-7b828db015a81b1af7f866a2de5b241b\">\n#top .flex_column_table.av-equal-height-column-flextable.av-gx48nb-7b828db015a81b1af7f866a2de5b241b{\nmargin-top:3%;\nmargin-bottom:0px;\n}\n.flex_column.av-gx48nb-7b828db015a81b1af7f866a2de5b241b{\nwidth:48.5%;\nmargin-left:0;\n}\n#top .flex_column_table.av-equal-height-column-flextable.av-gx48nb-7b828db015a81b1af7f866a2de5b241b .av-flex-placeholder{\nwidth:3%;\n}\n<\/style>\n<div class='flex_column av-gx48nb-7b828db015a81b1af7f866a2de5b241b av_one_half  avia-builder-el-8  el_after_av_one_half  el_before_av_one_half  kutu2 kutu2 first flex_column_table_cell av-equal-height-column av-align-top avia-link-column av-column-link column-top-margin'    data-link-column-url=\"https:\/\/imasklima.com.tr\/ru\/%d1%82%d0%b5%d1%85%d0%bd%d0%be%d0%bb%d0%be%d0%b3%d0%b8%d1%8f\/\"   id=\"kutu2\"  ><a class=\"av-screen-reader-only\" href=https:\/\/imasklima.com.tr\/ru\/%d1%82%d0%b5%d1%85%d0%bd%d0%be%d0%bb%d0%be%d0%b3%d0%b8%d1%8f\/ >Link to: \u0422\u0435\u0445\u043d\u043e\u043b\u043e\u0433\u0438\u044f<\/a><p><article  id=\"amoraikon\"  class='iconbox iconbox_left_content av-fe1fh3-a4640af73a05952bda08965823e60839  avia-builder-el-9  el_before_av_codeblock  avia-builder-el-first  amoraikon amoraikon'  itemscope=\"itemscope\" itemtype=\"https:\/\/schema.org\/CreativeWork\" ><div class=\"iconbox_icon heading-color\" aria-hidden='true' data-av_icon='\ue912' data-av_iconfont='entypo-fontello'><\/div><div class=\"iconbox_content\"><header class=\"entry-content-header\"><h3 class='iconbox_content_title '  itemprop=\"headline\" >\u0422\u0435\u0445\u043d\u043e\u043b\u043e\u0433\u0438\u044f<\/h3><\/header><div class='iconbox_content_container '  itemprop=\"text\" ><p>\u041f\u043e\u0441\u043a\u043e\u043b\u044c\u043a\u0443 \u0442\u0435\u0445\u043d\u043e\u043b\u043e\u0433\u0438\u0438 \u0440\u0430\u0437\u0432\u0438\u0432\u0430\u044e\u0442\u0441\u044f, \u043a\u043e\u043d\u0441\u0442\u0440\u0443\u043a\u0446\u0438\u0438 \u0438 \u043f\u0440\u043e\u0438\u0437\u0432\u043e\u0434\u0441\u0442\u0432\u0430 \u0432 \u043e\u0431\u043b\u0430\u0441\u0442\u0438 \u043e\u0445\u043b\u0430\u0436\u0434\u0435\u043d\u0438\u044f, \u043a\u043e\u043d\u0434\u0438\u0446\u0438\u043e\u043d\u0438\u0440\u043e\u0432\u0430\u043d\u0438\u044f \u0438 \u0432\u0435\u043d\u0442\u0438\u043b\u044f\u0446\u0438\u0438 \u0442\u0440\u0435\u0431\u0443\u044e\u0442 \u0431\u043e\u043b\u0435\u0435 \u0443\u0441\u0442\u043e\u0439\u0447\u0438\u0432\u044b\u0445 \u0440\u0435\u0448\u0435\u043d\u0438\u0439, \u0447\u0442\u043e\u0431\u044b \u0434\u0432\u0438\u0433\u0430\u0442\u044c \u043c\u0438\u0440 \u0432\u043f\u0435\u0440\u0435\u0434.<\/p>\n<\/div><\/div><footer class=\"entry-footer\"><\/footer><\/article><br \/>\n<\/p><\/div><div class='av-flex-placeholder'><\/div>\n<style type=\"text\/css\" data-created_by=\"avia_inline_auto\" id=\"style-css-av-38rtxz-d0acc269996a12526f9c808d29b0259f\">\n#top .flex_column_table.av-equal-height-column-flextable.av-38rtxz-d0acc269996a12526f9c808d29b0259f{\nmargin-top:0px;\nmargin-bottom:0px;\n}\n.flex_column.av-38rtxz-d0acc269996a12526f9c808d29b0259f{\nwidth:48.5%;\nmargin-left:0;\n}\n#top .flex_column_table.av-equal-height-column-flextable.av-38rtxz-d0acc269996a12526f9c808d29b0259f .av-flex-placeholder{\nwidth:3%;\n}\n<\/style>\n<div class='flex_column av-38rtxz-d0acc269996a12526f9c808d29b0259f av_one_half  avia-builder-el-11  el_after_av_one_half  avia-builder-el-last  flex_column_table_cell av-equal-height-column av-align-top column-top-margin'     ><\/div><\/div><!--close column table wrapper. Autoclose: 1 -->\n","protected":false},"excerpt":{"rendered":"","protected":false},"author":1,"featured_media":0,"parent":0,"menu_order":0,"comment_status":"closed","ping_status":"closed","template":"","meta":{"footnotes":""},"class_list":["post-3975","page","type-page","status-publish","hentry"],"_links":{"self":[{"href":"https:\/\/imasklima.com.tr\/ru\/wp-json\/wp\/v2\/pages\/3975","targetHints":{"allow":["GET"]}}],"collection":[{"href":"https:\/\/imasklima.com.tr\/ru\/wp-json\/wp\/v2\/pages"}],"about":[{"href":"https:\/\/imasklima.com.tr\/ru\/wp-json\/wp\/v2\/types\/page"}],"author":[{"embeddable":true,"href":"https:\/\/imasklima.com.tr\/ru\/wp-json\/wp\/v2\/users\/1"}],"replies":[{"embeddable":true,"href":"https:\/\/imasklima.com.tr\/ru\/wp-json\/wp\/v2\/comments?post=3975"}],"version-history":[{"count":11,"href":"https:\/\/imasklima.com.tr\/ru\/wp-json\/wp\/v2\/pages\/3975\/revisions"}],"predecessor-version":[{"id":4326,"href":"https:\/\/imasklima.com.tr\/ru\/wp-json\/wp\/v2\/pages\/3975\/revisions\/4326"}],"wp:attachment":[{"href":"https:\/\/imasklima.com.tr\/ru\/wp-json\/wp\/v2\/media?parent=3975"}],"curies":[{"name":"wp","href":"https:\/\/api.w.org\/{rel}","templated":true}]}}