{"id":3946,"date":"2023-01-26T14:26:12","date_gmt":"2023-01-26T11:26:12","guid":{"rendered":"https:\/\/imasklima.com.tr\/ru\/?page_id=3946"},"modified":"2023-06-05T11:24:58","modified_gmt":"2023-06-05T08:24:58","slug":"%d0%bd%d0%b0%d1%88%d0%b8-%d1%83%d1%81%d0%bb%d1%83%d0%b3%d0%b8","status":"publish","type":"page","link":"https:\/\/imasklima.com.tr\/ru\/%d0%bd%d0%b0%d1%88%d0%b8-%d1%83%d1%81%d0%bb%d1%83%d0%b3%d0%b8\/","title":{"rendered":"\u041d\u0410\u0428\u0418 \u0423\u0421\u041b\u0423\u0413\u0418"},"content":{"rendered":"<div id='urunler' aria-label='urunler' class='avia-section av-vpnenu-2ea38e264a8a61be02fcdab96f88b6cc main_color avia-section-default avia-no-border-styling  avia-builder-el-0  avia-builder-el-no-sibling  urunler urunler avia-bg-style-scroll container_wrap fullsize'  ><div class='container av-section-cont-open' ><main  role=\"main\" itemprop=\"mainContentOfPage\"  class='template-page content  av-content-full alpha units'><div class='post-entry post-entry-type-page post-entry-3946'><div class='entry-content-wrapper clearfix'>\n\n<style type=\"text\/css\" data-created_by=\"avia_inline_auto\" id=\"style-css-av-b7w2y-3749092bf4a96eb58bff821fdd906bb3\">\n.flex_column.av-b7w2y-3749092bf4a96eb58bff821fdd906bb3{\nwidth:100%;\n}\n<\/style>\n<div class='flex_column av-b7w2y-3749092bf4a96eb58bff821fdd906bb3 av_one_full  avia-builder-el-1  el_before_av_heading  avia-builder-el-first  cevre cevre first flex_column_div '     id=\"cevre\"   aria-label='cevre' ><p>\n<style type=\"text\/css\" data-created_by=\"avia_inline_auto\" id=\"style-css-av-ldd0erkk-dc7b6c8c267507abaed7e435ebc2e55d\">\n#top .av-special-heading.av-ldd0erkk-dc7b6c8c267507abaed7e435ebc2e55d{\npadding-bottom:10px;\n}\nbody .av-special-heading.av-ldd0erkk-dc7b6c8c267507abaed7e435ebc2e55d .av-special-heading-tag .heading-char{\nfont-size:25px;\n}\n.av-special-heading.av-ldd0erkk-dc7b6c8c267507abaed7e435ebc2e55d .av-subheading{\nfont-size:15px;\n}\n<\/style>\n<div  id=\"baslik\"  class='av-special-heading av-ldd0erkk-dc7b6c8c267507abaed7e435ebc2e55d av-special-heading-h3 blockquote modern-quote modern-centered  avia-builder-el-2  el_before_av_textblock  avia-builder-el-first  baslik baslik'><div class='av-subheading av-subheading_above'><p>\u0130MAS \u0130KL\u0130MLEND\u0130RME<\/p>\n<\/div><h3 class='av-special-heading-tag'  itemprop=\"headline\"  >\u041a\u043e\u043d\u0441\u0443\u043b\u044c\u0442\u0430\u0446\u0438\u044f<\/h3><div class=\"special-heading-border\"><div class=\"special-heading-inner-border\"><\/div><\/div><\/div><br \/>\n<section  class='av_textblock_section av-ldd0feuc-e1cddc5e100e84aba72d965b2142184b'  itemscope=\"itemscope\" itemtype=\"https:\/\/schema.org\/CreativeWork\" ><div class='avia_textblock'  itemprop=\"text\" ><p>\u041f\u043e\u0441\u043a\u043e\u043b\u044c\u043a\u0443 \u0441\u0438\u0441\u0442\u0435\u043c\u044b \u0438 \u043e\u0431\u043e\u0440\u0443\u0434\u043e\u0432\u0430\u043d\u0438\u0435 \u043e\u0445\u043b\u0430\u0436\u0434\u0435\u043d\u0438\u044f, \u043a\u043e\u043d\u0434\u0438\u0446\u0438\u043e\u043d\u0438\u0440\u043e\u0432\u0430\u043d\u0438\u044f \u0438 \u0432\u0435\u043d\u0442\u0438\u043b\u044f\u0446\u0438\u0438 \u0431\u0443\u0434\u0443\u0442 \u0432\u043b\u0438\u044f\u0442\u044c \u043d\u0430 \u0432\u0435\u0441\u044c \u043f\u0440\u043e\u0435\u043a\u0442, \u043a\u0430\u0436\u0434\u043e\u0435 \u043e\u0431\u043e\u0440\u0443\u0434\u043e\u0432\u0430\u043d\u0438\u0435 \u0447\u0440\u0435\u0437\u0432\u044b\u0447\u0430\u0439\u043d\u043e \u0432\u0430\u0436\u043d\u043e. \u041d\u0435\u0437\u0430\u0432\u0438\u0441\u0438\u043c\u043e \u043e\u0442 \u043e\u0442\u0440\u0430\u0441\u043b\u0438, \u043d\u0430 \u044d\u0442\u0430\u043f\u0435 \u0440\u0430\u0437\u0440\u0430\u0431\u043e\u0442\u043a\u0438 \u043f\u0440\u043e\u0435\u043a\u0442\u0430 \u043d\u0435\u043e\u0431\u0445\u043e\u0434\u0438\u043c\u043e \u0438\u0437\u0443\u0447\u0438\u0442\u044c \u0432\u0441\u0435 \u0434\u0435\u0442\u0430\u043b\u0438 \u0434\u043e \u043c\u0435\u043b\u044c\u0447\u0430\u0439\u0448\u0438\u0445 \u043f\u043e\u0434\u0440\u043e\u0431\u043d\u043e\u0441\u0442\u0435\u0439, \u0447\u0442\u043e\u0431\u044b \u043e\u0431\u0435\u0441\u043f\u0435\u0447\u0438\u0442\u044c \u044d\u0444\u0444\u0435\u043a\u0442\u0438\u0432\u043d\u0443\u044e \u0440\u0430\u0431\u043e\u0442\u0443 \u0441\u0438\u0441\u0442\u0435\u043c, \u044d\u043d\u0435\u0440\u0433\u043e\u044d\u0444\u0444\u0435\u043a\u0442\u0438\u0432\u043d\u043e\u0441\u0442\u044c \u0438 \u043f\u043e\u043b\u0443\u0447\u0438\u0442\u044c \u0440\u0435\u0448\u0435\u043d\u0438\u044f \u0434\u043b\u044f \u0443\u0434\u043e\u0432\u043b\u0435\u0442\u0432\u043e\u0440\u0435\u043d\u0438\u044f \u043f\u043e\u0442\u0440\u0435\u0431\u043d\u043e\u0441\u0442\u0435\u0439.<\/p>\n<p>\u0421 \u043f\u0435\u0440\u0432\u043e\u0433\u043e \u043c\u043e\u043c\u0435\u043d\u0442\u0430, \u043a\u043e\u0433\u0434\u0430 \u0432\u044b \u043e\u0431\u0440\u0430\u0449\u0430\u0435\u0442\u0435\u0441\u044c \u043a \u043d\u0430\u043c \u0441 \u0432\u0430\u0448\u0438\u043c\u0438 \u0442\u0440\u0435\u0431\u043e\u0432\u0430\u043d\u0438\u044f\u043c\u0438, \u0432\u0430\u0441 \u0432\u0441\u0442\u0440\u0435\u0447\u0430\u044e\u0442 \u043a\u0430\u043a \u0434\u0435\u043b\u043e\u0432\u043e\u0433\u043e \u043f\u0430\u0440\u0442\u043d\u0435\u0440\u0430, \u0430 \u043d\u0435 \u043a\u0430\u043a \u043f\u043e\u0442\u0435\u043d\u0446\u0438\u0430\u043b\u044c\u043d\u043e\u0433\u043e \u043a\u043b\u0438\u0435\u043d\u0442\u0430 \u043a\u043e\u043c\u043f\u0430\u043d\u0438\u0438 IMAS. \u0421 \u043d\u0430\u0448\u0435\u0439 \u043a\u043e\u043c\u0430\u043d\u0434\u043e\u0439 \u044d\u043a\u0441\u043f\u0435\u0440\u0442\u043e\u0432 \u043c\u044b \u0442\u0449\u0430\u0442\u0435\u043b\u044c\u043d\u043e \u0430\u043d\u0430\u043b\u0438\u0437\u0438\u0440\u0443\u0435\u043c \u0432\u0430\u0448\u0438 \u043f\u0440\u043e\u0431\u043b\u0435\u043c\u044b \u0438 \u0432\u043c\u0435\u0441\u0442\u0435 \u0441 \u0432\u0430\u043c\u0438 \u0440\u0430\u0437\u0440\u0430\u0431\u0430\u0442\u044b\u0432\u0430\u0435\u043c \u0438\u043d\u0434\u0438\u0432\u0438\u0434\u0443\u0430\u043b\u044c\u043d\u044b\u0435 \u0440\u0435\u0448\u0435\u043d\u0438\u044f. \u0412 \u0441\u043e\u043e\u0442\u0432\u0435\u0442\u0441\u0442\u0432\u0438\u0438 \u0441 \u0437\u0430\u043f\u0440\u043e\u0441\u0430\u043c\u0438 \u043d\u0430\u0448\u0438\u0445 \u043a\u043b\u0438\u0435\u043d\u0442\u043e\u0432 \u0438 \u0442\u0440\u0435\u0431\u043e\u0432\u0430\u043d\u0438\u044f\u043c\u0438 \u043c\u0435\u0436\u0434\u0443\u043d\u0430\u0440\u043e\u0434\u043d\u044b\u0445 \u0441\u0442\u0430\u043d\u0434\u0430\u0440\u0442\u043e\u0432, \u043c\u044b \u0440\u0435\u0430\u043b\u0438\u0437\u0443\u0435\u043c \u043d\u0430\u0448\u0438 \u0443\u0441\u043b\u0443\u0433\u0438, \u0432\u044b\u0442\u0435\u043a\u0430\u044e\u0449\u0438\u0435 \u0438\u0437 \u0432\u0441\u0435\u0445 \u0432\u0438\u0434\u043e\u0432 \u043f\u0440\u043e\u043c\u044b\u0448\u043b\u0435\u043d\u043d\u044b\u0445 \u0438 \u043e\u0431\u0449\u0438\u0445 \u043f\u043e\u0442\u0440\u0435\u0431\u043d\u043e\u0441\u0442\u0435\u0439, \u0438\u043c\u0435\u044f \u0441\u0438\u043b\u044c\u043d\u0443\u044e \u043e\u0440\u0433\u0430\u043d\u0438\u0437\u0430\u0446\u0438\u043e\u043d\u043d\u0443\u044e \u0441\u0442\u0440\u0443\u043a\u0442\u0443\u0440\u0443 \u0438 \u043e\u043f\u044b\u0442\u043d\u044b\u0439 \u043f\u0435\u0440\u0441\u043e\u043d\u0430\u043b.<\/p>\n<p>\u041c\u044b \u043f\u0440\u0435\u0434\u043b\u0430\u0433\u0430\u0435\u043c \u043d\u0430\u0448\u0438 \u0441\u0438\u0441\u0442\u0435\u043c\u044b \u0438 \u043f\u0440\u043e\u0434\u0443\u043a\u0442\u044b, \u043f\u043e\u0434\u0445\u043e\u0434\u044f\u0449\u0438\u0435 \u0434\u043b\u044f \u0432\u0430\u0448\u0435\u0433\u043e \u043f\u0440\u043e\u0435\u043a\u0442\u0430 \u0432 \u0437\u0434\u0430\u043d\u0438\u044f\u0445, \u043a\u043e\u043c\u043c\u0435\u0440\u0447\u0435\u0441\u043a\u0438\u0445, \u043f\u0440\u043e\u043c\u044b\u0448\u043b\u0435\u043d\u043d\u044b\u0445 \u0438 \u043e\u0431\u0449\u0435\u0441\u0442\u0432\u0435\u043d\u043d\u044b\u0445 \u0437\u043e\u043d\u0430\u0445 \u0432 \u043e\u0431\u043b\u0430\u0441\u0442\u0438 \u043e\u0445\u043b\u0430\u0436\u0434\u0435\u043d\u0438\u044f, \u043a\u043e\u043d\u0434\u0438\u0446\u0438\u043e\u043d\u0438\u0440\u043e\u0432\u0430\u043d\u0438\u044f \u0438 \u0432\u0435\u043d\u0442\u0438\u043b\u044f\u0446\u0438\u0438 \u0438\u043b\u0438 \u0440\u0435\u0448\u0430\u0435\u043c \u0432\u0430\u0448\u0438 \u043f\u0440\u043e\u0431\u043b\u0435\u043c\u044b \u0432 \u043f\u0440\u043e\u0446\u0435\u0441\u0441\u0435 \u043f\u0440\u043e\u0438\u0437\u0432\u043e\u0434\u0441\u0442\u0432\u0430, \u0430\u0434\u0430\u043f\u0442\u0438\u0440\u0443\u044f \u0441\u0438\u0441\u0442\u0435\u043c\u0443 \u043a \u0432\u0430\u0448\u0435\u043c\u0443 \u043f\u0440\u043e\u0435\u043a\u0442\u0443.<\/p>\n<\/div><\/section><\/p><\/div>\n<style type=\"text\/css\" data-created_by=\"avia_inline_auto\" id=\"style-css-av-ldd1hf32-93a0b9a2f157a7965b18af19792700b8\">\n#top .av-special-heading.av-ldd1hf32-93a0b9a2f157a7965b18af19792700b8{\npadding-bottom:10px;\n}\nbody .av-special-heading.av-ldd1hf32-93a0b9a2f157a7965b18af19792700b8 .av-special-heading-tag .heading-char{\nfont-size:25px;\n}\n.av-special-heading.av-ldd1hf32-93a0b9a2f157a7965b18af19792700b8 .av-subheading{\nfont-size:15px;\n}\n<\/style>\n<div  id=\"satissonrasiservis\"  class='av-special-heading av-ldd1hf32-93a0b9a2f157a7965b18af19792700b8 av-special-heading-h3 blockquote modern-quote modern-centered  avia-builder-el-4  el_after_av_one_full  el_before_av_one_half  baslik baslik'><div class='av-subheading av-subheading_above'><p>SERV\u0130S H\u0130ZMETLER\u0130<\/p>\n<\/div><h3 class='av-special-heading-tag'  itemprop=\"headline\"  >\u041f\u043e\u0441\u043b\u0435\u043f\u0440\u043e\u0434\u0430\u0436\u043d\u043e\u0435 \u043e\u0431\u0441\u043b\u0443\u0436\u0438\u0432\u0430\u043d\u0438\u0435<\/h3><div class=\"special-heading-border\"><div class=\"special-heading-inner-border\"><\/div><\/div><\/div>\n<div class='flex_column_table av-ldd0y4r2-62ee559c8d2db56b13c900ee1ed88655 sc-av_one_half av-equal-height-column-flextable'>\n<style type=\"text\/css\" data-created_by=\"avia_inline_auto\" id=\"style-css-av-ldd0y4r2-62ee559c8d2db56b13c900ee1ed88655\">\n#top .flex_column_table.av-equal-height-column-flextable.av-ldd0y4r2-62ee559c8d2db56b13c900ee1ed88655{\nmargin-top:3%;\n}\n.flex_column.av-ldd0y4r2-62ee559c8d2db56b13c900ee1ed88655{\nwidth:48.5%;\nmargin-left:0;\n}\n#top .flex_column_table.av-equal-height-column-flextable.av-ldd0y4r2-62ee559c8d2db56b13c900ee1ed88655 .av-flex-placeholder{\nwidth:3%;\n}\n<\/style>\n<div class='flex_column av-ldd0y4r2-62ee559c8d2db56b13c900ee1ed88655 av_one_half  avia-builder-el-5  el_after_av_heading  el_before_av_one_half  kutu2 kutu2 first flex_column_table_cell av-equal-height-column av-align-top avia-link-column av-column-link '    data-link-column-url=\"https:\/\/imasklima.com.tr\/ru\/%d0%ba%d0%be%d0%bd%d1%82%d0%b0%d0%ba%d1%82\/\"   id=\"kutu2\"  ><a class=\"av-screen-reader-only\" href=https:\/\/imasklima.com.tr\/ru\/%d0%ba%d0%be%d0%bd%d1%82%d0%b0%d0%ba%d1%82\/ >Link to: \u041a\u041e\u041d\u0422\u0410\u041a\u0422<\/a><p><article  id=\"amoraikon\"  class='iconbox iconbox_left_content av-ldd0zgjd-04df48c46be88835b6d5edc9a71baa7c  avia-builder-el-6  el_before_av_codeblock  avia-builder-el-first  amoraikon amoraikon'  itemscope=\"itemscope\" itemtype=\"https:\/\/schema.org\/CreativeWork\" ><div class=\"iconbox_icon heading-color\" aria-hidden='true' data-av_icon='\ue912' data-av_iconfont='entypo-fontello'><\/div><div class=\"iconbox_content\"><header class=\"entry-content-header\"><h3 class='iconbox_content_title '  itemprop=\"headline\" >\u041a\u041e\u041c\u0418\u0421\u0421\u0418\u0420\u041e\u0412\u0410\u041d\u0418\u0415<\/h3><\/header><div class='iconbox_content_container '  itemprop=\"text\" ><p>\u041e\u043f\u0435\u0440\u0430\u0446\u0438\u0438 \u043f\u043e \u0432\u0432\u043e\u0434\u0443 \u0432 \u044d\u043a\u0441\u043f\u043b\u0443\u0430\u0442\u0430\u0446\u0438\u044e \u043d\u0430 \u0432\u043d\u0443\u0442\u0440\u0435\u043d\u043d\u0435\u043c \u0438 \u043c\u0435\u0436\u0434\u0443\u043d\u0430\u0440\u043e\u0434\u043d\u043e\u043c \u0440\u044b\u043d\u043a\u0430\u0445 \u0443\u0441\u0442\u0430\u043d\u043e\u0432\u043e\u043a, \u043d\u0430 \u043a\u043e\u0442\u043e\u0440\u044b\u0445 \u0440\u0435\u0430\u043b\u0438\u0437\u043e\u0432\u0430\u043d\u044b \u043f\u0440\u043e\u0446\u0435\u0441\u0441\u044b \u043f\u0440\u043e\u0434\u0430\u0436\u0438 \u0438 \u043f\u0440\u043e\u0438\u0437\u0432\u043e\u0434\u0441\u0442\u0432\u0430 \u0438 \u043f\u0440\u043e\u0432\u0435\u0434\u0435\u043d\u044b \u0432\u0441\u0435 \u0438\u0441\u043f\u044b\u0442\u0430\u043d\u0438\u044f \u0432 \u0437\u0430\u0432\u043e\u0434\u0441\u043a\u0438\u0445 \u0443\u0441\u043b\u043e\u0432\u0438\u044f\u0445<\/p>\n<\/div><\/div><footer class=\"entry-footer\"><\/footer><\/article><br \/>\n<\/p><\/div><div class='av-flex-placeholder'><\/div>\n<style type=\"text\/css\" data-created_by=\"avia_inline_auto\" id=\"style-css-av-b0yumy-9983ae1364c0f1c691102bc2eaaf18a1\">\n#top .flex_column_table.av-equal-height-column-flextable.av-b0yumy-9983ae1364c0f1c691102bc2eaaf18a1{\nmargin-top:0px;\nmargin-bottom:0px;\n}\n.flex_column.av-b0yumy-9983ae1364c0f1c691102bc2eaaf18a1{\nwidth:48.5%;\nmargin-left:0;\n}\n#top .flex_column_table.av-equal-height-column-flextable.av-b0yumy-9983ae1364c0f1c691102bc2eaaf18a1 .av-flex-placeholder{\nwidth:3%;\n}\n<\/style>\n<div class='flex_column av-b0yumy-9983ae1364c0f1c691102bc2eaaf18a1 av_one_half  avia-builder-el-8  el_after_av_one_half  el_before_av_one_half  kutu2 kutu2 flex_column_table_cell av-equal-height-column av-align-top avia-link-column av-column-link '    data-link-column-url=\"https:\/\/imasklima.com.tr\/ru\/%d0%ba%d0%be%d0%bd%d1%82%d0%b0%d0%ba%d1%82\/\"   id=\"kutu2\"  ><a class=\"av-screen-reader-only\" href=https:\/\/imasklima.com.tr\/ru\/%d0%ba%d0%be%d0%bd%d1%82%d0%b0%d0%ba%d1%82\/ >Link to: \u041a\u041e\u041d\u0422\u0410\u041a\u0422<\/a><p><article  id=\"amoraikon\"  class='iconbox iconbox_left_content av-9i042i-d8b44dc91c30e2b5b9b6240f38f64e0d  avia-builder-el-9  el_before_av_codeblock  avia-builder-el-first  amoraikon amoraikon'  itemscope=\"itemscope\" itemtype=\"https:\/\/schema.org\/CreativeWork\" ><div class=\"iconbox_icon heading-color\" aria-hidden='true' data-av_icon='\ue912' data-av_iconfont='entypo-fontello'><\/div><div class=\"iconbox_content\"><header class=\"entry-content-header\"><h3 class='iconbox_content_title '  itemprop=\"headline\" >\u0412\u041e\u0421\u0421\u0422\u0410\u041d\u041e\u0412\u041b\u0415\u041d\u0418\u0415 \u041a\u041e\u041c\u041f\u0420\u0415\u0421\u0421\u041e\u0420\u041e\u0412<\/h3><\/header><div class='iconbox_content_container '  itemprop=\"text\" ><p>\u0411\u043b\u0430\u0433\u043e\u0434\u0430\u0440\u044f \u043d\u0430\u0448\u0435\u043c\u0443 43-\u043b\u0435\u0442\u043d\u0435\u043c\u0443 \u043e\u043f\u044b\u0442\u0443 \u0438 \u043d\u0430\u0448\u0435\u0439 \u0441\u043f\u0435\u0446\u0438\u0430\u043b\u0438\u0437\u0438\u0440\u043e\u0432\u0430\u043d\u043d\u043e\u0439 \u043a\u043e\u043c\u0430\u043d\u0434\u0435, \u043c\u044b \u043f\u0440\u0435\u0434\u043e\u0441\u0442\u0430\u0432\u043b\u044f\u0435\u043c \u0443\u0441\u043b\u0443\u0433\u0438 \u043f\u043e \u0442\u0435\u0445\u043d\u0438\u0447\u0435\u0441\u043a\u043e\u043c\u0443 \u043e\u0431\u0441\u043b\u0443\u0436\u0438\u0432\u0430\u043d\u0438\u044e \u0438 \u043c\u043e\u0434\u0438\u0444\u0438\u043a\u0430\u0446\u0438\u0438 \u0441 \u0438\u0441\u043f\u043e\u043b\u044c\u0437\u043e\u0432\u0430\u043d\u0438\u0435\u043c \u043e\u0440\u0438\u0433\u0438\u043d\u0430\u043b\u044c\u043d\u044b\u0445 \u0437\u0430\u043f\u0430\u0441\u043d\u044b\u0445 \u0447\u0430\u0441\u0442\u0435\u0439 \u0442\u0430\u043a\u0438\u0445 \u043a\u043e\u043c\u043f\u0440\u0435\u0441\u0441\u043e\u0440\u043e\u0432, \u043a\u0430\u043a Copeland, Bitzer, Dorin, Frascold \u0438 Refcomp.<\/p>\n<\/div><\/div><footer class=\"entry-footer\"><\/footer><\/article><br \/>\n<\/p><\/div><\/div><!--close column table wrapper. Autoclose: 1 --><div class='flex_column_table av-7k8yu2-15be55fe3c6951539bbc09a0150e621e sc-av_one_half av-equal-height-column-flextable'>\n<style type=\"text\/css\" data-created_by=\"avia_inline_auto\" id=\"style-css-av-7k8yu2-15be55fe3c6951539bbc09a0150e621e\">\n#top .flex_column_table.av-equal-height-column-flextable.av-7k8yu2-15be55fe3c6951539bbc09a0150e621e{\nmargin-top:3%;\nmargin-bottom:0px;\n}\n.flex_column.av-7k8yu2-15be55fe3c6951539bbc09a0150e621e{\nwidth:48.5%;\nmargin-left:0;\n}\n#top .flex_column_table.av-equal-height-column-flextable.av-7k8yu2-15be55fe3c6951539bbc09a0150e621e .av-flex-placeholder{\nwidth:3%;\n}\n<\/style>\n<div class='flex_column av-7k8yu2-15be55fe3c6951539bbc09a0150e621e av_one_half  avia-builder-el-11  el_after_av_one_half  el_before_av_one_half  kutu2 kutu2 first flex_column_table_cell av-equal-height-column av-align-top avia-link-column av-column-link column-top-margin'    data-link-column-url=\"https:\/\/imasklima.com.tr\/ru\/%d0%ba%d0%be%d0%bd%d1%82%d0%b0%d0%ba%d1%82\/\"   id=\"kutu2\"  ><a class=\"av-screen-reader-only\" href=https:\/\/imasklima.com.tr\/ru\/%d0%ba%d0%be%d0%bd%d1%82%d0%b0%d0%ba%d1%82\/ >Link to: \u041a\u041e\u041d\u0422\u0410\u041a\u0422<\/a><p><article  id=\"amoraikon\"  class='iconbox iconbox_left_content av-ldd1ikz3-ae96d5203169f26c09daaed71606ea8f  avia-builder-el-12  el_before_av_codeblock  avia-builder-el-first  amoraikon amoraikon'  itemscope=\"itemscope\" itemtype=\"https:\/\/schema.org\/CreativeWork\" ><div class=\"iconbox_icon heading-color\" aria-hidden='true' data-av_icon='\ue912' data-av_iconfont='entypo-fontello'><\/div><div class=\"iconbox_content\"><header class=\"entry-content-header\"><h3 class='iconbox_content_title '  itemprop=\"headline\" >\u041c\u041e\u0414\u0418\u0424\u0418\u041a\u0410\u0426\u0418\u042f \u0423\u0421\u0422\u0420\u041e\u0419\u0421\u0422\u0412<\/h3><\/header><div class='iconbox_content_container '  itemprop=\"text\" ><p>\u0420\u0435\u043c\u043e\u043d\u0442 \u0447\u0438\u043b\u043b\u0435\u0440\u043d\u043e\u0439 \u0433\u0440\u0443\u043f\u043f\u044b \u0438 \u043a\u043e\u043d\u0434\u0438\u0446\u0438\u043e\u043d\u0435\u0440\u043e\u0432 \u0441 \u0438\u0441\u043f\u043e\u043b\u044c\u0437\u043e\u0432\u0430\u043d\u0438\u0435\u043c \u043e\u0440\u0438\u0433\u0438\u043d\u0430\u043b\u044c\u043d\u044b\u0445 \u0438\u043b\u0438 \u0430\u043d\u0430\u043b\u043e\u0433\u0438\u0447\u043d\u044b\u0445 \u043f\u043e \u043a\u0430\u0447\u0435\u0441\u0442\u0432\u0443 \u043c\u0430\u0442\u0435\u0440\u0438\u0430\u043b\u043e\u0432 \u0441 \u043f\u043e\u043c\u043e\u0449\u044c\u044e \u043d\u0430\u0448\u0435\u0439 \u043a\u043e\u043c\u0430\u043d\u0434\u044b \u044d\u043a\u0441\u043f\u0435\u0440\u0442\u043e\u0432 \u0432 \u0440\u0430\u043c\u043a\u0430\u0445 \u0130MAS A\u015e<\/p>\n<\/div><\/div><footer class=\"entry-footer\"><\/footer><\/article><br \/>\n<\/p><\/div><div class='av-flex-placeholder'><\/div>\n<style type=\"text\/css\" data-created_by=\"avia_inline_auto\" id=\"style-css-av-fxfh6-615ae9c0b7f720bcf38e43b8c053fbbd\">\n#top .flex_column_table.av-equal-height-column-flextable.av-fxfh6-615ae9c0b7f720bcf38e43b8c053fbbd{\nmargin-top:0px;\nmargin-bottom:0px;\n}\n.flex_column.av-fxfh6-615ae9c0b7f720bcf38e43b8c053fbbd{\nwidth:48.5%;\nmargin-left:0;\n}\n#top .flex_column_table.av-equal-height-column-flextable.av-fxfh6-615ae9c0b7f720bcf38e43b8c053fbbd .av-flex-placeholder{\nwidth:3%;\n}\n<\/style>\n<div class='flex_column av-fxfh6-615ae9c0b7f720bcf38e43b8c053fbbd av_one_half  avia-builder-el-14  el_after_av_one_half  el_before_av_one_half  kutu2 kutu2 flex_column_table_cell av-equal-height-column av-align-top avia-link-column av-column-link column-top-margin'    data-link-column-url=\"https:\/\/imasklima.com.tr\/ru\/%d0%ba%d0%be%d0%bd%d1%82%d0%b0%d0%ba%d1%82\/\"   id=\"kutu2\"  ><a class=\"av-screen-reader-only\" href=https:\/\/imasklima.com.tr\/ru\/%d0%ba%d0%be%d0%bd%d1%82%d0%b0%d0%ba%d1%82\/ >Link to: \u041a\u041e\u041d\u0422\u0410\u041a\u0422<\/a><p><article  id=\"amoraikon\"  class='iconbox iconbox_left_content av-ldd1ixj8-563aa16f8cb0974309c12d6a88f1b454  avia-builder-el-15  el_before_av_codeblock  avia-builder-el-first  amoraikon amoraikon'  itemscope=\"itemscope\" itemtype=\"https:\/\/schema.org\/CreativeWork\" ><div class=\"iconbox_icon heading-color\" aria-hidden='true' data-av_icon='\ue912' data-av_iconfont='entypo-fontello'><\/div><div class=\"iconbox_content\"><header class=\"entry-content-header\"><h3 class='iconbox_content_title '  itemprop=\"headline\" >Periyodik Bak\u0131m<\/h3><\/header><div class='iconbox_content_container '  itemprop=\"text\" ><p>Periyodik bak\u0131m\u0131n temel amac\u0131, sisteminizde \u00e7al\u0131\u015fan \u00fcnitelerin ar\u0131za ger\u00e7ekle\u015fmeden \u00f6nce olas\u0131 problemlerin bertaraf edilerek, erken \u00f6nlem al\u0131nmas\u0131 ve i\u015fletmeyi y\u00fcksek maliyetli problemlerden olabildi\u011fince uzakla\u015ft\u0131rmak, sistemin performans\u0131ndaki d\u00fc\u015f\u00fc\u015ften kaynakl\u0131 verim kayb\u0131n\u0131 \u00f6nlemek ve sistemin \u00f6mr\u00fcn\u00fc uzatmak olarak d\u00fc\u015f\u00fcn\u00fclebilir. Bu kapsamda, ilgili bak\u0131mlar\u0131n profesyonel ve alan\u0131nda uzman ekip taraf\u0131ndan ger\u00e7ekle\u015ftirilmesi yararl\u0131 olacakt\u0131r. \u0130MAS A\u015e servis ekibimiz bak\u0131m hizmetlerinin yap\u0131lmas\u0131 amac\u0131 ile hizmetinizdedir.<\/p>\n<\/div><\/div><footer class=\"entry-footer\"><\/footer><\/article><br \/>\n<\/p><\/div><\/div><!--close column table wrapper. Autoclose: 1 --><div class='flex_column_table av-3hdz1m-4ed43c4f0b5560d83f28af8839b373f4 sc-av_one_half av-equal-height-column-flextable'>\n<style type=\"text\/css\" data-created_by=\"avia_inline_auto\" id=\"style-css-av-3hdz1m-4ed43c4f0b5560d83f28af8839b373f4\">\n#top .flex_column_table.av-equal-height-column-flextable.av-3hdz1m-4ed43c4f0b5560d83f28af8839b373f4{\nmargin-top:3%;\nmargin-bottom:0px;\n}\n.flex_column.av-3hdz1m-4ed43c4f0b5560d83f28af8839b373f4{\nwidth:48.5%;\nmargin-left:0;\n}\n#top .flex_column_table.av-equal-height-column-flextable.av-3hdz1m-4ed43c4f0b5560d83f28af8839b373f4 .av-flex-placeholder{\nwidth:3%;\n}\n<\/style>\n<div class='flex_column av-3hdz1m-4ed43c4f0b5560d83f28af8839b373f4 av_one_half  avia-builder-el-17  el_after_av_one_half  el_before_av_one_half  kutu2 kutu2 first flex_column_table_cell av-equal-height-column av-align-top avia-link-column av-column-link column-top-margin'    data-link-column-url=\"https:\/\/imasklima.com.tr\/ru\/%d0%ba%d0%be%d0%bd%d1%82%d0%b0%d0%ba%d1%82\/\"   id=\"kutu2\"  ><a class=\"av-screen-reader-only\" href=https:\/\/imasklima.com.tr\/ru\/%d0%ba%d0%be%d0%bd%d1%82%d0%b0%d0%ba%d1%82\/ >Link to: \u041a\u041e\u041d\u0422\u0410\u041a\u0422<\/a><p><article  id=\"amoraikon\"  class='iconbox iconbox_left_content av-ldd1pqac-d24c77d46f4ba19c0cb2179cb591b8f4  avia-builder-el-18  el_before_av_codeblock  avia-builder-el-first  amoraikon amoraikon'  itemscope=\"itemscope\" itemtype=\"https:\/\/schema.org\/CreativeWork\" ><div class=\"iconbox_icon heading-color\" aria-hidden='true' data-av_icon='\ue912' data-av_iconfont='entypo-fontello'><\/div><div class=\"iconbox_content\"><header class=\"entry-content-header\"><h3 class='iconbox_content_title '  itemprop=\"headline\" >\u041f\u0420\u041e\u0414\u0410\u0416\u0410 \u0417\u0410\u041f\u0410\u0421\u041d\u042b\u0425 \u0427\u0410\u0421\u0422\u0415\u0419<\/h3><\/header><div class='iconbox_content_container '  itemprop=\"text\" ><p>\u041c\u044b \u043f\u0440\u0435\u0434\u043b\u0430\u0433\u0430\u0435\u043c \u0432\u0430\u043c, \u043d\u0430\u0448\u0438\u043c \u043a\u043b\u0438\u0435\u043d\u0442\u0430\u043c, \u043e\u0440\u0438\u0433\u0438\u043d\u0430\u043b\u044c\u043d\u044b\u0435 \u0437\u0430\u043f\u0430\u0441\u043d\u044b\u0435 \u0447\u0430\u0441\u0442\u0438 IMAS, \u043d\u0435\u043e\u0431\u0445\u043e\u0434\u0438\u043c\u044b\u0435 \u0434\u043b\u044f \u043f\u0440\u043e\u0434\u043b\u0435\u043d\u0438\u044f \u0441\u0440\u043e\u043a\u0430 \u0441\u043b\u0443\u0436\u0431\u044b \u0432\u0430\u0448\u0435\u0439 \u043f\u0440\u043e\u0434\u0443\u043a\u0446\u0438\u0438, \u0442\u0435\u043c \u0441\u0430\u043c\u044b\u043c \u0434\u0435\u043b\u0430\u044f \u0440\u0435\u0430\u043b\u044c\u043d\u044b\u0435 \u0448\u0430\u0433\u0438 \u0432 \u043d\u0430\u0448\u0435\u043c \u0441\u0442\u0440\u0435\u043c\u043b\u0435\u043d\u0438\u0438 \u0431\u044b\u0442\u044c \u0442\u0435\u0445\u043d\u043e\u043b\u043e\u0433\u0438\u0447\u043d\u044b\u043c\u0438 \u0438 \u0443\u0441\u0442\u043e\u0439\u0447\u0438\u0432\u044b\u043c\u0438.<\/p>\n<\/div><\/div><footer class=\"entry-footer\"><\/footer><\/article><br \/>\n<\/p><\/div><div class='av-flex-placeholder'><\/div>\n<style type=\"text\/css\" data-created_by=\"avia_inline_auto\" id=\"style-css-av-1xkdd6-50b0b06804af490e8d47f2ae7c7d83bc\">\n#top .flex_column_table.av-equal-height-column-flextable.av-1xkdd6-50b0b06804af490e8d47f2ae7c7d83bc{\nmargin-top:0px;\nmargin-bottom:0px;\n}\n.flex_column.av-1xkdd6-50b0b06804af490e8d47f2ae7c7d83bc{\nwidth:48.5%;\nmargin-left:0;\n}\n#top .flex_column_table.av-equal-height-column-flextable.av-1xkdd6-50b0b06804af490e8d47f2ae7c7d83bc .av-flex-placeholder{\nwidth:3%;\n}\n<\/style>\n<div class='flex_column av-1xkdd6-50b0b06804af490e8d47f2ae7c7d83bc av_one_half  avia-builder-el-20  el_after_av_one_half  avia-builder-el-last  flex_column_table_cell av-equal-height-column av-align-top column-top-margin'     ><\/div><\/div><!--close column table wrapper. Autoclose: 1 -->\n","protected":false},"excerpt":{"rendered":"","protected":false},"author":1,"featured_media":0,"parent":0,"menu_order":0,"comment_status":"closed","ping_status":"closed","template":"","meta":{"footnotes":""},"class_list":["post-3946","page","type-page","status-publish","hentry"],"_links":{"self":[{"href":"https:\/\/imasklima.com.tr\/ru\/wp-json\/wp\/v2\/pages\/3946","targetHints":{"allow":["GET"]}}],"collection":[{"href":"https:\/\/imasklima.com.tr\/ru\/wp-json\/wp\/v2\/pages"}],"about":[{"href":"https:\/\/imasklima.com.tr\/ru\/wp-json\/wp\/v2\/types\/page"}],"author":[{"embeddable":true,"href":"https:\/\/imasklima.com.tr\/ru\/wp-json\/wp\/v2\/users\/1"}],"replies":[{"embeddable":true,"href":"https:\/\/imasklima.com.tr\/ru\/wp-json\/wp\/v2\/comments?post=3946"}],"version-history":[{"count":26,"href":"https:\/\/imasklima.com.tr\/ru\/wp-json\/wp\/v2\/pages\/3946\/revisions"}],"predecessor-version":[{"id":4330,"href":"https:\/\/imasklima.com.tr\/ru\/wp-json\/wp\/v2\/pages\/3946\/revisions\/4330"}],"wp:attachment":[{"href":"https:\/\/imasklima.com.tr\/ru\/wp-json\/wp\/v2\/media?parent=3946"}],"curies":[{"name":"wp","href":"https:\/\/api.w.org\/{rel}","templated":true}]}}