{"id":3937,"date":"2023-01-26T13:59:16","date_gmt":"2023-01-26T10:59:16","guid":{"rendered":"https:\/\/imasklima.com.tr\/ru\/?page_id=3937"},"modified":"2023-06-05T10:44:05","modified_gmt":"2023-06-05T07:44:05","slug":"%d0%bd%d0%b0%d1%88%d0%b0-%d0%bf%d0%be%d0%bb%d0%b8%d1%82%d0%b8%d0%ba%d0%b0-%d0%ba%d0%b0%d1%87%d0%b5%d1%81%d1%82%d0%b2%d0%b0","status":"publish","type":"page","link":"https:\/\/imasklima.com.tr\/ru\/%d0%bd%d0%b0%d1%88%d0%b0-%d0%bf%d0%be%d0%bb%d0%b8%d1%82%d0%b8%d0%ba%d0%b0-%d0%ba%d0%b0%d1%87%d0%b5%d1%81%d1%82%d0%b2%d0%b0\/","title":{"rendered":"\u041d\u0430\u0448\u0430 \u043f\u043e\u043b\u0438\u0442\u0438\u043a\u0430 \u043a\u0430\u0447\u0435\u0441\u0442\u0432\u0430"},"content":{"rendered":"<div id='urunler' aria-label='urunler' class='avia-section av-4d0qep-1b998e5a18ba05e8a64096c4cdfe3aa8 main_color avia-section-default avia-no-border-styling  avia-builder-el-0  avia-builder-el-no-sibling  urunler urunler avia-bg-style-scroll container_wrap fullsize'  ><div class='container av-section-cont-open' ><main  role=\"main\" itemprop=\"mainContentOfPage\"  class='template-page content  av-content-full alpha units'><div class='post-entry post-entry-type-page post-entry-3937'><div class='entry-content-wrapper clearfix'>\n\n<style type=\"text\/css\" data-created_by=\"avia_inline_auto\" id=\"style-css-av-2xr3i9-06a5efaa88ce67694a453a333943c5ac\">\n.flex_column.av-2xr3i9-06a5efaa88ce67694a453a333943c5ac{\nwidth:100%;\n}\n<\/style>\n<div class='flex_column av-2xr3i9-06a5efaa88ce67694a453a333943c5ac av_one_full  avia-builder-el-1  avia-builder-el-no-sibling  cevre cevre first flex_column_div '     id=\"cevre\"   aria-label='cevre' ><p>\n<style type=\"text\/css\" data-created_by=\"avia_inline_auto\" id=\"style-css-av-ldczfjfc-180627a38c8561ef1f869147af0e3a44\">\n#top .av-special-heading.av-ldczfjfc-180627a38c8561ef1f869147af0e3a44{\npadding-bottom:10px;\n}\nbody .av-special-heading.av-ldczfjfc-180627a38c8561ef1f869147af0e3a44 .av-special-heading-tag .heading-char{\nfont-size:25px;\n}\n.av-special-heading.av-ldczfjfc-180627a38c8561ef1f869147af0e3a44 .av-subheading{\nfont-size:15px;\n}\n<\/style>\n<div  id=\"baslik\"  class='av-special-heading av-ldczfjfc-180627a38c8561ef1f869147af0e3a44 av-special-heading-h3 blockquote modern-quote modern-centered  avia-builder-el-2  el_before_av_textblock  avia-builder-el-first  baslik baslik'><div class='av-subheading av-subheading_above'><p>\u0130MAS \u0130KL\u0130MLEND\u0130RME<\/p>\n<\/div><h3 class='av-special-heading-tag'  itemprop=\"headline\"  >\u041d\u0430\u0448\u0430 \u043f\u043e\u043b\u0438\u0442\u0438\u043a\u0430 \u043a\u0430\u0447\u0435\u0441\u0442\u0432\u0430<\/h3><div class=\"special-heading-border\"><div class=\"special-heading-inner-border\"><\/div><\/div><\/div><br \/>\n<section  class='av_textblock_section av-ldczg85g-b5d35497194a72d0bac22ca40da90f7b'  itemscope=\"itemscope\" itemtype=\"https:\/\/schema.org\/CreativeWork\" ><div class='avia_textblock'  itemprop=\"text\" ><section class=\"av_textblock_section \">\n<div class=\"avia_textblock \">\n<p><em><strong>\u041d\u0430\u0448\u0430 \u043c\u0438\u0441\u0441\u0438\u044f;\u00a0 <\/strong><\/em>IMAS A.\u015e. \u044f\u0432\u043b\u044f\u0435\u0442\u0441\u044f \u044d\u043a\u0441\u043f\u0435\u0440\u0442\u043d\u043e\u0439 \u043e\u0440\u0433\u0430\u043d\u0438\u0437\u0430\u0446\u0438\u0435\u0439, \u0438\u0437\u0432\u0435\u0441\u0442\u043d\u043e\u0439 \u0441\u0432\u043e\u0435\u0439 \u043d\u0430\u0434\u0435\u0436\u043d\u043e\u0441\u0442\u044c\u044e, \u043e\u043f\u044b\u0442\u043e\u043c \u0438 \u043d\u0435\u043e\u0442\u044a\u0435\u043c\u043b\u0435\u043c\u044b\u043c \u043f\u0440\u0438\u043d\u0446\u0438\u043f\u043e\u043c \u0447\u0435\u0441\u0442\u043d\u043e\u0441\u0442\u0438 \u0432 \u0441\u0435\u043a\u0442\u043e\u0440\u0435 \u043a\u043e\u043d\u0434\u0438\u0446\u0438\u043e\u043d\u0438\u0440\u043e\u0432\u0430\u043d\u0438\u044f, \u043e\u0445\u043b\u0430\u0436\u0434\u0435\u043d\u0438\u044f \u0438 \u0432\u0435\u043d\u0442\u0438\u043b\u044f\u0446\u0438\u0438. \u041d\u0430\u0448\u0435 \u0432\u0438\u0434\u0435\u043d\u0438\u0435; \u0421 \u043d\u0430\u0448\u0435\u0439 \u0441\u0442\u0440\u0443\u043a\u0442\u0443\u0440\u043e\u0439 \u0443\u043f\u0440\u0430\u0432\u043b\u0435\u043d\u0438\u044f, \u043e\u0442\u043a\u0440\u044b\u0442\u043e\u0439 \u0434\u043b\u044f \u0438\u043d\u043d\u043e\u0432\u0430\u0446\u0438\u0439, \u043e\u0431\u0435\u0441\u043f\u0435\u0447\u0438\u0432\u0430\u044f \u0431\u0435\u0437\u043e\u043f\u0430\u0441\u043d\u044b\u0435 \u0438 \u0437\u0434\u043e\u0440\u043e\u0432\u044b\u0435 \u0443\u0441\u043b\u043e\u0432\u0438\u044f \u0442\u0440\u0443\u0434\u0430 \u0438 \u043f\u043e\u0432\u044b\u0448\u0430\u044f \u043a\u0430\u0447\u0435\u0441\u0442\u0432\u043e \u0438 \u044d\u0444\u0444\u0435\u043a\u0442\u0438\u0432\u043d\u043e\u0441\u0442\u044c, \u043e\u0431\u0435\u0441\u043f\u0435\u0447\u0438\u0432\u0430\u044f \u0431\u0435\u0437\u043e\u043f\u0430\u0441\u043d\u044b\u0435 \u0438 \u0437\u0434\u043e\u0440\u043e\u0432\u044b\u0435 \u0443\u0441\u043b\u043e\u0432\u0438\u044f \u0442\u0440\u0443\u0434\u0430, \u043f\u0435\u0440\u0435\u0432\u0435\u0441\u0442\u0438 \u043d\u0430\u0448\u0435 \u043f\u043e\u043b\u043e\u0436\u0435\u043d\u0438\u0435 \u043a \u043b\u0438\u0434\u0435\u0440\u0441\u0442\u0432\u0443 \u0432 \u043d\u0430\u0448\u0438\u0445 \u043e\u0431\u043b\u0430\u0441\u0442\u044f\u0445 \u0434\u0435\u044f\u0442\u0435\u043b\u044c\u043d\u043e\u0441\u0442\u0438 \u0432 \u043d\u0430\u0448\u0435\u043c \u0441\u0435\u043a\u0442\u043e\u0440\u0435.<\/p>\n<p><em><strong>\u041c\u044b \u0432\u0435\u0440\u0438\u043c, \u0447\u0442\u043e \u0434\u043e\u0441\u0442\u0438\u0436\u0435\u043d\u0438\u0435 \u043d\u0430\u0448\u0435\u0439 \u0446\u0435\u043b\u0438 \u0431\u0443\u0434\u0435\u0442 \u0434\u043e\u0441\u0442\u0438\u0433\u043d\u0443\u0442\u043e \u0441 \u043f\u043e\u043c\u043e\u0449\u044c\u044e &#8220;\u0423\u0434\u043e\u0432\u043b\u0435\u0442\u0432\u043e\u0440\u0435\u043d\u0438\u044f \u043a\u043b\u0438\u0435\u043d\u0442\u043e\u0432&#8221;. \u0412 \u0441\u0432\u044f\u0437\u0438 \u0441 \u044d\u0442\u0438\u043c;<\/strong><\/em><\/p>\n<ul>\n<li>\u041c\u044b \u043f\u0440\u0438\u043d\u044f\u043b\u0438 \u043f\u0440\u0438\u043d\u0446\u0438\u043f\u044b \u0434\u043b\u044f \u0442\u043e\u0433\u043e, \u0447\u0442\u043e\u0431\u044b \u0441\u043e\u0437\u0434\u0430\u0442\u044c \u0441\u0438\u0441\u0442\u0435\u043c\u0443, \u043a\u043e\u0442\u043e\u0440\u0430\u044f \u0443\u0432\u0435\u043b\u0438\u0447\u0438\u0432\u0430\u0435\u0442 \u0441\u043f\u043e\u0441\u043e\u0431\u043d\u043e\u0441\u0442\u044c \u0438 \u0432\u043e\u0437\u043c\u043e\u0436\u043d\u043e\u0441\u0442\u044c \u043e\u0442\u0432\u0435\u0447\u0430\u0442\u044c \u043d\u0430 \u0437\u0430\u043f\u0440\u043e\u0441\u044b \u0438 \u043e\u0436\u0438\u0434\u0430\u043d\u0438\u044f \u0432\u0441\u0435\u0445 \u0441\u0442\u043e\u0440\u043e\u043d \u0432 \u0440\u0430\u043c\u043a\u0430\u0445 \u0421\u041c\u041a ISO 9001 \u0438 \u0421\u0438\u0441\u0442\u0435\u043c\u044b \u043c\u0435\u043d\u0435\u0434\u0436\u043c\u0435\u043d\u0442\u0430 \u043e\u0445\u0440\u0430\u043d\u044b \u0442\u0440\u0443\u0434\u0430 TS 45001 \u0432 \u0441\u043e\u043e\u0442\u0432\u0435\u0442\u0441\u0442\u0432\u0438\u0438 \u0441 \u0446\u0435\u043b\u044c\u044e \u0438 \u043a\u043e\u043d\u0442\u0435\u043a\u0441\u0442\u043e\u043c \u043e\u0440\u0433\u0430\u043d\u0438\u0437\u0430\u0446\u0438\u0438, \u0441 \u0443\u0447\u0435\u0442\u043e\u043c \u043f\u0440\u0430\u0432\u043e\u0432\u044b\u0445 \u0438 \u0434\u0440\u0443\u0433\u0438\u0445 \u0443\u0441\u043b\u043e\u0432\u0438\u0439,<\/li>\n<li>\u041f\u043e\u0432\u044b\u0448\u0430\u0442\u044c \u0443\u0434\u043e\u0432\u043b\u0435\u0442\u0432\u043e\u0440\u0435\u043d\u043d\u043e\u0441\u0442\u044c \u043a\u043b\u0438\u0435\u043d\u0442\u043e\u0432, \u043e\u0442\u0432\u0435\u0447\u0430\u044f \u043d\u0430 \u0437\u0430\u043f\u0440\u043e\u0441\u044b \u0438 \u043e\u0436\u0438\u0434\u0430\u043d\u0438\u044f \u043a\u043b\u0438\u0435\u043d\u0442\u043e\u0432 \u0432 \u043d\u0430\u0438\u0431\u043e\u043b\u0435\u0435 \u044d\u043a\u043e\u043d\u043e\u043c\u0438\u0447\u043d\u044b\u0435 \u0438 \u043a\u043e\u0440\u043e\u0442\u043a\u0438\u0435 \u0441\u0440\u043e\u043a\u0438 \u0441 \u043e\u0440\u0438\u0435\u043d\u0442\u0430\u0446\u0438\u0435\u0439 \u043d\u0430 \u043a\u0430\u0447\u0435\u0441\u0442\u0432\u043e, \u0438\u0441\u043f\u043e\u043b\u044c\u0437\u0443\u044f \u0441\u0432\u043e\u0439 \u043e\u043f\u044b\u0442, \u0438\u043d\u0436\u0435\u043d\u0435\u0440\u043d\u044b\u0435 \u0438 \u0442\u0435\u0445\u043d\u0438\u0447\u0435\u0441\u043a\u0438\u0435 \u0437\u043d\u0430\u043d\u0438\u044f \u0432 \u0440\u0430\u043c\u043a\u0430\u0445 \u0441\u0438\u0441\u0442\u0435\u043c\u044b \u043c\u0435\u043d\u0435\u0434\u0436\u043c\u0435\u043d\u0442\u0430 \u043a\u0430\u0447\u0435\u0441\u0442\u0432\u0430 \u043d\u0430\u0438\u043b\u0443\u0447\u0448\u0438\u043c \u043e\u0431\u0440\u0430\u0437\u043e\u043c,<\/li>\n<li>\u041c\u0438\u043d\u0438\u043c\u0438\u0437\u0430\u0446\u0438\u044f \u043e\u043f\u0430\u0441\u043d\u043e\u0441\u0442\u0435\u0439 \u0438 \u0440\u0438\u0441\u043a\u043e\u0432 \u043f\u0443\u0442\u0435\u043c \u043e\u0431\u0435\u0441\u043f\u0435\u0447\u0435\u043d\u0438\u044f \u0431\u0435\u0437\u043e\u043f\u0430\u0441\u043d\u044b\u0445 \u0438 \u0437\u0434\u043e\u0440\u043e\u0432\u044b\u0445 \u0443\u0441\u043b\u043e\u0432\u0438\u0439 \u0442\u0440\u0443\u0434\u0430 \u0432 \u0440\u0430\u043c\u043a\u0430\u0445 \u0441\u0438\u0441\u0442\u0435\u043c\u044b \u0443\u043f\u0440\u0430\u0432\u043b\u0435\u043d\u0438\u044f \u043e\u0445\u0440\u0430\u043d\u043e\u0439 \u0442\u0440\u0443\u0434\u0430,<\/li>\n<li>\u041f\u0440\u0438\u043d\u044f\u0442\u044c \u0438 \u0432\u043d\u0435\u0434\u0440\u0438\u0442\u044c \u0441\u0438\u0441\u0442\u0435\u043c\u0443 \u043c\u0435\u043d\u0435\u0434\u0436\u043c\u0435\u043d\u0442\u0430 \u043a\u0430\u0447\u0435\u0441\u0442\u0432\u0430 \u0438 \u0441\u0438\u0441\u0442\u0435\u043c\u0443 \u0443\u043f\u0440\u0430\u0432\u043b\u0435\u043d\u0438\u044f \u043e\u0445\u0440\u0430\u043d\u043e\u0439 \u0442\u0440\u0443\u0434\u0430, \u043e\u0441\u043d\u043e\u0432\u0430\u043d\u043d\u0443\u044e \u043d\u0430 \u043f\u0440\u043e\u0446\u0435\u0441\u0441\u0430\u0445 \u0438 \u0440\u0438\u0441\u043a\u0430\u0445, \u043e\u0431\u0435\u0441\u043f\u0435\u0447\u0438\u0442\u044c \u043f\u043e\u0441\u0442\u043e\u044f\u043d\u043d\u043e\u0435 \u0443\u043b\u0443\u0447\u0448\u0435\u043d\u0438\u0435 \u043f\u0443\u0442\u0435\u043c \u0430\u043d\u0430\u043b\u0438\u0437\u0430 \u0440\u0438\u0441\u043a\u043e\u0432 \u0438 \u0432\u043e\u0437\u043c\u043e\u0436\u043d\u043e\u0441\u0442\u0435\u0439, \u043e\u0431\u0435\u0441\u043f\u0435\u0447\u0438\u0442\u044c \u043d\u0435\u043f\u0440\u0435\u0440\u044b\u0432\u043d\u043e\u0441\u0442\u044c \u043f\u0443\u0442\u0435\u043c \u043f\u043e\u0432\u044b\u0448\u0435\u043d\u0438\u044f \u044d\u0444\u0444\u0435\u043a\u0442\u0438\u0432\u043d\u043e\u0441\u0442\u0438 \u043f\u0440\u043e\u0446\u0435\u0441\u0441\u043e\u0432 \u043f\u0443\u0442\u0435\u043c \u043f\u043e\u0441\u0442\u0430\u043d\u043e\u0432\u043a\u0438 \u0434\u043e\u0441\u0442\u0438\u0436\u0438\u043c\u044b\u0445 \u0438 \u0438\u0437\u043c\u0435\u0440\u0438\u043c\u044b\u0445 \u0446\u0435\u043b\u0435\u0439,<\/li>\n<li>\u0438\u043d\u0432\u0435\u0441\u0442\u0438\u0440\u043e\u0432\u0430\u0442\u044c \u0432 \u0447\u0435\u043b\u043e\u0432\u0435\u0447\u0435\u0441\u043a\u0438\u0435 \u0440\u0435\u0441\u0443\u0440\u0441\u044b, \u0440\u0430\u0431\u043e\u0447\u0443\u044e \u0441\u0440\u0435\u0434\u0443 \u0438 \u0442\u0435\u0445\u043d\u043e\u043b\u043e\u0433\u0438\u0438 \u0432 \u043f\u0440\u043e\u0446\u0435\u0441\u0441\u044b, \u043d\u0430\u043f\u0440\u0430\u0432\u043b\u0435\u043d\u043d\u044b\u0435 \u043d\u0430 \u043f\u043e\u0432\u044b\u0448\u0435\u043d\u0438\u0435 \u0443\u0434\u043e\u0432\u043b\u0435\u0442\u0432\u043e\u0440\u0435\u043d\u043d\u043e\u0441\u0442\u0438 \u043a\u043b\u0438\u0435\u043d\u0442\u043e\u0432,<\/li>\n<li>\u0412 \u0440\u0430\u043c\u043a\u0430\u0445 \u0437\u0430\u043a\u043e\u043d\u0430 \u043e\u0431 \u043e\u0445\u0440\u0430\u043d\u0435 \u0442\u0440\u0443\u0434\u0430 \u2116 6331 \u0437\u0430\u0431\u043e\u0442\u0438\u0442\u044c\u0441\u044f \u043e \u0437\u0434\u043e\u0440\u043e\u0432\u044c\u0435 \u0440\u0430\u0431\u043e\u0447\u0438\u0445 \u0438 \u0441\u043b\u0443\u0436\u0430\u0449\u0438\u0445 \u0438 \u0432\u044b\u043f\u043e\u043b\u043d\u044f\u0442\u044c \u0442\u0440\u0435\u0431\u043e\u0432\u0430\u043d\u0438\u044f \u0432 \u044d\u0442\u043e\u043c \u043d\u0430\u043f\u0440\u0430\u0432\u043b\u0435\u043d\u0438\u0438,<\/li>\n<li>\u043e\u0431\u0435\u0441\u043f\u0435\u0447\u0438\u0432\u0430\u0442\u044c \u043d\u0435\u043e\u0431\u0445\u043e\u0434\u0438\u043c\u043e\u0435 \u043e\u0431\u0443\u0447\u0435\u043d\u0438\u0435 \u0434\u043b\u044f \u0440\u0430\u0437\u0432\u0438\u0442\u0438\u044f, \u043a\u043e\u043c\u043f\u0435\u0442\u0435\u043d\u0442\u043d\u043e\u0441\u0442\u0438 \u0438 \u043e\u0441\u0432\u0435\u0434\u043e\u043c\u043b\u0435\u043d\u043d\u043e\u0441\u0442\u0438 \u0441\u0432\u043e\u0438\u0445 \u0441\u043e\u0442\u0440\u0443\u0434\u043d\u0438\u043a\u043e\u0432 \u0432 \u0441\u0432\u043e\u0438\u0445 \u043f\u0440\u043e\u0444\u0435\u0441\u0441\u0438\u044f\u0445,<\/li>\n<li>\u0418\u0437\u0443\u0447\u0430\u0442\u044c \u043d\u043e\u0432\u044b\u0435 \u0442\u0435\u0445\u043d\u043e\u043b\u043e\u0433\u0438\u0438 \u0441 \u043f\u043e\u043c\u043e\u0449\u044c\u044e \u041d\u0418\u041e\u041a\u0420, \u0441\u043b\u0435\u0434\u0438\u0442\u044c \u0437\u0430 \u043e\u0442\u0435\u0447\u0435\u0441\u0442\u0432\u0435\u043d\u043d\u044b\u043c\u0438 \u0438 \u0437\u0430\u0440\u0443\u0431\u0435\u0436\u043d\u044b\u043c\u0438 \u0442\u0435\u0445\u043d\u043e\u043b\u043e\u0433\u0438\u044f\u043c\u0438, \u0441\u043e\u0432\u0435\u0440\u0448\u0435\u043d\u0441\u0442\u0432\u043e\u0432\u0430\u0442\u044c \u043d\u0430\u0448\u0443 \u043f\u0440\u043e\u0434\u0443\u043a\u0446\u0438\u044e, \u043a\u043e\u0442\u043e\u0440\u0443\u044e \u043c\u044b \u043f\u0440\u0435\u0434\u043b\u0430\u0433\u0430\u0435\u043c \u043d\u0430 \u0441\u043e\u0431\u0441\u0442\u0432\u0435\u043d\u043d\u043e\u043c \u0440\u044b\u043d\u043a\u0435, \u0438 \u043f\u0440\u0435\u0434\u043b\u0430\u0433\u0430\u0442\u044c \u043d\u0430\u0448 \u0430\u0441\u0441\u043e\u0440\u0442\u0438\u043c\u0435\u043d\u0442, \u043e\u0431\u043e\u0433\u0430\u0449\u0435\u043d\u043d\u044b\u0439 \u043d\u043e\u0432\u044b\u043c\u0438 \u043f\u0440\u043e\u0434\u0443\u043a\u0442\u0430\u043c\u0438, \u043a \u0443\u0441\u043b\u0443\u0433\u0430\u043c \u043d\u0430\u0448\u0438\u0445 \u043a\u043b\u0438\u0435\u043d\u0442\u043e\u0432.<\/li>\n<\/ul>\n<p>\u0411\u043b\u0430\u0433\u043e\u0434\u0430\u0440\u044f \u0434\u0440\u0443\u0436\u043d\u043e\u043c\u0443, \u0434\u0438\u043d\u0430\u043c\u0438\u0447\u043d\u043e\u043c\u0443 \u0438 \u043e\u043f\u044b\u0442\u043d\u043e\u043c\u0443 \u043f\u0435\u0440\u0441\u043e\u043d\u0430\u043b\u0443 \u0438 \u0441\u0438\u0441\u0442\u0435\u043c\u0435 \u0440\u0430\u0431\u043e\u0442\u044b, \u043f\u0440\u0438\u043d\u044f\u0432\u0448\u0435\u0439 \u043a\u043e\u043c\u0430\u043d\u0434\u043d\u044b\u0439 \u0434\u0443\u0445, <b>\u043a\u043e\u043c\u043f\u0430\u043d\u0438\u044f IMAS A.\u015e<\/b><em><b>\u0432\u044b\u043f\u043e\u043b\u043d\u044f\u0435\u0442 \u0442\u0440\u0435\u0431\u043e\u0432\u0430\u043d\u0438\u044f \u0441\u0442\u0430\u043d\u0434\u0430\u0440\u0442\u043e\u0432<br \/>\nTS-EN ISO 9001:2015 \u0438 TS ISO 45001<\/b><\/em>\u043e\u0431\u0435\u0441\u043f\u0435\u0447\u0438\u0432\u0430\u0435\u0442 \u044d\u0442\u043e \u0431\u043b\u0430\u0433\u043e\u0434\u0430\u0440\u044f \u0443\u0447\u0430\u0441\u0442\u0438\u044e \u0438 \u0443\u0441\u0438\u043b\u0438\u044f\u043c \u0432\u0441\u0435\u0445 \u0441\u0432\u043e\u0438\u0445 \u0441\u043e\u0442\u0440\u0443\u0434\u043d\u0438\u043a\u043e\u0432.\u00a0 \u041d\u0430\u0448\u0430 \u043a\u043e\u043c\u043f\u0430\u043d\u0438\u044f, \u043a\u043e\u0442\u043e\u0440\u0430\u044f \u0441\u0447\u0438\u0442\u0430\u0435\u0442, \u0447\u0442\u043e \u0435\u0435 \u0443\u0441\u043f\u0435\u0445 \u043e\u0441\u043d\u043e\u0432\u0430\u043d \u043d\u0430 \u0443\u0434\u043e\u0432\u043b\u0435\u0442\u0432\u043e\u0440\u0435\u043d\u043d\u043e\u0441\u0442\u0438 \u0441\u043e\u0442\u0440\u0443\u0434\u043d\u0438\u043a\u043e\u0432, \u0443\u0434\u043e\u0432\u043b\u0435\u0442\u0432\u043e\u0440\u0435\u043d\u043d\u043e\u0441\u0442\u0438 \u043a\u043b\u0438\u0435\u043d\u0442\u043e\u0432 \u0438 \u0447\u0435\u0441\u0442\u043d\u043e\u0441\u0442\u0438, \u0431\u0443\u0434\u0435\u0442 \u043f\u0440\u043e\u0434\u043e\u043b\u0436\u0430\u0442\u044c \u0438 \u0441\u043e\u0432\u0435\u0440\u0448\u0435\u043d\u0441\u0442\u0432\u043e\u0432\u0430\u0442\u044c \u0441\u0432\u043e\u044e \u0440\u0430\u0431\u043e\u0442\u0443 \u0432 \u044d\u0442\u043e\u043c \u043d\u0430\u043f\u0440\u0430\u0432\u043b\u0435\u043d\u0438\u0438.<\/p>\n<\/div>\n<\/section>\n<\/div><\/section><\/p><\/div>\n","protected":false},"excerpt":{"rendered":"","protected":false},"author":1,"featured_media":0,"parent":0,"menu_order":0,"comment_status":"closed","ping_status":"closed","template":"","meta":{"footnotes":""},"class_list":["post-3937","page","type-page","status-publish","hentry"],"_links":{"self":[{"href":"https:\/\/imasklima.com.tr\/ru\/wp-json\/wp\/v2\/pages\/3937","targetHints":{"allow":["GET"]}}],"collection":[{"href":"https:\/\/imasklima.com.tr\/ru\/wp-json\/wp\/v2\/pages"}],"about":[{"href":"https:\/\/imasklima.com.tr\/ru\/wp-json\/wp\/v2\/types\/page"}],"author":[{"embeddable":true,"href":"https:\/\/imasklima.com.tr\/ru\/wp-json\/wp\/v2\/users\/1"}],"replies":[{"embeddable":true,"href":"https:\/\/imasklima.com.tr\/ru\/wp-json\/wp\/v2\/comments?post=3937"}],"version-history":[{"count":3,"href":"https:\/\/imasklima.com.tr\/ru\/wp-json\/wp\/v2\/pages\/3937\/revisions"}],"predecessor-version":[{"id":4321,"href":"https:\/\/imasklima.com.tr\/ru\/wp-json\/wp\/v2\/pages\/3937\/revisions\/4321"}],"wp:attachment":[{"href":"https:\/\/imasklima.com.tr\/ru\/wp-json\/wp\/v2\/media?parent=3937"}],"curies":[{"name":"wp","href":"https:\/\/api.w.org\/{rel}","templated":true}]}}