{"id":3606,"date":"2022-12-07T14:30:18","date_gmt":"2022-12-07T11:30:18","guid":{"rendered":"https:\/\/imasklima.com.tr\/ru\/?page_id=3606"},"modified":"2023-06-05T10:07:50","modified_gmt":"2023-06-05T07:07:50","slug":"kurumsal","status":"publish","type":"page","link":"https:\/\/imasklima.com.tr\/ru\/kurumsal\/","title":{"rendered":"KURUMSAL"},"content":{"rendered":"<div id='urunler' aria-label='urunler' class='avia-section av-wlrb1y-fc8e49d3043834899c535b6d3d1ea7e7 main_color avia-section-default avia-no-border-styling  avia-builder-el-0  avia-builder-el-no-sibling  urunler urunler avia-bg-style-scroll container_wrap fullsize'  ><div class='container av-section-cont-open' ><main  role=\"main\" itemprop=\"mainContentOfPage\"  class='template-page content  av-content-full alpha units'><div class='post-entry post-entry-type-page post-entry-3606'><div class='entry-content-wrapper clearfix'>\n\n<style type=\"text\/css\" data-created_by=\"avia_inline_auto\" id=\"style-css-av-ldcxg8wn-598e27b3b9377d0cfe6ab6768dddf4db\">\n#top .av-special-heading.av-ldcxg8wn-598e27b3b9377d0cfe6ab6768dddf4db{\npadding-bottom:10px;\n}\nbody .av-special-heading.av-ldcxg8wn-598e27b3b9377d0cfe6ab6768dddf4db .av-special-heading-tag .heading-char{\nfont-size:25px;\n}\n.av-special-heading.av-ldcxg8wn-598e27b3b9377d0cfe6ab6768dddf4db .av-subheading{\nfont-size:15px;\n}\n<\/style>\n<div  id=\"baslik\"  class='av-special-heading av-ldcxg8wn-598e27b3b9377d0cfe6ab6768dddf4db av-special-heading-h3 blockquote modern-quote modern-centered  avia-builder-el-1  el_before_av_one_full  avia-builder-el-first  baslik baslik'><div class='av-subheading av-subheading_above'><p>\u0130MAS \u0130KL\u0130MLEND\u0130RME<\/p>\n<\/div><h3 class='av-special-heading-tag'  itemprop=\"headline\"  >\u041e \u043d\u0430\u0441<\/h3><div class=\"special-heading-border\"><div class=\"special-heading-inner-border\"><\/div><\/div><\/div>\n<div class='flex_column av-2o2so6-1d745d0fcf099eac785d19b937bb6051 av_one_full  avia-builder-el-2  el_after_av_heading  el_before_av_one_full  first flex_column_div '     ><p>\n<style type=\"text\/css\" data-created_by=\"avia_inline_auto\" id=\"style-css-av-ldcxkklf-5411a24bcd9c655dfb2dd64def60b882\">\n.avia-image-container.av-ldcxkklf-5411a24bcd9c655dfb2dd64def60b882 img.avia_image{\nbox-shadow:none;\n}\n.avia-image-container.av-ldcxkklf-5411a24bcd9c655dfb2dd64def60b882 .av-image-caption-overlay-center{\ncolor:#ffffff;\n}\n<\/style>\n<div  class='avia-image-container av-ldcxkklf-5411a24bcd9c655dfb2dd64def60b882 av-styling- avia-align-center  avia-builder-el-3  el_before_av_codeblock  avia-builder-el-first '   itemprop=\"image\" itemscope=\"itemscope\" itemtype=\"https:\/\/schema.org\/ImageObject\" ><div class=\"avia-image-container-inner\"><div class=\"avia-image-overlay-wrap\"><img decoding=\"async\" class='wp-image-3901 avia-img-lazy-loading-not-3901 avia_image ' src=\"https:\/\/imasklima.com.tr\/ru\/wp-content\/uploads\/2023\/01\/imas-klima.png\" alt='' title='imas-klima'  height=\"458\" width=\"1192\"  itemprop=\"thumbnailUrl\" srcset=\"https:\/\/imasklima.com.tr\/ru\/wp-content\/uploads\/2023\/01\/imas-klima.png 1192w, https:\/\/imasklima.com.tr\/ru\/wp-content\/uploads\/2023\/01\/imas-klima-300x115.png 300w, https:\/\/imasklima.com.tr\/ru\/wp-content\/uploads\/2023\/01\/imas-klima-1030x396.png 1030w, https:\/\/imasklima.com.tr\/ru\/wp-content\/uploads\/2023\/01\/imas-klima-768x295.png 768w, https:\/\/imasklima.com.tr\/ru\/wp-content\/uploads\/2023\/01\/imas-klima-705x271.png 705w\" sizes=\"(max-width: 1192px) 100vw, 1192px\" \/><\/div><\/div><\/div><br \/>\n<\/p><\/div>\n<style type=\"text\/css\" data-created_by=\"avia_inline_auto\" id=\"style-css-av-32p7ae-4b30bcf64119b1a8dac53debf3c6c8a3\">\n#top .flex_column.av-32p7ae-4b30bcf64119b1a8dac53debf3c6c8a3{\nmargin-top:-3%;\nmargin-bottom:0px;\n}\n.flex_column.av-32p7ae-4b30bcf64119b1a8dac53debf3c6c8a3{\nwidth:100%;\n}\n.responsive #top #wrap_all .flex_column.av-32p7ae-4b30bcf64119b1a8dac53debf3c6c8a3{\nmargin-top:-3%;\nmargin-bottom:0px;\n}\n<\/style>\n<div class='flex_column av-32p7ae-4b30bcf64119b1a8dac53debf3c6c8a3 av_one_full  avia-builder-el-5  el_after_av_one_full  avia-builder-el-last  cevre cevre first flex_column_div column-top-margin'     id=\"cevre\"   aria-label='cevre' ><section  class='av_textblock_section av-ldcxgk4j-83874cb36e2effc87bf9ce08cfa8446e'  itemscope=\"itemscope\" itemtype=\"https:\/\/schema.org\/CreativeWork\" ><div class='avia_textblock'  itemprop=\"text\" ><p>\u043a\u0430\u043a Imas, \u043c\u044b \u043f\u0440\u0435\u0434\u043b\u0430\u0433\u0430\u0435\u043c \u0438\u043d\u043d\u043e\u0432\u0430\u0446\u0438\u043e\u043d\u043d\u044b\u0435 \u043f\u0440\u043e\u0434\u0443\u043a\u0442\u044b \u0438 \u0440\u0435\u0448\u0435\u043d\u0438\u044f \u0432 \u043e\u0431\u043b\u0430\u0441\u0442\u0438 \u043e\u0445\u043b\u0430\u0436\u0434\u0435\u043d\u0438\u044f, \u043a\u043e\u043d\u0434\u0438\u0446\u0438\u043e\u043d\u0438\u0440\u043e\u0432\u0430\u043d\u0438\u044f \u0438 \u0432\u0435\u043d\u0442\u0438\u043b\u044f\u0446\u0438\u0438 \u0434\u043b\u044f \u043a\u043e\u043c\u043c\u0435\u0440\u0447\u0435\u0441\u043a\u0438\u0445, \u043f\u0440\u043e\u043c\u044b\u0448\u043b\u0435\u043d\u043d\u044b\u0445, \u0438\u043d\u0441\u0442\u0438\u0442\u0443\u0446\u0438\u043e\u043d\u0430\u043b\u044c\u043d\u044b\u0445 \u0437\u0434\u0430\u043d\u0438\u0439 \u0438 \u0436\u0438\u043b\u044b\u0445 \u0434\u043e\u043c\u043e\u0432. \u041c\u044b \u0441\u043e\u0447\u0435\u0442\u0430\u0435\u043c \u0442\u0435\u0445\u043d\u043e\u043b\u043e\u0433\u0438\u0438 \u0438 \u0438\u043d\u0436\u0435\u043d\u0435\u0440\u043d\u044b\u0435 \u0440\u0430\u0437\u0440\u0430\u0431\u043e\u0442\u043a\u0438 \u0441 \u043d\u0430\u0448\u0438\u043c\u0438 \u0437\u043d\u0430\u043d\u0438\u044f\u043c\u0438, \u043e\u043f\u044b\u0442\u043e\u043c \u0438 \u0433\u043b\u043e\u0431\u0430\u043b\u044c\u043d\u044b\u043c \u0432\u0438\u0434\u0435\u043d\u0438\u0435\u043c \u0432 \u043e\u0431\u043b\u0430\u0441\u0442\u0438 \u043a\u043e\u043d\u0434\u0438\u0446\u0438\u043e\u043d\u0438\u0440\u043e\u0432\u0430\u043d\u0438\u044f; \u043c\u044b \u0443\u043b\u0443\u0447\u0448\u0430\u0435\u043c \u0432\u043e\u0437\u0434\u0443\u0445 \u0432 \u043f\u043e\u043c\u0435\u0449\u0435\u043d\u0438\u044f\u0445, \u0433\u0434\u0435 \u0440\u0430\u0431\u043e\u0442\u0430\u044e\u0442 \u0438 \u0436\u0438\u0432\u0443\u0442 \u043d\u0430\u0448\u0438 \u043a\u043b\u0438\u0435\u043d\u0442\u044b, \u0430 \u0442\u0430\u043a\u0436\u0435 \u043a\u0430\u0447\u0435\u0441\u0442\u0432\u043e \u043f\u0440\u043e\u0434\u0443\u043a\u0446\u0438\u0438 \u0432 \u043f\u0440\u043e\u0446\u0435\u0441\u0441\u0435 \u043f\u0440\u043e\u0438\u0437\u0432\u043e\u0434\u0441\u0442\u0432\u0430.<br \/>\n\u0412 \u0442\u0435\u0447\u0435\u043d\u0438\u0435 \u043d\u0430\u0448\u0435\u0433\u043e \u043f\u043e\u043b\u0443\u0432\u0435\u043a\u043e\u0432\u043e\u0433\u043e \u043e\u043f\u044b\u0442\u0430 \u043f\u0440\u043e\u0438\u0437\u0432\u043e\u0434\u0441\u0442\u0432\u0430 \u0438 \u043c\u0430\u0440\u043a\u0435\u0442\u0438\u043d\u0433\u0430 \u0432 \u0441\u0435\u043a\u0442\u043e\u0440\u0435 \u043a\u043e\u043d\u0434\u0438\u0446\u0438\u043e\u043d\u0438\u0440\u043e\u0432\u0430\u043d\u0438\u044f \u0432\u043e\u0437\u0434\u0443\u0445\u0430 \u043c\u044b \u0431\u044b\u043b\u0438 \u043f\u0438\u043e\u043d\u0435\u0440\u0430\u043c\u0438 \u0438 \u0440\u0435\u0430\u043b\u0438\u0437\u0430\u0442\u043e\u0440\u0430\u043c\u0438 \u043c\u043d\u043e\u0433\u0438\u0445 \u0438\u043d\u043d\u043e\u0432\u0430\u0446\u0438\u043e\u043d\u043d\u044b\u0445 \u0438\u0434\u0435\u0439. \u041d\u0430 \u043d\u0430\u0448\u0435\u043c \u0441\u043e\u0432\u0440\u0435\u043c\u0435\u043d\u043d\u043e\u043c \u0437\u0430\u0432\u043e\u0434\u0435 \u0432 \u0418\u0437\u043c\u0438\u0440\u0435 \u043f\u0440\u043e\u0438\u0437\u0432\u043e\u0434\u044f\u0442\u0441\u044f \u043a\u043e\u043d\u0434\u0438\u0446\u0438\u043e\u043d\u0435\u0440\u044b \u0441 \u0432\u043e\u0437\u0434\u0443\u0448\u043d\u044b\u043c \u0438 \u0432\u043e\u0434\u044f\u043d\u044b\u043c \u043e\u0445\u043b\u0430\u0436\u0434\u0435\u043d\u0438\u0435\u043c \u0441\u043f\u043b\u0438\u0442 \u0438 \u043f\u0430\u043a\u0435\u0442\u043d\u043e\u0433\u043e \u0442\u0438\u043f\u0430, \u0440\u0430\u0434\u0438\u0430\u043b\u044c\u043d\u043e-\u043e\u0441\u0435\u0432\u044b\u0435 \u0432\u0435\u043d\u0442\u0438\u043b\u044f\u0442\u043e\u0440\u044b, \u0432\u043e\u0434\u044f\u043d\u044b\u0435 \u0433\u0440\u0430\u0434\u0438\u0440\u043d\u0438 \u043e\u0442\u043a\u0440\u044b\u0442\u043e\u0433\u043e \u0438 \u0437\u0430\u043a\u0440\u044b\u0442\u043e\u0433\u043e \u0442\u0438\u043f\u0430, \u0444\u0430\u043d\u043a\u043e\u0439\u043b\u044b, \u0441\u0438\u0441\u0442\u0435\u043c\u044b \u043a\u043e\u043d\u0434\u0438\u0446\u0438\u043e\u043d\u0438\u0440\u043e\u0432\u0430\u043d\u0438\u044f \u0432\u043e\u0437\u0434\u0443\u0445\u0430 \u0441\u043f\u0435\u0446\u0438\u0430\u043b\u044c\u043d\u043e\u0433\u043e \u0442\u0438\u043f\u0430, \u043a\u043e\u043d\u0434\u0438\u0446\u0438\u043e\u043d\u0435\u0440\u044b \u0441 \u043f\u0440\u0435\u0446\u0438\u0437\u0438\u043e\u043d\u043d\u044b\u043c \u0443\u043f\u0440\u0430\u0432\u043b\u0435\u043d\u0438\u0435\u043c, \u0432\u043e\u0434\u044f\u043d\u044b\u0435 \u0447\u0438\u043b\u043b\u0435\u0440\u044b, \u0431\u043b\u043e\u0447\u043d\u044b\u0435 \u043d\u0430\u0433\u0440\u0435\u0432\u0430\u0442\u0435\u043b\u0438, \u044d\u043b\u0435\u043a\u0442\u0440\u043e\u0441\u0442\u0430\u043d\u0446\u0438\u0438 \u0438 \u0432\u0435\u043d\u0442\u0438\u043b\u044f\u0446\u0438\u043e\u043d\u043d\u044b\u0435 \u043a\u0430\u043c\u0435\u0440\u044b. \u041d\u0430\u0448 \u0437\u0430\u0432\u043e\u0434, \u043a\u043e\u0442\u043e\u0440\u044b\u0439 \u044f\u0432\u043b\u044f\u0435\u0442\u0441\u044f \u043e\u0434\u043d\u0438\u043c \u0438\u0437 \u0432\u0435\u0434\u0443\u0449\u0438\u0445 \u043e\u0431\u044a\u0435\u043a\u0442\u043e\u0432 \u043d\u0430\u0448\u0435\u0439 \u0441\u0442\u0440\u0430\u043d\u044b \u043f\u043e \u0441\u0432\u043e\u0438\u043c \u0442\u0435\u0445\u043d\u043e\u043b\u043e\u0433\u0438\u044f\u043c \u0438 \u0432\u043e\u0437\u043c\u043e\u0436\u043d\u043e\u0441\u0442\u044f\u043c \u043c\u0438\u0440\u043e\u0432\u043e\u0433\u043e \u043a\u043b\u0430\u0441\u0441\u0430, \u044f\u0432\u043b\u044f\u0435\u0442\u0441\u044f \u043e\u0434\u043d\u0438\u043c \u0438\u0437 \u043d\u0435\u043c\u043d\u043e\u0433\u0438\u0445 \u043f\u0440\u0435\u0434\u043f\u0440\u0438\u044f\u0442\u0438\u0439 \u0432 \u0441\u0435\u043a\u0442\u043e\u0440\u0435 \u043a\u043e\u043d\u0434\u0438\u0446\u0438\u043e\u043d\u0438\u0440\u043e\u0432\u0430\u043d\u0438\u044f, \u0441\u043f\u043e\u0441\u043e\u0431\u043d\u044b\u0445 \u043f\u0440\u043e\u0438\u0437\u0432\u043e\u0434\u0438\u0442\u044c \u043f\u0440\u043e\u0434\u0443\u043a\u0442\u044b \u0442\u0430\u043a\u043e\u0433\u043e \u0430\u0441\u0441\u043e\u0440\u0442\u0438\u043c\u0435\u043d\u0442\u0430.<br \/>\n\u0412 \u0441\u0435\u043a\u0442\u043e\u0440\u0435 \u043a\u043e\u043d\u0434\u0438\u0446\u0438\u043e\u043d\u0438\u0440\u043e\u0432\u0430\u043d\u0438\u044f \u043c\u044b \u0443\u0441\u0442\u0430\u043d\u0430\u0432\u043b\u0438\u0432\u0430\u0435\u043c \u043c\u0435\u0436\u0434\u0443\u043d\u0430\u0440\u043e\u0434\u043d\u044b\u0435 \u043f\u0430\u0440\u0442\u043d\u0435\u0440\u0441\u043a\u0438\u0435 \u043e\u0442\u043d\u043e\u0448\u0435\u043d\u0438\u044f, \u0447\u0442\u043e\u0431\u044b \u043f\u043e\u043b\u043d\u043e\u0441\u0442\u044c\u044e \u0441\u043e\u043e\u0442\u0432\u0435\u0442\u0441\u0442\u0432\u043e\u0432\u0430\u0442\u044c \u043e\u0436\u0438\u0434\u0430\u043d\u0438\u044f\u043c \u0438 \u043f\u043e\u0442\u0440\u0435\u0431\u043d\u043e\u0441\u0442\u044f\u043c \u043d\u0430\u0448\u0438\u0445 \u043a\u043b\u0438\u0435\u043d\u0442\u043e\u0432. \u0421 \u043c\u0438\u0440\u043e\u0432\u044b\u043c\u0438 \u0431\u0440\u0435\u043d\u0434\u0430\u043c\u0438, \u043a\u043e\u0442\u043e\u0440\u044b\u0435 \u043c\u044b \u0440\u0430\u0441\u043f\u0440\u043e\u0441\u0442\u0440\u0430\u043d\u044f\u0435\u043c, Nicotra Gebhardt \u0438 Bluebox, \u043c\u044b \u0438\u0434\u0435\u043c \u0432 \u043d\u043e\u0433\u0443 \u0441 \u043c\u0435\u043d\u044f\u044e\u0449\u0438\u043c\u0438\u0441\u044f \u043f\u043e\u0442\u0440\u0435\u0431\u043d\u043e\u0441\u0442\u044f\u043c\u0438 \u044d\u043f\u043e\u0445\u0438 \u0438 \u0432\u043d\u043e\u0441\u0438\u043c \u043d\u0435\u043f\u043e\u0441\u0440\u0435\u0434\u0441\u0442\u0432\u0435\u043d\u043d\u044b\u0439 \u0432\u043a\u043b\u0430\u0434 \u0432 \u043f\u0440\u043e\u0433\u0440\u0435\u0441\u0441 \u043d\u0430\u0448\u0438\u0445 \u043a\u043b\u0438\u0435\u043d\u0442\u043e\u0432 \u0441 \u043f\u043e\u043c\u043e\u0449\u044c\u044e \u0438\u043d\u043d\u043e\u0432\u0430\u0446\u0438\u043e\u043d\u043d\u044b\u0445 \u0438 \u0442\u0435\u0445\u043d\u043e\u043b\u043e\u0433\u0438\u0447\u0435\u0441\u043a\u0438\u0445 \u043f\u0440\u043e\u0434\u0443\u043a\u0442\u043e\u0432.<br \/>\n\u041a\u0430\u043a Imas, \u043c\u044b \u043c\u0430\u043a\u0441\u0438\u043c\u0438\u0437\u0438\u0440\u0443\u0435\u043c \u043d\u0430\u0448\u0438 \u0443\u0441\u043b\u0443\u0433\u0438, \u0438\u0441\u043f\u043e\u043b\u044c\u0437\u0443\u044f \u043d\u043e\u0432\u0435\u0439\u0448\u0438\u0435 \u0442\u0435\u0445\u043d\u043e\u043b\u043e\u0433\u0438\u0438 \u043f\u043e \u0432\u0441\u0435\u043c\u0443 \u043c\u0438\u0440\u0443; \u043c\u044b \u043f\u0440\u043e\u0434\u043e\u043b\u0436\u0430\u0435\u043c \u0440\u0430\u0441\u0442\u0438, \u0441\u043b\u0435\u0434\u0443\u044f \u043d\u0430\u0448\u0438\u043c \u043f\u0440\u0438\u043d\u0446\u0438\u043f\u0430\u043c, \u043a\u043e\u0442\u043e\u0440\u044b\u0435 \u043d\u0430\u043f\u0440\u0430\u0432\u043b\u0435\u043d\u044b \u043d\u0430 \u043a\u0430\u0447\u0435\u0441\u0442\u0432\u043e, \u0441\u0442\u0430\u0431\u0438\u043b\u044c\u043d\u043e\u0441\u0442\u044c, \u0443\u0441\u043f\u0435\u0445 \u0438 \u043b\u044e\u0431\u043e\u0432\u044c \u043a \u0441\u0435\u0440\u0432\u0438\u0441\u0443<\/p>\n<\/div><\/section><\/div>\n","protected":false},"excerpt":{"rendered":"","protected":false},"author":1,"featured_media":0,"parent":0,"menu_order":0,"comment_status":"closed","ping_status":"closed","template":"","meta":{"footnotes":""},"class_list":["post-3606","page","type-page","status-publish","hentry"],"_links":{"self":[{"href":"https:\/\/imasklima.com.tr\/ru\/wp-json\/wp\/v2\/pages\/3606","targetHints":{"allow":["GET"]}}],"collection":[{"href":"https:\/\/imasklima.com.tr\/ru\/wp-json\/wp\/v2\/pages"}],"about":[{"href":"https:\/\/imasklima.com.tr\/ru\/wp-json\/wp\/v2\/types\/page"}],"author":[{"embeddable":true,"href":"https:\/\/imasklima.com.tr\/ru\/wp-json\/wp\/v2\/users\/1"}],"replies":[{"embeddable":true,"href":"https:\/\/imasklima.com.tr\/ru\/wp-json\/wp\/v2\/comments?post=3606"}],"version-history":[{"count":20,"href":"https:\/\/imasklima.com.tr\/ru\/wp-json\/wp\/v2\/pages\/3606\/revisions"}],"predecessor-version":[{"id":4311,"href":"https:\/\/imasklima.com.tr\/ru\/wp-json\/wp\/v2\/pages\/3606\/revisions\/4311"}],"wp:attachment":[{"href":"https:\/\/imasklima.com.tr\/ru\/wp-json\/wp\/v2\/media?parent=3606"}],"curies":[{"name":"wp","href":"https:\/\/api.w.org\/{rel}","templated":true}]}}