{"id":4305,"date":"2023-06-05T09:31:54","date_gmt":"2023-06-05T06:31:54","guid":{"rendered":"https:\/\/imasklima.com.tr\/en\/?page_id=4305"},"modified":"2023-06-05T09:33:03","modified_gmt":"2023-06-05T06:33:03","slug":"kvkk","status":"publish","type":"page","link":"https:\/\/imasklima.com.tr\/en\/kvkk\/","title":{"rendered":"KVKK"},"content":{"rendered":"<div id='urunler' aria-label='urunler' class='avia-section av-2myqb5-aebb7d491d97ca4b2c50002e1646ad8e main_color avia-section-default avia-no-border-styling  avia-builder-el-0  avia-builder-el-no-sibling  urunler urunler avia-bg-style-scroll container_wrap fullsize'  ><div class='container av-section-cont-open' ><main  role=\"main\" itemprop=\"mainContentOfPage\"  class='template-page content  av-content-full alpha units'><div class='post-entry post-entry-type-page post-entry-4305'><div class='entry-content-wrapper clearfix'>\n<div class='flex_column av-liih67du-9d817c50b0a5cf2af03ee73659683a38 av_one_full  avia-builder-el-1  avia-builder-el-no-sibling  cevre cevre first flex_column_div '     id=\"cevre\"   aria-label='cevre' ><p>\n<style type=\"text\/css\" data-created_by=\"avia_inline_auto\" id=\"style-css-av-liih54se-5ffd9cfb75fee74b9b37136fe96d7ee2\">\n#top .av-special-heading.av-liih54se-5ffd9cfb75fee74b9b37136fe96d7ee2{\npadding-bottom:10px;\n}\nbody .av-special-heading.av-liih54se-5ffd9cfb75fee74b9b37136fe96d7ee2 .av-special-heading-tag .heading-char{\nfont-size:25px;\n}\n.av-special-heading.av-liih54se-5ffd9cfb75fee74b9b37136fe96d7ee2 .av-subheading{\nfont-size:15px;\n}\n<\/style>\n<div  id=\"baslik\"  class='av-special-heading av-liih54se-5ffd9cfb75fee74b9b37136fe96d7ee2 av-special-heading-h3 blockquote modern-quote modern-centered  avia-builder-el-2  el_before_av_buttonrow  avia-builder-el-first  baslik baslik'><div class='av-subheading av-subheading_above'><p>\u0130MAS \u0130KL\u0130MLEND\u0130RME<\/p>\n<\/div><h3 class='av-special-heading-tag'  itemprop=\"headline\"  >KVKK<\/h3><div class=\"special-heading-border\"><div class=\"special-heading-inner-border\"><\/div><\/div><\/div><br \/>\n<div  class='avia-buttonrow-wrap av-liih3duv-15543ce3f92ecc56a865af2ea666fc4d avia-buttonrow-right  avia-builder-el-3  el_after_av_heading  el_before_av_textblock '>\n\n<style type=\"text\/css\" data-created_by=\"avia_inline_auto\" id=\"style-css-av-liih3aw4-24b2095b549762ee5be663d36fe3b358\">\n#top #wrap_all .avia-button.av-liih3aw4-24b2095b549762ee5be663d36fe3b358{\nbackground-color:#1eae98;\nborder-color:#1eae98;\ncolor:#ffffff;\n-webkit-border-radius:0px 0px 0px 0px;\n-moz-border-radius:0px 0px 0px 0px;\nborder-radius:0px 0px 0px 0px;\n-webkit-transition:all 0.4s ease-in-out;\n-moz-transition:all 0.4s ease-in-out;\n-ms-transition:all 0.4s ease-in-out;\n-o-transition:all 0.4s ease-in-out;\ntransition:all 0.4s ease-in-out;\nmargin-bottom:5px;\nmargin-left:5px;\n}\n#top #wrap_all .avia-button.av-liih3aw4-24b2095b549762ee5be663d36fe3b358:hover{\nbackground-color:#283996;\ncolor:#ffffff;\n-webkit-transition:all 0.4s ease-in-out;\n-moz-transition:all 0.4s ease-in-out;\n-ms-transition:all 0.4s ease-in-out;\n-o-transition:all 0.4s ease-in-out;\ntransition:all 0.4s ease-in-out;\n}\n#top #wrap_all .avia-button.av-liih3aw4-24b2095b549762ee5be663d36fe3b358:hover .avia_button_background{\n-webkit-border-radius:0px 0px 0px 0px;\n-moz-border-radius:0px 0px 0px 0px;\nborder-radius:0px 0px 0px 0px;\n}\n<\/style>\n<a href='https:\/\/imasklima.com.tr\/wp-content\/uploads\/2023\/01\/cerez-politikasi.pdf' class='avia-button av-liih3aw4-24b2095b549762ee5be663d36fe3b358 avia-icon_select-yes-left-icon avia-size-large av-icon-on-hover' target=\"_blank\" rel=\"noopener noreferrer\"><span class='avia_button_icon avia_button_icon_left ' aria-hidden='true' data-av_icon='\ue823' data-av_iconfont='entypo-fontello'><\/span><span class='avia_iconbox_title' >\u00c7erez Politikas\u0131<\/span><\/a>\n\n<style type=\"text\/css\" data-created_by=\"avia_inline_auto\" id=\"style-css-av-liih3aw4-2-6f3b5d05a6c37892ff9f5ee6bd9fa045\">\n#top #wrap_all .avia-button.av-liih3aw4-2-6f3b5d05a6c37892ff9f5ee6bd9fa045{\nbackground-color:#1eae98;\nborder-color:#1eae98;\ncolor:#ffffff;\n-webkit-border-radius:0px 0px 0px 0px;\n-moz-border-radius:0px 0px 0px 0px;\nborder-radius:0px 0px 0px 0px;\n-webkit-transition:all 0.4s ease-in-out;\n-moz-transition:all 0.4s ease-in-out;\n-ms-transition:all 0.4s ease-in-out;\n-o-transition:all 0.4s ease-in-out;\ntransition:all 0.4s ease-in-out;\nmargin-bottom:5px;\nmargin-left:5px;\n}\n#top #wrap_all .avia-button.av-liih3aw4-2-6f3b5d05a6c37892ff9f5ee6bd9fa045:hover{\nbackground-color:#283996;\ncolor:#ffffff;\n-webkit-transition:all 0.4s ease-in-out;\n-moz-transition:all 0.4s ease-in-out;\n-ms-transition:all 0.4s ease-in-out;\n-o-transition:all 0.4s ease-in-out;\ntransition:all 0.4s ease-in-out;\n}\n#top #wrap_all .avia-button.av-liih3aw4-2-6f3b5d05a6c37892ff9f5ee6bd9fa045:hover .avia_button_background{\n-webkit-border-radius:0px 0px 0px 0px;\n-moz-border-radius:0px 0px 0px 0px;\nborder-radius:0px 0px 0px 0px;\n}\n<\/style>\n<a href='https:\/\/imasklima.com.tr\/wp-content\/uploads\/2023\/01\/gizlilik-politikasi.pdf' class='avia-button av-liih3aw4-2-6f3b5d05a6c37892ff9f5ee6bd9fa045 avia-icon_select-yes-left-icon avia-size-large av-icon-on-hover' target=\"_blank\" rel=\"noopener noreferrer\"><span class='avia_button_icon avia_button_icon_left ' aria-hidden='true' data-av_icon='\ue823' data-av_iconfont='entypo-fontello'><\/span><span class='avia_iconbox_title' >Gizlilik Politikas\u0131<\/span><\/a>\n<\/div><br \/>\n<section  class='av_textblock_section av-liih1ixx-76bfe76719ef2ee6ddf27c78047339aa'  itemscope=\"itemscope\" itemtype=\"https:\/\/schema.org\/CreativeWork\" ><div class='avia_textblock'  itemprop=\"text\" ><div class=\"flex_column av_one_full flex_column_div av-zero-column-padding first avia-builder-el-2 el_after_av_one_full avia-builder-el-last column-top-margin\">\n<section class=\"av_textblock_section \">\n<div class=\"avia_textblock \">\n<p><strong>K\u0130\u015e\u0130SEL VER\u0130LER\u0130N \u0130\u015eLENMES\u0130 AYDINLATMA METN\u0130<\/strong><\/p>\n<p>\u0130MAS KL\u0130MA SO\u011eUTMA MAK\u0130NA SANAY\u0130 T\u0130CARET VE M\u00dcMESS\u0130LL\u0130K A.\u015e. olarak, ki\u015fisel verilerinizin gizlili\u011fi ve g\u00fcvenli\u011fine b\u00fcy\u00fck \u00f6nem veriyor, \u015eirketimiz ile ili\u015fkili \u015fah\u0131slara ait ki\u015fisel verilerin 6698 say\u0131l\u0131 Ki\u015fisel Verilerin Korunmas\u0131 Kanununa (\u201cKVK Kanunu\u201d) uygun olarak i\u015flenerek, muhafaza edilmesi hususunda gereken b\u00fct\u00fcn gayreti g\u00f6steriyoruz. Bu \u00e7er\u00e7evede, Veri Sorumlusu s\u0131fat\u0131yla \u015firketimiz, KVK Kanunu do\u011frultusunda, ki\u015fisel verilerinizi a\u015fa\u011f\u0131da a\u00e7\u0131klanan \u015fartlarda ve mevzuatta \u00f6ng\u00f6r\u00fclen s\u0131n\u0131rlar dahilinde i\u015flemektedir.<br \/>\n<strong>1. Veri Sorumlusunun Kimli\u011fi<\/strong><br \/>\nKVK Kanunu\u2019nun 3\u2019\u00fcnc\u00fc maddesinin 1\u2019inci f\u0131kras\u0131n\u0131n (\u0131) bendinde veri sorumlusu, \u201cKi\u015fisel verilerin i\u015fleme ama\u00e7lar\u0131n\u0131 ve vas\u0131talar\u0131n\u0131 belirleyen, veri kay\u0131t sisteminin kurulmas\u0131ndan ve y\u00f6netilmesinden sorumlu olan ger\u00e7ek veya t\u00fczel ki\u015filer\u201d olarak tan\u0131mlanm\u0131\u015ft\u0131r. Bu \u00e7er\u00e7evede veri \u0130MAS KL\u0130MA SO\u011eUTMA MAK\u0130NA SANAY\u0130 T\u0130CARET VE M\u00dcMESS\u0130LL\u0130K A.\u015e. \u2018dir. \u015eirketimizin ileti\u015fim bilgileri a\u015fa\u011f\u0131daki gibidir:<\/p>\n<p><strong>\u0130MAS KL\u0130MA SO\u011eUTMA MAK\u0130NA SANAY\u0130 T\u0130CARET VE M\u00dcMESS\u0130LL\u0130K A.\u015e.<\/strong><br \/>\nADRES: Pancar Organize Sanayi B\u00f6lgesi \u2013 2.Cadde No:3<br \/>\nTORBALI \u2013 \u0130ZM\u0130R<br \/>\nTEL: 0 (232) 376 87 00 (pbx)<br \/>\nWEB: https:\/\/www.imasklima.com.tr\/<\/p>\n<p><strong>2. Ki\u015fisel Verilerinizin \u0130\u015flenme Ama\u00e7lar\u0131<\/strong><br \/>\nKi\u015fisel verileriniz KVK Kanunu\u2019nun 4. maddesinde belirtilen genel ilkeler; 5. ve 6. maddelerinde belirtilen ki\u015fisel veri i\u015fleme \u015fartlar\u0131 kapsam\u0131nda;<br \/>\na) Firma y\u00f6netim faaliyetlerinin y\u00fcr\u00fct\u00fclmesi, g\u00f6revlendirme s\u00fcre\u00e7lerinin y\u00fcr\u00fct\u00fclmesi ve veri sorumlusu operasyonlar\u0131n\u0131n g\u00fcvenli\u011finin temini,<br \/>\nb) Yetkili ki\u015fi, kurum ve kurulu\u015flara bilgi verilmesi, faaliyetlerin mevzuata uygun y\u00fcr\u00fct\u00fclmesi,<br \/>\nc) \u0130nsan kaynaklar\u0131 y\u00f6netimi ve politikalar\u0131m\u0131z\u0131n planlanmas\u0131 ve uygulanmas\u0131, \u00e7al\u0131\u015fan e\u011fitimi, memnuniyeti ve ba\u011fl\u0131l\u0131\u011f\u0131, \u00e7al\u0131\u015fanlar\u0131n i\u015f akdi ve mevzuattan kaynakl\u0131 y\u00fck\u00fcml\u00fcl\u00fckleri, \u00e7al\u0131\u015fanlar i\u00e7in yan haklar ve menfaat s\u00fcre\u00e7lerinin y\u00fcr\u00fct\u00fclmesi, yetenek\/kariyer geli\u015fimi faaliyetlerinin y\u00fcr\u00fct\u00fclmesi,<br \/>\nd) \u00c7al\u0131\u015fan adaylar\u0131n\u0131n ba\u015fvuru, se\u00e7me ve de\u011ferlendirme s\u00fcre\u00e7lerinin planlamas\u0131 ve\/veya y\u00fcr\u00fct\u00fclmesi,<br \/>\ne) Yaz\u0131l\u0131 ve g\u00f6rsel mecralarda \u015eirketimiz taraf\u0131ndan sunulan mal ve hizmetlerin tan\u0131t\u0131lmas\u0131, kurumsal\/\u00fcr\u00fcn bazl\u0131 imaj \u00e7al\u0131\u015fmas\u0131 yap\u0131lmas\u0131,<br \/>\nf) Online tahsilat s\u00fcre\u00e7lerinin s\u00f6zle\u015fme h\u00fck\u00fcmlerine uygun bir \u015fekilde yerine getirebilmesi,<br \/>\ng) Mal\/Hizmet sat\u0131\u015f sonras\u0131 destek hizmetleri, \u00fcretim ve operasyon s\u00fcre\u00e7lerinin y\u00fcr\u00fct\u00fclmesi, sat\u0131\u015f ve sat\u0131n alma s\u00fcre\u00e7lerinin y\u00fcr\u00fct\u00fclmesi,<br \/>\nh) Yat\u0131r\u0131m s\u00fcre\u00e7lerinin y\u00fcr\u00fct\u00fclmesi,<br \/>\ni) \u00dcr\u00fcn ve hizmetlerin sat\u0131\u015f ve\/veya pazarlamas\u0131 i\u00e7in pazar ara\u015ft\u0131rmas\u0131 yap\u0131lmas\u0131,<br \/>\nj) \u00dcr\u00fcn ve\/veya hizmetlere eri\u015fim ve\/veya kullan\u0131mda m\u00fc\u015fterinin kullanaca\u011f\u0131 kanallara uygun ara\u00e7lar\u0131n ve\/veya bilgilerin m\u00fc\u015fteriye sa\u011flanmas\u0131 s\u00fcre\u00e7lerinin planlanmas\u0131 ve\/veya icras\u0131,<br \/>\nk) Tedarik zinciri y\u00f6netimi s\u00fcre\u00e7lerinin planlanmas\u0131 ve\/veya icras\u0131,<br \/>\nl) \u00dcr\u00fcn ve\/veya hizmetlerin pazarlama s\u00fcre\u00e7lerini y\u00fcr\u00fctmek amac\u0131yla, veri analizi, ara\u015ft\u0131rma, istatistiksel \u00e7al\u0131\u015fma, trendleri anlama, ve reklam faaliyetlerinin planlanmas\u0131 ve\/veya y\u00f6netimi,<br \/>\nm) Ticari ortakl\u0131klar\u0131m\u0131z\u0131n ve stratejilerimizin planlanmas\u0131 ve y\u00fcr\u00fct\u00fclmesi,<br \/>\nn) \u015eirketimizin ve i\u015f ortaklar\u0131m\u0131z\u0131n hukuki, ticari ve fiziki g\u00fcvenli\u011finin temini,<br \/>\no) \u015eirket kurumsal i\u015fleyi\u015finin sa\u011flanmas\u0131, finans ve\/veya muhasebe i\u015flerinin takibi ve y\u00f6netimi,<br \/>\np) \u0130\u015f sa\u011fl\u0131\u011f\u0131 ve g\u00fcvenli\u011fi alan\u0131na giren konularla ilgili standartlar\u0131n\u0131n sa\u011flanmas\u0131 ve iyile\u015ftirilmesi amac\u0131yla gerekli tedbirlerin al\u0131nmas\u0131,<br \/>\nq) Veri g\u00fcvenli\u011finin en \u00fcst d\u00fczeyde sa\u011flanmas\u0131 ve veri tabanlar\u0131n\u0131n olu\u015fturulmas\u0131<br \/>\nr) \u015eirketimiz internet sitesinde sunulan hizmetlerin geli\u015ftirilmesi,<br \/>\ns) \u0130lgililerce yap\u0131lacak talep ve \u015fikayetlerin takibi ve ilgililere geri d\u00f6n\u00fc\u015f\u00fcn sa\u011flanmas\u0131,<br \/>\nt) \u015eirketimiz internet sitesinde olu\u015fan hatalar\u0131n giderilmesi ve sitede payla\u015f\u0131lm\u0131\u015f olan \u015eirketimizin Gizlilik Politikas\u0131nda yer alan h\u00fck\u00fcmlere uygunlu\u011fun sa\u011flanmas\u0131<br \/>\nu) Ziyaret\u00e7i kay\u0131tlar\u0131n\u0131n olu\u015fturulmas\u0131, fiziksel mekan g\u00fcvenli\u011fi temini ve takibi,<br \/>\nama\u00e7lar\u0131 ile i\u015flenir.<\/p>\n<p><strong>3. \u0130\u015flenen Ki\u015fisel Verilerin Kimlere ve Hangi Ama\u00e7la Aktar\u0131labilece\u011fi<\/strong><br \/>\nKi\u015fisel verileriniz yukar\u0131da belirtilen ama\u00e7lar kapsam\u0131nda KVK Kanunu\u2019nun 8. ve 9. maddelerinde belirtilen ki\u015fisel veri i\u015fleme \u015fartlar\u0131 \u00e7er\u00e7evesinde;<br \/>\n\u2013 \u015eirketimizin hukuki y\u00fck\u00fcml\u00fcl\u00fcklerini ve ticari faaliyetlerini yerine getirmesi i\u00e7in gerekli olan hallerde i\u015f ortaklar\u0131m\u0131z, dan\u0131\u015fman firmalar\u0131m\u0131z, tedarik\u00e7ilerimiz, \u00f6zel kurum ve kurulu\u015flar ile kamu kurum ve kurulu\u015flar\u0131na,<br \/>\n\u2013 Ki\u015fisel verilerinizin i\u015flenmesine konu olan s\u00f6zle\u015fmelerin kurulmas\u0131 ve ifas\u0131 kapsam\u0131nda gerekli \u00f6deme ve tahsilat i\u015flemleri i\u00e7in ilgili bankalar\u0131na,<br \/>\n\u2013 \u015eirketimizin yasal y\u00fck\u00fcml\u00fcl\u00fcklerinin yerine getirilmesi kapsam\u0131nda gerekli hallerde mahkemeler ve bilgi talep eden kamu kurum ve kurulu\u015flar\u0131na,<br \/>\n\u2013 \u015eirketimizin haklar\u0131n\u0131n tesisi, kullan\u0131lmas\u0131 ve korunmas\u0131 kapsam\u0131nda hukuki destek almak amac\u0131yla hukuk b\u00fcrolar\u0131 ve di\u011fer dan\u0131\u015fmanlara,<br \/>\n\u2013 KVK Kanunu\u2019nun 8. ve 9. maddelerinde belirtilen ki\u015fisel veri i\u015fleme \u015fartlar\u0131 \u00e7er\u00e7evesinde i\u015f ortaklar\u0131m\u0131za\/ba\u011fl\u0131 ortakl\u0131klar\u0131m\u0131za, yurti\u00e7inde bulunan topluluk \u015firketlerimize,<br \/>\n\u2013 Veri g\u00fcvenli\u011finin sa\u011flanmas\u0131 amac\u0131yla bulut hizmeti firmas\u0131na aktar\u0131labilecektir.<br \/>\nKi\u015fisel verilerinizin payla\u015fma s\u00fcreci boyunca ve sonras\u0131nda veri g\u00fcvenli\u011finin sa\u011flanmas\u0131 i\u00e7in her t\u00fcrl\u00fc teknik ve idari tedbir al\u0131nmaktad\u0131r.<\/p>\n<p><strong>4. Ki\u015fisel Veri Toplaman\u0131n Y\u00f6ntemi ve Hukuki Sebebi<\/strong><br \/>\n6698 say\u0131l\u0131 KVK Kanunu\u2019nun 4., 5. ve 6. maddeleri uyar\u0131nca ki\u015fisel verileriniz;<br \/>\na) Hukuka ve d\u00fcr\u00fcstl\u00fck kurallar\u0131na uygun<br \/>\nb) Do\u011fru ve gerekti\u011finde g\u00fcncel<br \/>\nc) Belirli, a\u00e7\u0131k ve me\u015fru ama\u00e7lar i\u00e7in<br \/>\nd) \u0130\u015flendikleri ama\u00e7la ba\u011flant\u0131l\u0131, s\u0131n\u0131rl\u0131 ve \u00f6l\u00e7\u00fcl\u00fc<br \/>\ne) \u0130lgili mevzuatta \u00f6ng\u00f6r\u00fclen veya i\u015flendikleri ama\u00e7 i\u00e7in gerekli olan s\u00fcre kadar muhafaza edilme<br \/>\nkurallar\u0131na uygun bir \u015fekilde toplan\u0131r.<br \/>\nKi\u015fisel verileriniz, otomatik ya da otomatik olmayan y\u00f6ntemlerle ve farkl\u0131 kanallardan ofisler, \u00e7a\u011fr\u0131 merkezi, internet sitesi, sosyal medya mecralar\u0131, mobil uygulamalar ve benzeri vas\u0131talarla s\u00f6zl\u00fc, fiziki ortamda, elektronik ortamda ya da kapal\u0131 devre g\u00f6r\u00fcnt\u00fcleme sistemleri vas\u0131tas\u0131yla ve di\u011fer y\u00f6ntemlerle yasal yollardan elde edilebilmektedir. Ayr\u0131ca toplanan ki\u015fisel verileriniz, \u015eirketimiz taraf\u0131ndan verilen hizmet, \u00fcr\u00fcn ya da ticari faaliyete ba\u011fl\u0131 olarak de\u011fi\u015fkenlik g\u00f6sterebilir.<br \/>\nKi\u015fisel verileriniz, 6698 say\u0131l\u0131 KVK Kanunu\u2019nda (5. maddede) yer alan a\u015fa\u011f\u0131daki hukuki sebeplere dayal\u0131 olarak i\u015flenir:<br \/>\n\u2013 5. Maddesinin birinci f\u0131kras\u0131nda yer alan ki\u015finin a\u00e7\u0131k r\u0131zas\u0131n\u0131n olmas\u0131,<br \/>\n\u2013 5\/2 (a) bendinde d\u00fczenlenen \u201ckanunlarda a\u00e7\u0131k\u00e7a \u00f6ng\u00f6r\u00fclmesi\u201d hukuki sebebine dayal\u0131 olarak ki\u015fisel verileriniz ba\u015fta T\u00fcrk Ticaret Kanunu ve Vergi Usul Kanunu olmak \u00fczere \u015eirketimizin tabi oldu\u011fu mevzuat\u0131n a\u00e7\u0131k\u00e7a izin vermesi,<br \/>\n\u2013 5\/2(b) bendinde d\u00fczenlenen fiili imk\u00e2ns\u0131zl\u0131k,<br \/>\n\u2013 5\/2 (c) bendinde d\u00fczenlenen \u201cs\u00f6zle\u015fmenin kurulmas\u0131 ya da ifas\u0131\u201d hukuki sebebine dayal\u0131 olarak ki\u015fisel verileriniz; ki\u015fisel verilerinizi a\u00e7\u0131klaman\u0131za konu olan s\u00f6zle\u015fme gereklerinin yerine getirilmesi ve devam\u0131n\u0131n sa\u011flanmas\u0131, cari hesap a\u00e7\u0131l\u0131\u015f\u0131 ile \u00f6deme ve tahsilat i\u015flemlerinin ger\u00e7ekle\u015ftirilmesi,<br \/>\n\u2013 5\/2 (\u00e7) bendinde d\u00fczenlenen \u201cveri sorumlusunun hukuki y\u00fck\u00fcml\u00fcl\u00fc\u011f\u00fcn\u00fc yerine getirebilmesi\u201d hukuki sebebine dayal\u0131 olarak \u015eirket, ki\u015fisel verilerinizi yasal beyanname ve bildirimlerin d\u00fczenlenmesi, \u015eirketin tabi oldu\u011fu mevzuatta \u00f6ng\u00f6r\u00fclen saklama s\u00fcrelerine uyulmas\u0131 ve ilgili mevzuatta \u00f6ng\u00f6r\u00fclen di\u011fer y\u00fck\u00fcml\u00fcl\u00fcklerin yerine getirilmesi, mahkemeler ve bilgi talep eden kamu kurum ve kurulu\u015flar\u0131n\u0131n taleplerinin ve sair yasal y\u00fck\u00fcml\u00fcl\u00fcklerin yerine getirilmesi,<br \/>\n\u2013 5\/2 (e) bendinde d\u00fczenlenen \u201cilgili ki\u015finin kendisi taraf\u0131ndan alenile\u015ftirilmi\u015f olmas\u0131\u201d,<br \/>\n\u2013 5\/2 (e) bendinde d\u00fczenlenen \u201cbir hakk\u0131n tesisi, kullan\u0131lmas\u0131 veya korunmas\u0131\u201d hukuki sebebine dayal\u0131 olarak \u015eirket, ki\u015fisel verilerinizi olas\u0131 uyu\u015fmazl\u0131klarda ispat vesilesi olmas\u0131, hukuki dan\u0131\u015fmanl\u0131k ve teknik destek al\u0131nabilmesi.<br \/>\n\u2013 5\/2 (f) bendinde d\u00fczenlenen \u015eirketimizin me\u015fru menfaatleri i\u00e7in ki\u015fisel verilerinizin i\u015flenmesi. \u0130\u015fbu Ayd\u0131nlatma Metninde belirtilen ama\u00e7larla \u00f6zel nitelikli ki\u015fisel verileriniz KVK Kanunu\u2019nun 6. Maddesinde belirtilen a\u015fa\u011f\u0131daki hukuki sebeplere dayal\u0131 olarak i\u015flenir:<br \/>\na) A\u00e7\u0131k R\u0131za (m.6\/2)<br \/>\nb) Kanunlarda \u00f6ng\u00f6r\u00fclme (m.6\/3: Sa\u011fl\u0131k ve cinsel hayat d\u0131\u015f\u0131ndaki \u00f6zel nitelikli ki\u015fisel veriler i\u00e7in)<br \/>\nc) Sa\u011fl\u0131k ve cinse hayata ili\u015fkin verilerin t\u0131bbi te\u015fhis, tedavi ve bak\u0131m hizmetlerinin y\u00fcr\u00fct\u00fclmesi, koruyucu hekimlik, kamu sa\u011fl\u0131\u011f\u0131n\u0131n korunmas\u0131, sa\u011fl\u0131k hizmetleri ve finansman\u0131n\u0131n planlanmas\u0131 ve y\u00f6netimi amac\u0131yla i\u015flenmesi (m.6\/3).<br \/>\nBu hukuki sebeplerle toplanan ki\u015fisel verileriniz KVK Kanunu\u2019nun 5. ve 6. maddelerinde belirtilen ki\u015fisel veri i\u015fleme \u015fartlar\u0131 ve ama\u00e7lar\u0131 kapsam\u0131nda sadece bu Ayd\u0131nlatma Metninde belirtilen ama\u00e7larla i\u015flenebilmekte ve aktar\u0131labilmektedir.<\/p>\n<p><strong>5. Ki\u015fisel Veri Sahibinin Haklar\u0131<\/strong><br \/>\nKi\u015fisel veri sahipleri olarak, haklar\u0131n\u0131za ili\u015fkin taleplerinizi, i\u015fbu Ayd\u0131nlatma Metninde sonraki maddede d\u00fczenlenen y\u00f6ntemlerle \u015eirketimize iletmeniz durumunda \u015eirketimiz niteli\u011fine g\u00f6re, talebi en ge\u00e7 otuz g\u00fcn i\u00e7inde \u00fccretsiz olarak sonu\u00e7land\u0131racakt\u0131r. Ancak, i\u015flemin ayr\u0131ca bir maliyeti gerektirmesi h\u00e2linde, Ki\u015fisel Verileri Koruma Kurulunca belirlenen tarifedeki \u00fccreti al\u0131nabilecektir.<br \/>\nKi\u015fisel veri sahibinin KVK Kanunu\u2019nun 11. Maddesinde belirtilen;<br \/>\n\u2013 Ki\u015fisel veri i\u015flenip i\u015flenmedi\u011fini \u00f6\u011frenme,<br \/>\n\u2013 Ki\u015fisel verileri i\u015flenmi\u015fse buna ili\u015fkin bilgi talep etme,<br \/>\n\u2013 Ki\u015fisel verilerin i\u015flenme amac\u0131n\u0131 ve bunlar\u0131n amac\u0131na uygun kullan\u0131l\u0131p kullan\u0131lmad\u0131\u011f\u0131n\u0131 \u00f6\u011frenme,<br \/>\n\u2013 Yurt i\u00e7inde veya yurt d\u0131\u015f\u0131nda ki\u015fisel verilerin aktar\u0131ld\u0131\u011f\u0131 \u00fc\u00e7\u00fcnc\u00fc ki\u015fileri bilme,<br \/>\n\u2013 Ki\u015fisel verilerin eksik veya yanl\u0131\u015f i\u015flenmi\u015f olmas\u0131 h\u00e2linde bunlar\u0131n d\u00fczeltilmesini isteme ve bu kapsamda yap\u0131lan i\u015flemin ki\u015fisel verilerin aktar\u0131ld\u0131\u011f\u0131 \u00fc\u00e7\u00fcnc\u00fc ki\u015filere bildirilmesini isteme,<br \/>\n\u2013 Kanun ve ilgili di\u011fer kanun h\u00fck\u00fcmlerine uygun olarak i\u015flenmi\u015f olmas\u0131na ra\u011fmen, i\u015flenmesini gerektiren sebeplerin ortadan kalkmas\u0131 h\u00e2linde ki\u015fisel verilerinizin silinmesini veya yok edilmesini isteme ve bu kapsamda yap\u0131lan i\u015flemlerin ki\u015fisel verilerinizin aktar\u0131ld\u0131\u011f\u0131 \u00fc\u00e7\u00fcnc\u00fc ki\u015filere bildirilmesini isteme,<br \/>\n\u2013 \u0130\u015flenen verilerin m\u00fcnhas\u0131ran otomatik sistemler vas\u0131tas\u0131yla analiz edilmesi suretiyle ki\u015finin kendisi aleyhine bir sonucun ortaya \u00e7\u0131kmas\u0131na itiraz etme,<br \/>\n\u2013 Ki\u015fisel verilerin kanuna ayk\u0131r\u0131 olarak i\u015flenmesi sebebiyle zarara u\u011framas\u0131 h\u00e2linde zarar\u0131n giderilmesini talep etme haklar\u0131 bulunmaktad\u0131r.<\/p>\n<p><strong>6. Ba\u015fvurunun Yap\u0131lmas\u0131 ve Bilgi Alma Hakk\u0131<\/strong><br \/>\nKi\u015fisel verilerinizle ilgili olarak herhangi bir teredd\u00fct duydu\u011funuz takdirde, adresi ve ileti\u015fim bilgileri internet sayfam\u0131zda g\u00f6sterilmi\u015f bulunan \u0130MAS KL\u0130MA SO\u011eUTMA MAK\u0130NA SANAY\u0130 T\u0130CARET VE M\u00dcMESS\u0130LL\u0130K A.\u015e.\u2019 ye ba\u015fvurunuz.<br \/>\nKVK Kanunu\u2019nun 13. maddesinin 1. f\u0131kras\u0131 gere\u011fince, ayn\u0131 kanunun 11. maddesinde belirtilen haklar\u0131n\u0131z\u0131 kullanmak ile ilgili talebinizi, yaz\u0131l\u0131 olarak veya kay\u0131tl\u0131 elektronik posta (KEP) adresi ya da \u015firketimize daha \u00f6nce bildirdi\u011finiz ve sistemimizde kay\u0131tl\u0131 bulunan elektronik posta adresini kullanmak suretiyle, [imas@imasklima.com.tr] adresine iletebilirsiniz. Gerekli a\u00e7\u0131klamalar ile ba\u015fvuru ve bilgi talep formuna linkten ula\u015fabilirsiniz.\u00a0<a href=\"https:\/\/imasklima.com.tr\/wp-content\/uploads\/2023\/01\/kvkk-basvuru-ve-bilgi-talep-formu.pdf\" target=\"_blank\" rel=\"noopener\">KVK ba\u015fvuru ve bilgi Talep Formu<\/a><\/p>\n<p><strong>Ba\u015fvuruda;<\/strong><br \/>\na) Ad\u0131n\u0131z, soyad\u0131n\u0131z ve ba\u015fvuru yaz\u0131l\u0131 ise imzan\u0131z,<br \/>\nb) T\u00fcrkiye Cumhuriyeti vatanda\u015f\u0131 iseniz T.C. kimlik numaras\u0131, yabanc\u0131 iseniz uyru\u011funuz, pasaport numaran\u0131z veya varsa kimlik numaran\u0131z,<br \/>\nc) Tebligata esas yerle\u015fim yeri veya i\u015f yeri adresiniz,<br \/>\n\u00e7) Varsa bildirime esas elektronik posta adresiniz, telefon ve faks numaran\u0131z,<br \/>\nd) Talep konunuzun bulunmas\u0131 gerekmektedir. Konuya ili\u015fkin bilgi ve belgeler ba\u015fvuruya eklenmelidir.<br \/>\n\u015eirketimiz, bu kapsamdaki taleplerinizi, talebin niteli\u011fine g\u00f6re en k\u0131sa s\u00fcrede ve en ge\u00e7 otuz g\u00fcn i\u00e7inde \u00fccretsiz olarak sonu\u00e7land\u0131racakt\u0131r. Ancak, i\u015flemin ayr\u0131ca bir maliyeti gerektirmesi halinde, Kurulca belirlenen tarifedeki \u00fccret al\u0131nabilecektir. Ayr\u0131ca ba\u015fvurular\u0131n\u0131z\u0131n sadece sizlerle ilgili k\u0131sm\u0131 cevaplanacak olup, e\u015finiz, yak\u0131n\u0131n\u0131z ya da arkada\u015f\u0131n\u0131z hakk\u0131nda yap\u0131lan bir ba\u015fvuru kabul edilmeyecektir.<\/p>\n<\/div>\n<\/section>\n<\/div>\n<\/div><\/section><\/p><\/div>\n","protected":false},"excerpt":{"rendered":"","protected":false},"author":1,"featured_media":0,"parent":0,"menu_order":0,"comment_status":"closed","ping_status":"closed","template":"","meta":{"footnotes":""},"class_list":["post-4305","page","type-page","status-publish","hentry"],"_links":{"self":[{"href":"https:\/\/imasklima.com.tr\/en\/wp-json\/wp\/v2\/pages\/4305","targetHints":{"allow":["GET"]}}],"collection":[{"href":"https:\/\/imasklima.com.tr\/en\/wp-json\/wp\/v2\/pages"}],"about":[{"href":"https:\/\/imasklima.com.tr\/en\/wp-json\/wp\/v2\/types\/page"}],"author":[{"embeddable":true,"href":"https:\/\/imasklima.com.tr\/en\/wp-json\/wp\/v2\/users\/1"}],"replies":[{"embeddable":true,"href":"https:\/\/imasklima.com.tr\/en\/wp-json\/wp\/v2\/comments?post=4305"}],"version-history":[{"count":3,"href":"https:\/\/imasklima.com.tr\/en\/wp-json\/wp\/v2\/pages\/4305\/revisions"}],"predecessor-version":[{"id":4312,"href":"https:\/\/imasklima.com.tr\/en\/wp-json\/wp\/v2\/pages\/4305\/revisions\/4312"}],"wp:attachment":[{"href":"https:\/\/imasklima.com.tr\/en\/wp-json\/wp\/v2\/media?parent=4305"}],"curies":[{"name":"wp","href":"https:\/\/api.w.org\/{rel}","templated":true}]}}