{"id":3990,"date":"2023-01-26T15:14:45","date_gmt":"2023-01-26T12:14:45","guid":{"rendered":"https:\/\/imasklima.com.tr\/en\/?page_id=3990"},"modified":"2023-06-02T09:27:45","modified_gmt":"2023-06-02T06:27:45","slug":"technology","status":"publish","type":"page","link":"https:\/\/imasklima.com.tr\/en\/technology\/","title":{"rendered":"Technology"},"content":{"rendered":"<div id='urunler' aria-label='urunler' class='avia-section av-cvow6-f2e51c0ffd28e46f296466b55c22d876 main_color avia-section-default avia-no-border-styling  avia-builder-el-0  avia-builder-el-no-sibling  urunler urunler avia-bg-style-scroll container_wrap fullsize'  ><div class='container av-section-cont-open' ><main  role=\"main\" itemprop=\"mainContentOfPage\"  class='template-page content  av-content-full alpha units'><div class='post-entry post-entry-type-page post-entry-3990'><div class='entry-content-wrapper clearfix'>\n\n<style type=\"text\/css\" data-created_by=\"avia_inline_auto\" id=\"style-css-av-bclva-96dc26ee76eca175f1948bc53e743839\">\n.flex_column.av-bclva-96dc26ee76eca175f1948bc53e743839{\nwidth:100%;\n}\n<\/style>\n<div class='flex_column av-bclva-96dc26ee76eca175f1948bc53e743839 av_one_full  avia-builder-el-1  avia-builder-el-no-sibling  cevre cevre first flex_column_div '     id=\"cevre\"   aria-label='cevre' ><p>\n<style type=\"text\/css\" data-created_by=\"avia_inline_auto\" id=\"style-css-av-ldd25cdp-dba8799ab61b782100db49e8c62346c7\">\n#top .av-special-heading.av-ldd25cdp-dba8799ab61b782100db49e8c62346c7{\npadding-bottom:10px;\n}\nbody .av-special-heading.av-ldd25cdp-dba8799ab61b782100db49e8c62346c7 .av-special-heading-tag .heading-char{\nfont-size:25px;\n}\n.av-special-heading.av-ldd25cdp-dba8799ab61b782100db49e8c62346c7 .av-subheading{\nfont-size:15px;\n}\n<\/style>\n<div  id=\"baslik\"  class='av-special-heading av-ldd25cdp-dba8799ab61b782100db49e8c62346c7 av-special-heading-h3 blockquote modern-quote modern-centered  avia-builder-el-2  el_before_av_textblock  avia-builder-el-first  baslik baslik'><div class='av-subheading av-subheading_above'><p>\u0130MAS \u0130KL\u0130MLEND\u0130RME<\/p>\n<\/div><h3 class='av-special-heading-tag'  itemprop=\"headline\"  >Technology<\/h3><div class=\"special-heading-border\"><div class=\"special-heading-inner-border\"><\/div><\/div><\/div><br \/>\n<section  class='av_textblock_section av-ldd257du-4a677e2d7069d4a7e0a035e4bdfc576d'  itemscope=\"itemscope\" itemtype=\"https:\/\/schema.org\/CreativeWork\" ><div class='avia_textblock'  itemprop=\"text\" ><p>As technology advances, designs and productions in the field of cooling, air conditioning and ventilation require more sustainable solutions in order to move the world forward.<br \/>\nAs IMAS, following the establishment of the company, we realized the first domestic industrial air conditioner production and the first domestic escalator production. In this direction, we have been one of the pioneers of the air conditioning sector with new technologies for half a century with our approach that keeps pace with technology. Since the first day, we have offered superior quality products and privileged service understanding to the service of distinguished organizations in Turkey.<br \/>\nAs \u0130mas, thanks to the value we attach to technological developments, we continue our work on technology, which is part of the sustainable journey, by contributing to both the national economy and the progress of the sector, and we design the most suitable systems for you. We continue our production with innovative, sustainable technologies for air conditioning in industrial and commercial buildings, residences and public spaces, and we maintain this technological approach on the products we import.<\/p>\n<\/div><\/section><\/p><\/div>\n","protected":false},"excerpt":{"rendered":"","protected":false},"author":1,"featured_media":0,"parent":0,"menu_order":0,"comment_status":"closed","ping_status":"closed","template":"","meta":{"footnotes":""},"class_list":["post-3990","page","type-page","status-publish","hentry"],"_links":{"self":[{"href":"https:\/\/imasklima.com.tr\/en\/wp-json\/wp\/v2\/pages\/3990","targetHints":{"allow":["GET"]}}],"collection":[{"href":"https:\/\/imasklima.com.tr\/en\/wp-json\/wp\/v2\/pages"}],"about":[{"href":"https:\/\/imasklima.com.tr\/en\/wp-json\/wp\/v2\/types\/page"}],"author":[{"embeddable":true,"href":"https:\/\/imasklima.com.tr\/en\/wp-json\/wp\/v2\/users\/1"}],"replies":[{"embeddable":true,"href":"https:\/\/imasklima.com.tr\/en\/wp-json\/wp\/v2\/comments?post=3990"}],"version-history":[{"count":3,"href":"https:\/\/imasklima.com.tr\/en\/wp-json\/wp\/v2\/pages\/3990\/revisions"}],"predecessor-version":[{"id":4266,"href":"https:\/\/imasklima.com.tr\/en\/wp-json\/wp\/v2\/pages\/3990\/revisions\/4266"}],"wp:attachment":[{"href":"https:\/\/imasklima.com.tr\/en\/wp-json\/wp\/v2\/media?parent=3990"}],"curies":[{"name":"wp","href":"https:\/\/api.w.org\/{rel}","templated":true}]}}