{"id":3987,"date":"2023-01-26T15:14:02","date_gmt":"2023-01-26T12:14:02","guid":{"rendered":"https:\/\/imasklima.com.tr\/en\/?page_id=3987"},"modified":"2023-06-02T09:27:03","modified_gmt":"2023-06-02T06:27:03","slug":"sustainability","status":"publish","type":"page","link":"https:\/\/imasklima.com.tr\/en\/sustainability\/","title":{"rendered":"Sustainability"},"content":{"rendered":"<div id='urunler' aria-label='urunler' class='avia-section av-4dz10j-b855447313427fdfd023220b772ddfaa main_color avia-section-default avia-no-border-styling  avia-builder-el-0  avia-builder-el-no-sibling  urunler urunler avia-bg-style-scroll container_wrap fullsize'  ><div class='container av-section-cont-open' ><main  role=\"main\" itemprop=\"mainContentOfPage\"  class='template-page content  av-content-full alpha units'><div class='post-entry post-entry-type-page post-entry-3987'><div class='entry-content-wrapper clearfix'>\n\n<style type=\"text\/css\" data-created_by=\"avia_inline_auto\" id=\"style-css-av-2vrxtf-e1016588e263843ce3243e294dd77cb1\">\n.flex_column.av-2vrxtf-e1016588e263843ce3243e294dd77cb1{\nwidth:100%;\n}\n<\/style>\n<div class='flex_column av-2vrxtf-e1016588e263843ce3243e294dd77cb1 av_one_full  avia-builder-el-1  avia-builder-el-no-sibling  cevre cevre first flex_column_div '     id=\"cevre\"   aria-label='cevre' ><p>\n<style type=\"text\/css\" data-created_by=\"avia_inline_auto\" id=\"style-css-av-ldd24fji-c7e102405b3668d6b8ee523598ebe722\">\n#top .av-special-heading.av-ldd24fji-c7e102405b3668d6b8ee523598ebe722{\npadding-bottom:10px;\n}\nbody .av-special-heading.av-ldd24fji-c7e102405b3668d6b8ee523598ebe722 .av-special-heading-tag .heading-char{\nfont-size:25px;\n}\n.av-special-heading.av-ldd24fji-c7e102405b3668d6b8ee523598ebe722 .av-subheading{\nfont-size:15px;\n}\n<\/style>\n<div  id=\"baslik\"  class='av-special-heading av-ldd24fji-c7e102405b3668d6b8ee523598ebe722 av-special-heading-h3 blockquote modern-quote modern-centered  avia-builder-el-2  el_before_av_textblock  avia-builder-el-first  baslik baslik'><div class='av-subheading av-subheading_above'><p>\u0130MAS \u0130KL\u0130MLEND\u0130RME<\/p>\n<\/div><h3 class='av-special-heading-tag'  itemprop=\"headline\"  >Sustainability<\/h3><div class=\"special-heading-border\"><div class=\"special-heading-inner-border\"><\/div><\/div><\/div><br \/>\n<section  class='av_textblock_section av-ldd24byq-6896fabf75c20c552323b42cadcc1fd7'  itemscope=\"itemscope\" itemtype=\"https:\/\/schema.org\/CreativeWork\" ><div class='avia_textblock'  itemprop=\"text\" ><p>For us, sustainability means doing good for the planet while serving our employees, communities, customers and shareholders well.<br \/>\nWith the advances of today&#8217;s technology, there is a need for cooling, ventilation and air conditioning systems with low energy use, especially in industrial facilities. Many conditions must be met not only in industrial and commercial areas but also in modern buildings. Energy consumption should be minimised with the systems applied in these buildings.<br \/>\nAs \u0130MAS, we think forward in the cooling, air conditioning and ventilation systems we produce and we look at the work in a future-oriented way. Being aware of our responsibilities towards the environment, we adopt a determined sustainability approach. We promise our customers not only to provide products and services but also to fulfil energy efficiency targets and environmental responsibilities.<br \/>\nRecognising that the demand for sustainable business practices and environments is growing dramatically, we respond to this demand with a production approach that aims for sustainable comfort and efficiency. We provide the most realistic solutions to meet your requirements, ensuring maximum energy efficiency, optimised investment targets, environmental responsibility and innovative solutions for your buildings, commercial and industrial areas or public spaces.<\/p>\n<\/div><\/section><\/p><\/div>\n","protected":false},"excerpt":{"rendered":"","protected":false},"author":1,"featured_media":0,"parent":0,"menu_order":0,"comment_status":"closed","ping_status":"closed","template":"","meta":{"footnotes":""},"class_list":["post-3987","page","type-page","status-publish","hentry"],"_links":{"self":[{"href":"https:\/\/imasklima.com.tr\/en\/wp-json\/wp\/v2\/pages\/3987","targetHints":{"allow":["GET"]}}],"collection":[{"href":"https:\/\/imasklima.com.tr\/en\/wp-json\/wp\/v2\/pages"}],"about":[{"href":"https:\/\/imasklima.com.tr\/en\/wp-json\/wp\/v2\/types\/page"}],"author":[{"embeddable":true,"href":"https:\/\/imasklima.com.tr\/en\/wp-json\/wp\/v2\/users\/1"}],"replies":[{"embeddable":true,"href":"https:\/\/imasklima.com.tr\/en\/wp-json\/wp\/v2\/comments?post=3987"}],"version-history":[{"count":3,"href":"https:\/\/imasklima.com.tr\/en\/wp-json\/wp\/v2\/pages\/3987\/revisions"}],"predecessor-version":[{"id":4264,"href":"https:\/\/imasklima.com.tr\/en\/wp-json\/wp\/v2\/pages\/3987\/revisions\/4264"}],"wp:attachment":[{"href":"https:\/\/imasklima.com.tr\/en\/wp-json\/wp\/v2\/media?parent=3987"}],"curies":[{"name":"wp","href":"https:\/\/api.w.org\/{rel}","templated":true}]}}