{"id":3984,"date":"2023-01-26T15:13:17","date_gmt":"2023-01-26T12:13:17","guid":{"rendered":"https:\/\/imasklima.com.tr\/en\/?page_id=3984"},"modified":"2023-06-02T09:25:19","modified_gmt":"2023-06-02T06:25:19","slug":"innovation","status":"publish","type":"page","link":"https:\/\/imasklima.com.tr\/en\/innovation\/","title":{"rendered":"Innovation"},"content":{"rendered":"<div id='urunler' aria-label='urunler' class='avia-section av-4l9sw0-3c7c759d89743a8427c024f152241116 main_color avia-section-default avia-no-border-styling  avia-builder-el-0  avia-builder-el-no-sibling  urunler urunler avia-bg-style-scroll container_wrap fullsize'  ><div class='container av-section-cont-open' ><main  role=\"main\" itemprop=\"mainContentOfPage\"  class='template-page content  av-content-full alpha units'><div class='post-entry post-entry-type-page post-entry-3984'><div class='entry-content-wrapper clearfix'>\n\n<style type=\"text\/css\" data-created_by=\"avia_inline_auto\" id=\"style-css-av-8c5jk-e716dfd32297a90ead2be59d180ba7df\">\n.flex_column.av-8c5jk-e716dfd32297a90ead2be59d180ba7df{\nwidth:100%;\n}\n<\/style>\n<div class='flex_column av-8c5jk-e716dfd32297a90ead2be59d180ba7df av_one_full  avia-builder-el-1  avia-builder-el-no-sibling  cevre cevre first flex_column_div '     id=\"cevre\"   aria-label='cevre' ><p>\n<style type=\"text\/css\" data-created_by=\"avia_inline_auto\" id=\"style-css-av-ldd239uc-b6741c6beede7e396d9b01b288bed90b\">\n#top .av-special-heading.av-ldd239uc-b6741c6beede7e396d9b01b288bed90b{\npadding-bottom:10px;\n}\nbody .av-special-heading.av-ldd239uc-b6741c6beede7e396d9b01b288bed90b .av-special-heading-tag .heading-char{\nfont-size:25px;\n}\n.av-special-heading.av-ldd239uc-b6741c6beede7e396d9b01b288bed90b .av-subheading{\nfont-size:15px;\n}\n<\/style>\n<div  id=\"baslik\"  class='av-special-heading av-ldd239uc-b6741c6beede7e396d9b01b288bed90b av-special-heading-h3 blockquote modern-quote modern-centered  avia-builder-el-2  el_before_av_textblock  avia-builder-el-first  baslik baslik'><div class='av-subheading av-subheading_above'><p>\u0130MAS \u0130KL\u0130MLEND\u0130RME<\/p>\n<\/div><h3 class='av-special-heading-tag'  itemprop=\"headline\"  >Innovation<\/h3><div class=\"special-heading-border\"><div class=\"special-heading-inner-border\"><\/div><\/div><\/div><br \/>\n<section  class='av_textblock_section av-ldd23gf7-0e8c83d7ed63a1f2efb6a5e48a5970f5'  itemscope=\"itemscope\" itemtype=\"https:\/\/schema.org\/CreativeWork\" ><div class='avia_textblock'  itemprop=\"text\" ><p>In the field of cooling, air conditioning and ventilation, cost-effective and efficient methods should be applied to regulate the climate in many different environments that can help improve the daily lives of people using these areas as well as environmental conditions.<br \/>\nWe fulfil the environmental needs with our innovative and expert team with our result-oriented approach in implementing solutions suitable for the organisational structure established in buildings. We provide unique comfort, safety and efficiency by responding to customer requirements and the needs expected to be solved, especially in systems to be used in industrial plants and production processes.<br \/>\nWe develop various products using 2D and 3D computer modelling with our team with innovative competence in the design of new products. In addition, we are a partner in the development and change in the industrial field with the R&amp;D project we carry out in the field of Cooling Towers and our test centre established for this purpose.<\/p>\n<\/div><\/section><\/p><\/div>\n","protected":false},"excerpt":{"rendered":"","protected":false},"author":1,"featured_media":0,"parent":0,"menu_order":0,"comment_status":"closed","ping_status":"closed","template":"","meta":{"footnotes":""},"class_list":["post-3984","page","type-page","status-publish","hentry"],"_links":{"self":[{"href":"https:\/\/imasklima.com.tr\/en\/wp-json\/wp\/v2\/pages\/3984","targetHints":{"allow":["GET"]}}],"collection":[{"href":"https:\/\/imasklima.com.tr\/en\/wp-json\/wp\/v2\/pages"}],"about":[{"href":"https:\/\/imasklima.com.tr\/en\/wp-json\/wp\/v2\/types\/page"}],"author":[{"embeddable":true,"href":"https:\/\/imasklima.com.tr\/en\/wp-json\/wp\/v2\/users\/1"}],"replies":[{"embeddable":true,"href":"https:\/\/imasklima.com.tr\/en\/wp-json\/wp\/v2\/comments?post=3984"}],"version-history":[{"count":3,"href":"https:\/\/imasklima.com.tr\/en\/wp-json\/wp\/v2\/pages\/3984\/revisions"}],"predecessor-version":[{"id":4261,"href":"https:\/\/imasklima.com.tr\/en\/wp-json\/wp\/v2\/pages\/3984\/revisions\/4261"}],"wp:attachment":[{"href":"https:\/\/imasklima.com.tr\/en\/wp-json\/wp\/v2\/media?parent=3984"}],"curies":[{"name":"wp","href":"https:\/\/api.w.org\/{rel}","templated":true}]}}