{"id":3975,"date":"2023-01-26T15:07:43","date_gmt":"2023-01-26T12:07:43","guid":{"rendered":"https:\/\/imasklima.com.tr\/en\/?page_id=3975"},"modified":"2023-06-05T09:28:45","modified_gmt":"2023-06-05T06:28:45","slug":"production","status":"publish","type":"page","link":"https:\/\/imasklima.com.tr\/en\/production\/","title":{"rendered":"PRODUCTION"},"content":{"rendered":"<div id='urunler' aria-label='urunler' class='avia-section av-va22cn-024abd41650f8939f2d400e48abb7050 main_color avia-section-default avia-no-border-styling  avia-builder-el-0  avia-builder-el-no-sibling  urunler urunler avia-bg-style-scroll container_wrap fullsize'  ><div class='container av-section-cont-open' ><main  role=\"main\" itemprop=\"mainContentOfPage\"  class='template-page content  av-content-full alpha units'><div class='post-entry post-entry-type-page post-entry-3975'><div class='entry-content-wrapper clearfix'>\n\n<style type=\"text\/css\" data-created_by=\"avia_inline_auto\" id=\"style-css-av-shx647-15d2d6d304c1d33b3b8a19181e432397\">\n#top .av-special-heading.av-shx647-15d2d6d304c1d33b3b8a19181e432397{\npadding-bottom:10px;\n}\nbody .av-special-heading.av-shx647-15d2d6d304c1d33b3b8a19181e432397 .av-special-heading-tag .heading-char{\nfont-size:25px;\n}\n.av-special-heading.av-shx647-15d2d6d304c1d33b3b8a19181e432397 .av-subheading{\nfont-size:15px;\n}\n<\/style>\n<div  id=\"satissonrasiservis\"  class='av-special-heading av-shx647-15d2d6d304c1d33b3b8a19181e432397 av-special-heading-h3 blockquote modern-quote modern-centered  avia-builder-el-1  el_before_av_one_half  avia-builder-el-first  baslik baslik'><div class='av-subheading av-subheading_above'><p>\u0130MAS \u0130KL\u0130MLEND\u0130RME<\/p>\n<\/div><h3 class='av-special-heading-tag'  itemprop=\"headline\"  >Production<\/h3><div class=\"special-heading-border\"><div class=\"special-heading-inner-border\"><\/div><\/div><\/div>\n<div class='flex_column_table av-rdt73b-0bf9014740ca202819a9b4e6faa04871 sc-av_one_half av-equal-height-column-flextable'>\n<style type=\"text\/css\" data-created_by=\"avia_inline_auto\" id=\"style-css-av-rdt73b-0bf9014740ca202819a9b4e6faa04871\">\n#top .flex_column_table.av-equal-height-column-flextable.av-rdt73b-0bf9014740ca202819a9b4e6faa04871{\nmargin-top:3%;\n}\n.flex_column.av-rdt73b-0bf9014740ca202819a9b4e6faa04871{\nwidth:48.5%;\nmargin-left:0;\n}\n#top .flex_column_table.av-equal-height-column-flextable.av-rdt73b-0bf9014740ca202819a9b4e6faa04871 .av-flex-placeholder{\nwidth:3%;\n}\n<\/style>\n<div class='flex_column av-rdt73b-0bf9014740ca202819a9b4e6faa04871 av_one_half  avia-builder-el-2  el_after_av_heading  el_before_av_one_half  kutu2 kutu2 first flex_column_table_cell av-equal-height-column av-align-top avia-link-column av-column-link '    data-link-column-url=\"https:\/\/imasklima.com.tr\/en\/innovation\/\"   id=\"kutu2\"  ><a class=\"av-screen-reader-only\" href=https:\/\/imasklima.com.tr\/en\/innovation\/ >Link to: Innovation<\/a><p><article  id=\"amoraikon\"  class='iconbox iconbox_left_content av-qenrjb-4228ba6123bb480577944eaf6739d095  avia-builder-el-3  el_before_av_codeblock  avia-builder-el-first  amoraikon amoraikon'  itemscope=\"itemscope\" itemtype=\"https:\/\/schema.org\/CreativeWork\" ><div class=\"iconbox_icon heading-color\" aria-hidden='true' data-av_icon='\ue912' data-av_iconfont='entypo-fontello'><\/div><div class=\"iconbox_content\"><header class=\"entry-content-header\"><h3 class='iconbox_content_title '  itemprop=\"headline\" >Innovation<\/h3><\/header><div class='iconbox_content_container '  itemprop=\"text\" ><p>In the field of cooling, air conditioning and ventilation, cost-effective and efficient methods should be applied to regulate the climate in many different environments that can help improve the daily lives of people using these areas as well as environmental conditions.<br \/>\nWe fulfil the environmental needs with our innovative and expert team with our result-oriented approach in implementing solutions suitable for the organisational structure established in buildings. We provide unique comfort, safety and efficiency by responding to customer requirements and the needs expected to be solved, especially in systems to be used in industrial plants and production processes.<br \/>\nWe develop various products using 2D and 3D computer modelling with our team with innovative competence in the design of new products. In addition, we are a partner in the development and change in the industrial field with the R&amp;D project we carry out in the field of Cooling Towers and our test centre established for this purpose.<\/p>\n<\/div><\/div><footer class=\"entry-footer\"><\/footer><\/article><br \/>\n<\/p><\/div><div class='av-flex-placeholder'><\/div>\n<style type=\"text\/css\" data-created_by=\"avia_inline_auto\" id=\"style-css-av-mw5kx3-d3300e65b6b4fcea18f61b533af9a186\">\n#top .flex_column_table.av-equal-height-column-flextable.av-mw5kx3-d3300e65b6b4fcea18f61b533af9a186{\nmargin-top:0px;\nmargin-bottom:0px;\n}\n.flex_column.av-mw5kx3-d3300e65b6b4fcea18f61b533af9a186{\nwidth:48.5%;\nmargin-left:0;\n}\n#top .flex_column_table.av-equal-height-column-flextable.av-mw5kx3-d3300e65b6b4fcea18f61b533af9a186 .av-flex-placeholder{\nwidth:3%;\n}\n<\/style>\n<div class='flex_column av-mw5kx3-d3300e65b6b4fcea18f61b533af9a186 av_one_half  avia-builder-el-5  el_after_av_one_half  el_before_av_one_half  kutu2 kutu2 flex_column_table_cell av-equal-height-column av-align-top avia-link-column av-column-link '    data-link-column-url=\"https:\/\/imasklima.com.tr\/en\/sustainability\/\"   id=\"kutu2\"  ><a class=\"av-screen-reader-only\" href=https:\/\/imasklima.com.tr\/en\/sustainability\/ >Link to: Sustainability<\/a><p><article  id=\"amoraikon\"  class='iconbox iconbox_left_content av-l8c5rr-e2ac256f269316f1edaa4b8a4bbe2f5c  avia-builder-el-6  el_before_av_codeblock  avia-builder-el-first  amoraikon amoraikon'  itemscope=\"itemscope\" itemtype=\"https:\/\/schema.org\/CreativeWork\" ><div class=\"iconbox_icon heading-color\" aria-hidden='true' data-av_icon='\ue912' data-av_iconfont='entypo-fontello'><\/div><div class=\"iconbox_content\"><header class=\"entry-content-header\"><h3 class='iconbox_content_title '  itemprop=\"headline\" >Sustainability<\/h3><\/header><div class='iconbox_content_container '  itemprop=\"text\" ><p>For us, sustainability means doing good for the planet while serving our employees, communities, customers and shareholders well.<br \/>\nWith the advances of today&#8217;s technology, there is a need for cooling, ventilation and air conditioning systems with low energy use, especially in industrial facilities. Many conditions must be met not only in industrial and commercial areas but also in modern buildings. Energy consumption should be minimised with the systems applied in these buildings.<br \/>\nAs \u0130MAS, we think forward in the cooling, air conditioning and ventilation systems we produce and we look at the work in a future-oriented way. Being aware of our responsibilities towards the environment, we adopt a determined sustainability approach. We promise our customers not only to provide products and services but also to fulfil energy efficiency targets and environmental responsibilities.<br \/>\nRecognising that the demand for sustainable business practices and environments is growing dramatically, we respond to this demand with a production approach that aims for sustainable comfort and efficiency. We provide the most realistic solutions to meet your requirements, ensuring maximum energy efficiency, optimised investment targets, environmental responsibility and innovative solutions for your buildings, commercial and industrial areas or public spaces.<\/p>\n<\/div><\/div><footer class=\"entry-footer\"><\/footer><\/article><br \/>\n<\/p><\/div><\/div><!--close column table wrapper. Autoclose: 1 --><div class='flex_column_table av-gx48nb-7b828db015a81b1af7f866a2de5b241b sc-av_one_half av-equal-height-column-flextable'>\n<style type=\"text\/css\" data-created_by=\"avia_inline_auto\" id=\"style-css-av-gx48nb-7b828db015a81b1af7f866a2de5b241b\">\n#top .flex_column_table.av-equal-height-column-flextable.av-gx48nb-7b828db015a81b1af7f866a2de5b241b{\nmargin-top:3%;\nmargin-bottom:0px;\n}\n.flex_column.av-gx48nb-7b828db015a81b1af7f866a2de5b241b{\nwidth:48.5%;\nmargin-left:0;\n}\n#top .flex_column_table.av-equal-height-column-flextable.av-gx48nb-7b828db015a81b1af7f866a2de5b241b .av-flex-placeholder{\nwidth:3%;\n}\n<\/style>\n<div class='flex_column av-gx48nb-7b828db015a81b1af7f866a2de5b241b av_one_half  avia-builder-el-8  el_after_av_one_half  el_before_av_one_half  kutu2 kutu2 first flex_column_table_cell av-equal-height-column av-align-top avia-link-column av-column-link column-top-margin'    data-link-column-url=\"https:\/\/imasklima.com.tr\/en\/technology\/\"   id=\"kutu2\"  ><a class=\"av-screen-reader-only\" href=https:\/\/imasklima.com.tr\/en\/technology\/ >Link to: Technology<\/a><p><article  id=\"amoraikon\"  class='iconbox iconbox_left_content av-fe1fh3-0eb97535ff36cdc7efdfa9a65251e756  avia-builder-el-9  el_before_av_codeblock  avia-builder-el-first  amoraikon amoraikon'  itemscope=\"itemscope\" itemtype=\"https:\/\/schema.org\/CreativeWork\" ><div class=\"iconbox_icon heading-color\" aria-hidden='true' data-av_icon='\ue912' data-av_iconfont='entypo-fontello'><\/div><div class=\"iconbox_content\"><header class=\"entry-content-header\"><h3 class='iconbox_content_title '  itemprop=\"headline\" >Technology<\/h3><\/header><div class='iconbox_content_container '  itemprop=\"text\" ><p>As technology advances, designs and productions in the field of cooling, air conditioning and ventilation require more sustainable solutions in order to move the world forward.<br \/>\nAs IMAS, following the establishment of the company, we realized the first domestic industrial air conditioner production and the first domestic escalator production. In this direction, we have been one of the pioneers of the air conditioning sector with new technologies for half a century with our approach that keeps pace with technology. Since the first day, we have offered superior quality products and privileged service understanding to the service of distinguished organizations in Turkey.<br \/>\nAs \u0130mas, thanks to the value we attach to technological developments, we continue our work on technology, which is part of the sustainable journey, by contributing to both the national economy and the progress of the sector, and we design the most suitable systems for you. We continue our production with innovative, sustainable technologies for air conditioning in industrial and commercial buildings, residences and public spaces, and we maintain this technological approach on the products we import.<\/p>\n<\/div><\/div><footer class=\"entry-footer\"><\/footer><\/article><br \/>\n<\/p><\/div><div class='av-flex-placeholder'><\/div>\n<style type=\"text\/css\" data-created_by=\"avia_inline_auto\" id=\"style-css-av-38rtxz-d0acc269996a12526f9c808d29b0259f\">\n#top .flex_column_table.av-equal-height-column-flextable.av-38rtxz-d0acc269996a12526f9c808d29b0259f{\nmargin-top:0px;\nmargin-bottom:0px;\n}\n.flex_column.av-38rtxz-d0acc269996a12526f9c808d29b0259f{\nwidth:48.5%;\nmargin-left:0;\n}\n#top .flex_column_table.av-equal-height-column-flextable.av-38rtxz-d0acc269996a12526f9c808d29b0259f .av-flex-placeholder{\nwidth:3%;\n}\n<\/style>\n<div class='flex_column av-38rtxz-d0acc269996a12526f9c808d29b0259f av_one_half  avia-builder-el-11  el_after_av_one_half  avia-builder-el-last  flex_column_table_cell av-equal-height-column av-align-top column-top-margin'     ><\/div><\/div><!--close column table wrapper. Autoclose: 1 -->\n","protected":false},"excerpt":{"rendered":"","protected":false},"author":1,"featured_media":0,"parent":0,"menu_order":0,"comment_status":"closed","ping_status":"closed","template":"","meta":{"footnotes":""},"class_list":["post-3975","page","type-page","status-publish","hentry"],"_links":{"self":[{"href":"https:\/\/imasklima.com.tr\/en\/wp-json\/wp\/v2\/pages\/3975","targetHints":{"allow":["GET"]}}],"collection":[{"href":"https:\/\/imasklima.com.tr\/en\/wp-json\/wp\/v2\/pages"}],"about":[{"href":"https:\/\/imasklima.com.tr\/en\/wp-json\/wp\/v2\/types\/page"}],"author":[{"embeddable":true,"href":"https:\/\/imasklima.com.tr\/en\/wp-json\/wp\/v2\/users\/1"}],"replies":[{"embeddable":true,"href":"https:\/\/imasklima.com.tr\/en\/wp-json\/wp\/v2\/comments?post=3975"}],"version-history":[{"count":13,"href":"https:\/\/imasklima.com.tr\/en\/wp-json\/wp\/v2\/pages\/3975\/revisions"}],"predecessor-version":[{"id":4429,"href":"https:\/\/imasklima.com.tr\/en\/wp-json\/wp\/v2\/pages\/3975\/revisions\/4429"}],"wp:attachment":[{"href":"https:\/\/imasklima.com.tr\/en\/wp-json\/wp\/v2\/media?parent=3975"}],"curies":[{"name":"wp","href":"https:\/\/api.w.org\/{rel}","templated":true}]}}