{"id":3946,"date":"2023-01-26T14:26:12","date_gmt":"2023-01-26T11:26:12","guid":{"rendered":"https:\/\/imasklima.com.tr\/en\/?page_id=3946"},"modified":"2023-06-05T09:18:28","modified_gmt":"2023-06-05T06:18:28","slug":"our-services","status":"publish","type":"page","link":"https:\/\/imasklima.com.tr\/en\/our-services\/","title":{"rendered":"OUR SERVICES"},"content":{"rendered":"<div id='urunler' aria-label='urunler' class='avia-section av-vpnenu-2ea38e264a8a61be02fcdab96f88b6cc main_color avia-section-default avia-no-border-styling  avia-builder-el-0  avia-builder-el-no-sibling  urunler urunler avia-bg-style-scroll container_wrap fullsize'  ><div class='container av-section-cont-open' ><main  role=\"main\" itemprop=\"mainContentOfPage\"  class='template-page content  av-content-full alpha units'><div class='post-entry post-entry-type-page post-entry-3946'><div class='entry-content-wrapper clearfix'>\n\n<style type=\"text\/css\" data-created_by=\"avia_inline_auto\" id=\"style-css-av-b7w2y-3749092bf4a96eb58bff821fdd906bb3\">\n.flex_column.av-b7w2y-3749092bf4a96eb58bff821fdd906bb3{\nwidth:100%;\n}\n<\/style>\n<div class='flex_column av-b7w2y-3749092bf4a96eb58bff821fdd906bb3 av_one_full  avia-builder-el-1  el_before_av_heading  avia-builder-el-first  cevre cevre first flex_column_div '     id=\"cevre\"   aria-label='cevre' ><p>\n<style type=\"text\/css\" data-created_by=\"avia_inline_auto\" id=\"style-css-av-ldd0erkk-8abbcc335b06f1b222b2a1b9b75789b5\">\n#top .av-special-heading.av-ldd0erkk-8abbcc335b06f1b222b2a1b9b75789b5{\npadding-bottom:10px;\n}\nbody .av-special-heading.av-ldd0erkk-8abbcc335b06f1b222b2a1b9b75789b5 .av-special-heading-tag .heading-char{\nfont-size:25px;\n}\n.av-special-heading.av-ldd0erkk-8abbcc335b06f1b222b2a1b9b75789b5 .av-subheading{\nfont-size:15px;\n}\n<\/style>\n<div  id=\"baslik\"  class='av-special-heading av-ldd0erkk-8abbcc335b06f1b222b2a1b9b75789b5 av-special-heading-h3 blockquote modern-quote modern-centered  avia-builder-el-2  el_before_av_textblock  avia-builder-el-first  baslik baslik'><div class='av-subheading av-subheading_above'><p>\u0130MAS \u0130KL\u0130MLEND\u0130RME<\/p>\n<\/div><h3 class='av-special-heading-tag'  itemprop=\"headline\"  >CONSULTING<\/h3><div class=\"special-heading-border\"><div class=\"special-heading-inner-border\"><\/div><\/div><\/div><br \/>\n<section  class='av_textblock_section av-ldd0feuc-e1cddc5e100e84aba72d965b2142184b'  itemscope=\"itemscope\" itemtype=\"https:\/\/schema.org\/CreativeWork\" ><div class='avia_textblock'  itemprop=\"text\" ><p>Since cooling, air conditioning and ventilation systems and equipment will affect the entire project, each equipment is extremely important. Regardless of the sector, it is necessary to examine all the details to the finest detail during the project design phase in order to ensure efficient operation of the systems, energy efficiency and to obtain solutions for the needs.<br \/>\nFrom the moment you first get in contact with us for your requirements, you will be welcomed as a business partner, not a potential customer of IMAS. With our team of experts, we meticulously analyze your problems and create unique solutions together with you. In line with the demands of our customers and the requirements of international standards, we carry out our services arising from all kinds of industrial and general needs with a strong organizational structure and experienced staff.<br \/>\nIn the fields of cooling, air conditioning and ventilation in buildings, commercial areas, industrial areas and public areas, we offer our system and product suitable for your project or we solve your problems in the production process by adapting the system to your project.<\/p>\n<\/div><\/section><\/p><\/div>\n<style type=\"text\/css\" data-created_by=\"avia_inline_auto\" id=\"style-css-av-ldd1hf32-e28705b6528b6f94ba794babdcbb487e\">\n#top .av-special-heading.av-ldd1hf32-e28705b6528b6f94ba794babdcbb487e{\npadding-bottom:10px;\n}\nbody .av-special-heading.av-ldd1hf32-e28705b6528b6f94ba794babdcbb487e .av-special-heading-tag .heading-char{\nfont-size:25px;\n}\n.av-special-heading.av-ldd1hf32-e28705b6528b6f94ba794babdcbb487e .av-subheading{\nfont-size:15px;\n}\n<\/style>\n<div  id=\"satissonrasiservis\"  class='av-special-heading av-ldd1hf32-e28705b6528b6f94ba794babdcbb487e av-special-heading-h3 blockquote modern-quote modern-centered  avia-builder-el-4  el_after_av_one_full  el_before_av_one_half  baslik baslik'><div class='av-subheading av-subheading_above'><p>SERVICE SERVICES<\/p>\n<\/div><h3 class='av-special-heading-tag'  itemprop=\"headline\"  >Our After Sales Services<\/h3><div class=\"special-heading-border\"><div class=\"special-heading-inner-border\"><\/div><\/div><\/div>\n<div class='flex_column_table av-ldd0y4r2-62ee559c8d2db56b13c900ee1ed88655 sc-av_one_half av-equal-height-column-flextable'>\n<style type=\"text\/css\" data-created_by=\"avia_inline_auto\" id=\"style-css-av-ldd0y4r2-62ee559c8d2db56b13c900ee1ed88655\">\n#top .flex_column_table.av-equal-height-column-flextable.av-ldd0y4r2-62ee559c8d2db56b13c900ee1ed88655{\nmargin-top:3%;\n}\n.flex_column.av-ldd0y4r2-62ee559c8d2db56b13c900ee1ed88655{\nwidth:48.5%;\nmargin-left:0;\n}\n#top .flex_column_table.av-equal-height-column-flextable.av-ldd0y4r2-62ee559c8d2db56b13c900ee1ed88655 .av-flex-placeholder{\nwidth:3%;\n}\n<\/style>\n<div class='flex_column av-ldd0y4r2-62ee559c8d2db56b13c900ee1ed88655 av_one_half  avia-builder-el-5  el_after_av_heading  el_before_av_one_half  kutu2 kutu2 first flex_column_table_cell av-equal-height-column av-align-top avia-link-column av-column-link '    data-link-column-url=\"https:\/\/imasklima.com.tr\/en\/contact\/\"   id=\"kutu2\"  ><a class=\"av-screen-reader-only\" href=https:\/\/imasklima.com.tr\/en\/contact\/ >Link to: CONTACT<\/a><p><article  id=\"amoraikon\"  class='iconbox iconbox_left_content av-ldd0zgjd-33bdfe2b1f27695911c6e57a2dd848aa  avia-builder-el-6  el_before_av_codeblock  avia-builder-el-first  amoraikon amoraikon'  itemscope=\"itemscope\" itemtype=\"https:\/\/schema.org\/CreativeWork\" ><div class=\"iconbox_icon heading-color\" aria-hidden='true' data-av_icon='\ue912' data-av_iconfont='entypo-fontello'><\/div><div class=\"iconbox_content\"><header class=\"entry-content-header\"><h3 class='iconbox_content_title '  itemprop=\"headline\" >COMMISSIONING<\/h3><\/header><div class='iconbox_content_container '  itemprop=\"text\" ><p>The domestic and international commissioning of the units, which we carry out sales and manufacturing processes and all of the tests have been carried out in the factory environment, are carried out by our central service or our authorised service.<\/p>\n<\/div><\/div><footer class=\"entry-footer\"><\/footer><\/article><br \/>\n<\/p><\/div><div class='av-flex-placeholder'><\/div>\n<style type=\"text\/css\" data-created_by=\"avia_inline_auto\" id=\"style-css-av-b0yumy-9983ae1364c0f1c691102bc2eaaf18a1\">\n#top .flex_column_table.av-equal-height-column-flextable.av-b0yumy-9983ae1364c0f1c691102bc2eaaf18a1{\nmargin-top:0px;\nmargin-bottom:0px;\n}\n.flex_column.av-b0yumy-9983ae1364c0f1c691102bc2eaaf18a1{\nwidth:48.5%;\nmargin-left:0;\n}\n#top .flex_column_table.av-equal-height-column-flextable.av-b0yumy-9983ae1364c0f1c691102bc2eaaf18a1 .av-flex-placeholder{\nwidth:3%;\n}\n<\/style>\n<div class='flex_column av-b0yumy-9983ae1364c0f1c691102bc2eaaf18a1 av_one_half  avia-builder-el-8  el_after_av_one_half  el_before_av_one_half  kutu2 kutu2 flex_column_table_cell av-equal-height-column av-align-top avia-link-column av-column-link '    data-link-column-url=\"https:\/\/imasklima.com.tr\/en\/contact\/\"   id=\"kutu2\"  ><a class=\"av-screen-reader-only\" href=https:\/\/imasklima.com.tr\/en\/contact\/ >Link to: CONTACT<\/a><p><article  id=\"amoraikon\"  class='iconbox iconbox_left_content av-9i042i-8674b807f2f0ad3dbb220813cbcab872  avia-builder-el-9  el_before_av_codeblock  avia-builder-el-first  amoraikon amoraikon'  itemscope=\"itemscope\" itemtype=\"https:\/\/schema.org\/CreativeWork\" ><div class=\"iconbox_icon heading-color\" aria-hidden='true' data-av_icon='\ue912' data-av_iconfont='entypo-fontello'><\/div><div class=\"iconbox_content\"><header class=\"entry-content-header\"><h3 class='iconbox_content_title '  itemprop=\"headline\" >COMPRESSOR REPAIR<\/h3><\/header><div class='iconbox_content_container '  itemprop=\"text\" ><p>With our 43 years of experience and our specialized team, we provide service spare parts for compressors such as Copeland, Bitzer, Dorin, Frascold, and Refcomp<\/p>\n<\/div><\/div><footer class=\"entry-footer\"><\/footer><\/article><br \/>\n<\/p><\/div><\/div><!--close column table wrapper. Autoclose: 1 --><div class='flex_column_table av-7k8yu2-15be55fe3c6951539bbc09a0150e621e sc-av_one_half av-equal-height-column-flextable'>\n<style type=\"text\/css\" data-created_by=\"avia_inline_auto\" id=\"style-css-av-7k8yu2-15be55fe3c6951539bbc09a0150e621e\">\n#top .flex_column_table.av-equal-height-column-flextable.av-7k8yu2-15be55fe3c6951539bbc09a0150e621e{\nmargin-top:3%;\nmargin-bottom:0px;\n}\n.flex_column.av-7k8yu2-15be55fe3c6951539bbc09a0150e621e{\nwidth:48.5%;\nmargin-left:0;\n}\n#top .flex_column_table.av-equal-height-column-flextable.av-7k8yu2-15be55fe3c6951539bbc09a0150e621e .av-flex-placeholder{\nwidth:3%;\n}\n<\/style>\n<div class='flex_column av-7k8yu2-15be55fe3c6951539bbc09a0150e621e av_one_half  avia-builder-el-11  el_after_av_one_half  el_before_av_one_half  kutu2 kutu2 first flex_column_table_cell av-equal-height-column av-align-top avia-link-column av-column-link column-top-margin'    data-link-column-url=\"https:\/\/imasklima.com.tr\/en\/contact\/\"   id=\"kutu2\"  ><a class=\"av-screen-reader-only\" href=https:\/\/imasklima.com.tr\/en\/contact\/ >Link to: CONTACT<\/a><p><article  id=\"amoraikon\"  class='iconbox iconbox_left_content av-ldd1ikz3-a8f9f90bdf95f8ad3bfb143ff546bf1d  avia-builder-el-12  el_before_av_codeblock  avia-builder-el-first  amoraikon amoraikon'  itemscope=\"itemscope\" itemtype=\"https:\/\/schema.org\/CreativeWork\" ><div class=\"iconbox_icon heading-color\" aria-hidden='true' data-av_icon='\ue912' data-av_iconfont='entypo-fontello'><\/div><div class=\"iconbox_content\"><header class=\"entry-content-header\"><h3 class='iconbox_content_title '  itemprop=\"headline\" >EQUIPMENT REPAIR<\/h3><\/header><div class='iconbox_content_container '  itemprop=\"text\" ><p>Repairs of chiller units and air conditioners by using original or same quality materials with our expert team within \u0130MAS A\u015e<\/p>\n<\/div><\/div><footer class=\"entry-footer\"><\/footer><\/article><br \/>\n<\/p><\/div><div class='av-flex-placeholder'><\/div>\n<style type=\"text\/css\" data-created_by=\"avia_inline_auto\" id=\"style-css-av-fxfh6-615ae9c0b7f720bcf38e43b8c053fbbd\">\n#top .flex_column_table.av-equal-height-column-flextable.av-fxfh6-615ae9c0b7f720bcf38e43b8c053fbbd{\nmargin-top:0px;\nmargin-bottom:0px;\n}\n.flex_column.av-fxfh6-615ae9c0b7f720bcf38e43b8c053fbbd{\nwidth:48.5%;\nmargin-left:0;\n}\n#top .flex_column_table.av-equal-height-column-flextable.av-fxfh6-615ae9c0b7f720bcf38e43b8c053fbbd .av-flex-placeholder{\nwidth:3%;\n}\n<\/style>\n<div class='flex_column av-fxfh6-615ae9c0b7f720bcf38e43b8c053fbbd av_one_half  avia-builder-el-14  el_after_av_one_half  el_before_av_one_half  kutu2 kutu2 flex_column_table_cell av-equal-height-column av-align-top avia-link-column av-column-link column-top-margin'    data-link-column-url=\"https:\/\/imasklima.com.tr\/en\/contact\/\"   id=\"kutu2\"  ><a class=\"av-screen-reader-only\" href=https:\/\/imasklima.com.tr\/en\/contact\/ >Link to: CONTACT<\/a><p><article  id=\"amoraikon\"  class='iconbox iconbox_left_content av-ldd1ixj8-097d0e5be6a4b992f67d81fa4f4c4589  avia-builder-el-15  el_before_av_codeblock  avia-builder-el-first  amoraikon amoraikon'  itemscope=\"itemscope\" itemtype=\"https:\/\/schema.org\/CreativeWork\" ><div class=\"iconbox_icon heading-color\" aria-hidden='true' data-av_icon='\ue912' data-av_iconfont='entypo-fontello'><\/div><div class=\"iconbox_content\"><header class=\"entry-content-header\"><h3 class='iconbox_content_title '  itemprop=\"headline\" >PERIODICAL MAINTENANCE<\/h3><\/header><div class='iconbox_content_container '  itemprop=\"text\" ><p>The main purpose of periodic maintenance can be regarded as eliminating possible problems before the failure of the units operating in your system, taking early precautions and distancing the business from high-cost problems as much as possible, preventing loss of efficiency due to the decrease in the performance of the system and extending the life of the system. In this context, it would be beneficial to carry out the related maintenance by a professional and expert team. \u0130MAS A\u015e service team is at your service for maintenance services.<\/p>\n<\/div><\/div><footer class=\"entry-footer\"><\/footer><\/article><br \/>\n<\/p><\/div><\/div><!--close column table wrapper. Autoclose: 1 --><div class='flex_column_table av-3hdz1m-4ed43c4f0b5560d83f28af8839b373f4 sc-av_one_half av-equal-height-column-flextable'>\n<style type=\"text\/css\" data-created_by=\"avia_inline_auto\" id=\"style-css-av-3hdz1m-4ed43c4f0b5560d83f28af8839b373f4\">\n#top .flex_column_table.av-equal-height-column-flextable.av-3hdz1m-4ed43c4f0b5560d83f28af8839b373f4{\nmargin-top:3%;\nmargin-bottom:0px;\n}\n.flex_column.av-3hdz1m-4ed43c4f0b5560d83f28af8839b373f4{\nwidth:48.5%;\nmargin-left:0;\n}\n#top .flex_column_table.av-equal-height-column-flextable.av-3hdz1m-4ed43c4f0b5560d83f28af8839b373f4 .av-flex-placeholder{\nwidth:3%;\n}\n<\/style>\n<div class='flex_column av-3hdz1m-4ed43c4f0b5560d83f28af8839b373f4 av_one_half  avia-builder-el-17  el_after_av_one_half  el_before_av_one_half  kutu2 kutu2 first flex_column_table_cell av-equal-height-column av-align-top avia-link-column av-column-link column-top-margin'    data-link-column-url=\"https:\/\/imasklima.com.tr\/en\/contact\/\"   id=\"kutu2\"  ><a class=\"av-screen-reader-only\" href=https:\/\/imasklima.com.tr\/en\/contact\/ >Link to: CONTACT<\/a><p><article  id=\"amoraikon\"  class='iconbox iconbox_left_content av-ldd1pqac-a3809291e1eb170cba45305a0e2fb762  avia-builder-el-18  el_before_av_codeblock  avia-builder-el-first  amoraikon amoraikon'  itemscope=\"itemscope\" itemtype=\"https:\/\/schema.org\/CreativeWork\" ><div class=\"iconbox_icon heading-color\" aria-hidden='true' data-av_icon='\ue912' data-av_iconfont='entypo-fontello'><\/div><div class=\"iconbox_content\"><header class=\"entry-content-header\"><h3 class='iconbox_content_title '  itemprop=\"headline\" >SPARE PARTS SALES<\/h3><\/header><div class='iconbox_content_container '  itemprop=\"text\" ><p>We offer you, our customers, the original IMAS spare parts you need to extend the life of your products, thus taking realistic steps in our effort to be technological and sustainable.<\/p>\n<\/div><\/div><footer class=\"entry-footer\"><\/footer><\/article><br \/>\n<\/p><\/div><div class='av-flex-placeholder'><\/div>\n<style type=\"text\/css\" data-created_by=\"avia_inline_auto\" id=\"style-css-av-1xkdd6-50b0b06804af490e8d47f2ae7c7d83bc\">\n#top .flex_column_table.av-equal-height-column-flextable.av-1xkdd6-50b0b06804af490e8d47f2ae7c7d83bc{\nmargin-top:0px;\nmargin-bottom:0px;\n}\n.flex_column.av-1xkdd6-50b0b06804af490e8d47f2ae7c7d83bc{\nwidth:48.5%;\nmargin-left:0;\n}\n#top .flex_column_table.av-equal-height-column-flextable.av-1xkdd6-50b0b06804af490e8d47f2ae7c7d83bc .av-flex-placeholder{\nwidth:3%;\n}\n<\/style>\n<div class='flex_column av-1xkdd6-50b0b06804af490e8d47f2ae7c7d83bc av_one_half  avia-builder-el-20  el_after_av_one_half  avia-builder-el-last  flex_column_table_cell av-equal-height-column av-align-top column-top-margin'     ><\/div><\/div><!--close column table wrapper. Autoclose: 1 -->\n","protected":false},"excerpt":{"rendered":"","protected":false},"author":1,"featured_media":0,"parent":0,"menu_order":0,"comment_status":"closed","ping_status":"closed","template":"","meta":{"footnotes":""},"class_list":["post-3946","page","type-page","status-publish","hentry"],"_links":{"self":[{"href":"https:\/\/imasklima.com.tr\/en\/wp-json\/wp\/v2\/pages\/3946","targetHints":{"allow":["GET"]}}],"collection":[{"href":"https:\/\/imasklima.com.tr\/en\/wp-json\/wp\/v2\/pages"}],"about":[{"href":"https:\/\/imasklima.com.tr\/en\/wp-json\/wp\/v2\/types\/page"}],"author":[{"embeddable":true,"href":"https:\/\/imasklima.com.tr\/en\/wp-json\/wp\/v2\/users\/1"}],"replies":[{"embeddable":true,"href":"https:\/\/imasklima.com.tr\/en\/wp-json\/wp\/v2\/comments?post=3946"}],"version-history":[{"count":27,"href":"https:\/\/imasklima.com.tr\/en\/wp-json\/wp\/v2\/pages\/3946\/revisions"}],"predecessor-version":[{"id":4296,"href":"https:\/\/imasklima.com.tr\/en\/wp-json\/wp\/v2\/pages\/3946\/revisions\/4296"}],"wp:attachment":[{"href":"https:\/\/imasklima.com.tr\/en\/wp-json\/wp\/v2\/media?parent=3946"}],"curies":[{"name":"wp","href":"https:\/\/api.w.org\/{rel}","templated":true}]}}