{"id":3606,"date":"2022-12-07T14:30:18","date_gmt":"2022-12-07T11:30:18","guid":{"rendered":"https:\/\/imasklima.com.tr\/en\/?page_id=3606"},"modified":"2023-06-02T09:48:55","modified_gmt":"2023-06-02T06:48:55","slug":"corporate","status":"publish","type":"page","link":"https:\/\/imasklima.com.tr\/en\/corporate\/","title":{"rendered":"CORPORATE"},"content":{"rendered":"<div id='urunler' aria-label='urunler' class='avia-section av-wlrb1y-fc8e49d3043834899c535b6d3d1ea7e7 main_color avia-section-default avia-no-border-styling  avia-builder-el-0  avia-builder-el-no-sibling  urunler urunler avia-bg-style-scroll container_wrap fullsize'  ><div class='container av-section-cont-open' ><main  role=\"main\" itemprop=\"mainContentOfPage\"  class='template-page content  av-content-full alpha units'><div class='post-entry post-entry-type-page post-entry-3606'><div class='entry-content-wrapper clearfix'>\n\n<style type=\"text\/css\" data-created_by=\"avia_inline_auto\" id=\"style-css-av-ldcxg8wn-b86e56f98009bc711aff0dc2ec192e12\">\n#top .av-special-heading.av-ldcxg8wn-b86e56f98009bc711aff0dc2ec192e12{\npadding-bottom:10px;\n}\nbody .av-special-heading.av-ldcxg8wn-b86e56f98009bc711aff0dc2ec192e12 .av-special-heading-tag .heading-char{\nfont-size:25px;\n}\n.av-special-heading.av-ldcxg8wn-b86e56f98009bc711aff0dc2ec192e12 .av-subheading{\nfont-size:15px;\n}\n<\/style>\n<div  id=\"baslik\"  class='av-special-heading av-ldcxg8wn-b86e56f98009bc711aff0dc2ec192e12 av-special-heading-h3 blockquote modern-quote modern-centered  avia-builder-el-1  el_before_av_one_full  avia-builder-el-first  baslik baslik'><div class='av-subheading av-subheading_above'><p>\u0130MAS \u0130KL\u0130MLEND\u0130RME<\/p>\n<\/div><h3 class='av-special-heading-tag'  itemprop=\"headline\"  >About Us<\/h3><div class=\"special-heading-border\"><div class=\"special-heading-inner-border\"><\/div><\/div><\/div>\n<div class='flex_column av-2o2so6-1d745d0fcf099eac785d19b937bb6051 av_one_full  avia-builder-el-2  el_after_av_heading  el_before_av_one_full  first flex_column_div '     ><p>\n<style type=\"text\/css\" data-created_by=\"avia_inline_auto\" id=\"style-css-av-ldcxkklf-17b8a94aa476194bd2b021a8b7091741\">\n.avia-image-container.av-ldcxkklf-17b8a94aa476194bd2b021a8b7091741 img.avia_image{\nbox-shadow:none;\n}\n.avia-image-container.av-ldcxkklf-17b8a94aa476194bd2b021a8b7091741 .av-image-caption-overlay-center{\ncolor:#ffffff;\n}\n<\/style>\n<div  class='avia-image-container av-ldcxkklf-17b8a94aa476194bd2b021a8b7091741 av-styling- avia-align-center  avia-builder-el-3  el_before_av_codeblock  avia-builder-el-first '   itemprop=\"image\" itemscope=\"itemscope\" itemtype=\"https:\/\/schema.org\/ImageObject\" ><div class=\"avia-image-container-inner\"><div class=\"avia-image-overlay-wrap\"><img decoding=\"async\" class='wp-image-3901 avia-img-lazy-loading-not-3901 avia_image ' src=\"https:\/\/imasklima.com.tr\/en\/wp-content\/uploads\/2023\/01\/imas-klima.png\" alt='' title='imas-klima'  height=\"458\" width=\"1192\"  itemprop=\"thumbnailUrl\" srcset=\"https:\/\/imasklima.com.tr\/en\/wp-content\/uploads\/2023\/01\/imas-klima.png 1192w, https:\/\/imasklima.com.tr\/en\/wp-content\/uploads\/2023\/01\/imas-klima-300x115.png 300w, https:\/\/imasklima.com.tr\/en\/wp-content\/uploads\/2023\/01\/imas-klima-1030x396.png 1030w, https:\/\/imasklima.com.tr\/en\/wp-content\/uploads\/2023\/01\/imas-klima-768x295.png 768w, https:\/\/imasklima.com.tr\/en\/wp-content\/uploads\/2023\/01\/imas-klima-705x271.png 705w\" sizes=\"(max-width: 1192px) 100vw, 1192px\" \/><\/div><\/div><\/div><br \/>\n<\/p><\/div>\n<style type=\"text\/css\" data-created_by=\"avia_inline_auto\" id=\"style-css-av-32p7ae-4b30bcf64119b1a8dac53debf3c6c8a3\">\n#top .flex_column.av-32p7ae-4b30bcf64119b1a8dac53debf3c6c8a3{\nmargin-top:-3%;\nmargin-bottom:0px;\n}\n.flex_column.av-32p7ae-4b30bcf64119b1a8dac53debf3c6c8a3{\nwidth:100%;\n}\n.responsive #top #wrap_all .flex_column.av-32p7ae-4b30bcf64119b1a8dac53debf3c6c8a3{\nmargin-top:-3%;\nmargin-bottom:0px;\n}\n<\/style>\n<div class='flex_column av-32p7ae-4b30bcf64119b1a8dac53debf3c6c8a3 av_one_full  avia-builder-el-5  el_after_av_one_full  avia-builder-el-last  cevre cevre first flex_column_div column-top-margin'     id=\"cevre\"   aria-label='cevre' ><section  class='av_textblock_section av-ldcxgk4j-83874cb36e2effc87bf9ce08cfa8446e'  itemscope=\"itemscope\" itemtype=\"https:\/\/schema.org\/CreativeWork\" ><div class='avia_textblock'  itemprop=\"text\" ><p>As Imas, we offer innovative products and solutions in the areas of cooling, air conditioning and ventilation for commercial, industrial, institutional buildings and residences. Our expertise in air conditioning combines technology and engineering with our experience and global vision; we increase the quality of the product in the areas where our customers work &amp; live and the product in the production process.<br \/>\nDuring our half century of production and marketing experience in the air conditioning sector, we have been the pioneer and implementer of many innovative ideas. In our modern factory in Izmir, air and water cooled split and package type air conditioners, radial-axial fan, open-closed type water cooling tower, fancoil units, special type air conditioning systems, precision controlled air conditioners, water chillers, unit heaters, power plants and ventilation cells are produced. Our factory, which is among the leading facilities of our country in terms of its world-class technology and capabilities, is one of the few facilities in the air conditioning sector that can produce products in this range.<br \/>\nIn the air conditioning sector, we establish international partnerships in order to fully meet the expectations and needs of our customers. With the world brands we distribute, Nicotra Gebhardt and Bluebox, we keep step with the changing necessity of the era and we contribute directly to the progress of our customers with innovative and technological products<br \/>\nImas, using the latest technologies around the world, takes our services to the highest level; We continue to grow with our principles targeting quality, stability and success.<\/p>\n<\/div><\/section><\/div>\n","protected":false},"excerpt":{"rendered":"","protected":false},"author":1,"featured_media":0,"parent":0,"menu_order":0,"comment_status":"closed","ping_status":"closed","template":"","meta":{"footnotes":""},"class_list":["post-3606","page","type-page","status-publish","hentry"],"_links":{"self":[{"href":"https:\/\/imasklima.com.tr\/en\/wp-json\/wp\/v2\/pages\/3606","targetHints":{"allow":["GET"]}}],"collection":[{"href":"https:\/\/imasklima.com.tr\/en\/wp-json\/wp\/v2\/pages"}],"about":[{"href":"https:\/\/imasklima.com.tr\/en\/wp-json\/wp\/v2\/types\/page"}],"author":[{"embeddable":true,"href":"https:\/\/imasklima.com.tr\/en\/wp-json\/wp\/v2\/users\/1"}],"replies":[{"embeddable":true,"href":"https:\/\/imasklima.com.tr\/en\/wp-json\/wp\/v2\/comments?post=3606"}],"version-history":[{"count":21,"href":"https:\/\/imasklima.com.tr\/en\/wp-json\/wp\/v2\/pages\/3606\/revisions"}],"predecessor-version":[{"id":4288,"href":"https:\/\/imasklima.com.tr\/en\/wp-json\/wp\/v2\/pages\/3606\/revisions\/4288"}],"wp:attachment":[{"href":"https:\/\/imasklima.com.tr\/en\/wp-json\/wp\/v2\/media?parent=3606"}],"curies":[{"name":"wp","href":"https:\/\/api.w.org\/{rel}","templated":true}]}}